{"id":53,"date":"2025-12-09T12:36:07","date_gmt":"2025-12-09T12:36:07","guid":{"rendered":"https:\/\/gcas.ie\/?page_id=53"},"modified":"2026-02-10T13:34:37","modified_gmt":"2026-02-10T13:34:37","slug":"master-of-arts-theology","status":"publish","type":"page","link":"https:\/\/gcas.ie\/ga\/master-of-arts-theology\/","title":{"rendered":"M\u00e1istreacht san Diagacht"},"content":{"rendered":"","protected":false},"excerpt":{"rendered":"","protected":false},"author":8678545,"featured_media":3112,"parent":0,"menu_order":0,"comment_status":"closed","ping_status":"closed","template":"template-program.php","meta":{"_crdt_document":"","publish_to_discourse":"","publish_post_category":"","wpdc_auto_publish_overridden":"","wpdc_topic_tags":"","wpdc_pin_topic":"","wpdc_pin_until":"","discourse_post_id":"","discourse_permalink":"","wpdc_publishing_response":"","wpdc_publishing_error":"","jetpack_post_was_ever_published":true,"footnotes":""},"class_list":["post-53","page","type-page","status-publish","has-post-thumbnail","hentry"],"yoast_head":"<!-- This site is optimized with the Yoast SEO Premium plugin v27.2 (Yoast SEO v27.2) - https:\/\/yoast.com\/product\/yoast-seo-premium-wordpress\/ -->\n<title>MA Theology - The Global Centre for Advanced Studies<\/title>\n<meta name=\"description\" content=\"Earn an EU-accredited, debt-free online Master of Arts in Theology. Engage with political theology, theological innovation, and critical inquiry within a global community.\" \/>\n<meta name=\"robots\" content=\"index, follow, max-snippet:-1, max-image-preview:large, max-video-preview:-1\" \/>\n<link rel=\"canonical\" href=\"https:\/\/gcas.ie\/ga\/master-of-arts-theology\/\" \/>\n<meta property=\"og:locale\" content=\"en_US\" \/>\n<meta property=\"og:type\" content=\"article\" \/>\n<meta property=\"og:title\" content=\"MA Theology\" \/>\n<meta property=\"og:description\" content=\"Earn an EU-accredited, debt-free online Master of Arts in Theology. Engage with political theology, theological innovation, and critical inquiry within a global community.\" \/>\n<meta property=\"og:url\" content=\"https:\/\/gcas.ie\/ga\/master-of-arts-theology\/\" \/>\n<meta property=\"og:site_name\" content=\"The Global Centre for Advanced Studies\" \/>\n<meta property=\"article:publisher\" content=\"https:\/\/www.facebook.com\/globalcenterforadvancedstudies\/\" \/>\n<meta property=\"article:modified_time\" content=\"2026-02-10T13:34:37+00:00\" \/>\n<meta property=\"og:image\" content=\"https:\/\/gcas.ie\/wp-content\/uploads\/2026\/01\/IMG_5095-rotated.jpeg\" \/>\n\t<meta property=\"og:image:width\" content=\"3024\" \/>\n\t<meta property=\"og:image:height\" content=\"4032\" \/>\n\t<meta property=\"og:image:type\" content=\"image\/jpeg\" \/>\n<meta name=\"twitter:card\" content=\"summary_large_image\" \/>\n<meta name=\"twitter:label1\" content=\"Est. reading time\" \/>\n\t<meta name=\"twitter:data1\" content=\"1 minute\" \/>\n<script type=\"application\/ld+json\" class=\"yoast-schema-graph\">{\"@context\":\"https:\/\/schema.org\",\"@graph\":[{\"@type\":\"WebPage\",\"@id\":\"https:\/\/gcas.ie\/master-of-arts-theology\/\",\"url\":\"https:\/\/gcas.ie\/master-of-arts-theology\/\",\"name\":\"MA Theology - The Global Centre for Advanced Studies\",\"isPartOf\":{\"@id\":\"https:\/\/gcas.ie\/#website\"},\"primaryImageOfPage\":{\"@id\":\"https:\/\/gcas.ie\/master-of-arts-theology\/#primaryimage\"},\"image\":{\"@id\":\"https:\/\/gcas.ie\/master-of-arts-theology\/#primaryimage\"},\"thumbnailUrl\":\"https:\/\/i0.wp.com\/gcas.ie\/wp-content\/uploads\/2026\/01\/IMG_5095-rotated.jpeg?fit=3024%2C4032&ssl=1\",\"datePublished\":\"2025-12-09T12:36:07+00:00\",\"dateModified\":\"2026-02-10T13:34:37+00:00\",\"description\":\"Earn an EU-accredited, debt-free online Master of Arts in Theology. Engage with political theology, theological innovation, and critical inquiry within a global community.\",\"breadcrumb\":{\"@id\":\"https:\/\/gcas.ie\/master-of-arts-theology\/#breadcrumb\"},\"inLanguage\":\"ga\",\"potentialAction\":[{\"@type\":\"ReadAction\",\"target\":[\"https:\/\/gcas.ie\/master-of-arts-theology\/\"]}]},{\"@type\":\"ImageObject\",\"inLanguage\":\"ga\",\"@id\":\"https:\/\/gcas.ie\/master-of-arts-theology\/#primaryimage\",\"url\":\"https:\/\/i0.wp.com\/gcas.ie\/wp-content\/uploads\/2026\/01\/IMG_5095-rotated.jpeg?fit=3024%2C4032&ssl=1\",\"contentUrl\":\"https:\/\/i0.wp.com\/gcas.ie\/wp-content\/uploads\/2026\/01\/IMG_5095-rotated.jpeg?fit=3024%2C4032&ssl=1\",\"width\":3024,\"height\":4032},{\"@type\":\"BreadcrumbList\",\"@id\":\"https:\/\/gcas.ie\/master-of-arts-theology\/#breadcrumb\",\"itemListElement\":[{\"@type\":\"ListItem\",\"position\":1,\"name\":\"Home\",\"item\":\"https:\/\/gcas.ie\/\"},{\"@type\":\"ListItem\",\"position\":2,\"name\":\"MA Theology\"}]},{\"@type\":\"WebSite\",\"@id\":\"https:\/\/gcas.ie\/#website\",\"url\":\"https:\/\/gcas.ie\/\",\"name\":\"The Global Centre for Advanced Studies\",\"description\":\"The World\u2019s First, Global Debt-Free, Accredited College Owned by Faculty and Graduates.\",\"publisher\":{\"@id\":\"https:\/\/gcas.ie\/#organization\"},\"alternateName\":\"GCAS College\",\"potentialAction\":[{\"@type\":\"SearchAction\",\"target\":{\"@type\":\"EntryPoint\",\"urlTemplate\":\"https:\/\/gcas.ie\/?s={search_term_string}\"},\"query-input\":{\"@type\":\"PropertyValueSpecification\",\"valueRequired\":true,\"valueName\":\"search_term_string\"}}],\"inLanguage\":\"ga\"},{\"@type\":\"Organization\",\"@id\":\"https:\/\/gcas.ie\/#organization\",\"name\":\"The Global Centre for Advanced Studies\",\"alternateName\":\"GCAS\",\"url\":\"https:\/\/gcas.ie\/\",\"logo\":{\"@type\":\"ImageObject\",\"inLanguage\":\"ga\",\"@id\":\"https:\/\/gcas.ie\/#\/schema\/logo\/image\/\",\"url\":\"https:\/\/i0.wp.com\/gcas.ie\/wp-content\/uploads\/2025\/12\/Untitled-design-2.png?fit=1080%2C1080&ssl=1\",\"contentUrl\":\"https:\/\/i0.wp.com\/gcas.ie\/wp-content\/uploads\/2025\/12\/Untitled-design-2.png?fit=1080%2C1080&ssl=1\",\"width\":1080,\"height\":1080,\"caption\":\"The Global Centre for Advanced Studies\"},\"image\":{\"@id\":\"https:\/\/gcas.ie\/#\/schema\/logo\/image\/\"},\"sameAs\":[\"https:\/\/www.facebook.com\/globalcenterforadvancedstudies\/\",\"https:\/\/www.instagram.com\/gcas.ie\/\",\"https:\/\/www.linkedin.com\/school\/the-global-center-for-advanced-studies\/?viewAsMember=true\"],\"description\":\"GCAS College Dublin is the world's first debt-free, EU-accredited online college, offering cooperatively owned BA, MA, and PhD degrees in philosophy, psychoanalysis, theology, social sciences, law, and natural sciences to students in 80+ countries.\",\"email\":\"contact@gcas.ie\",\"telephone\":\"+353 87 754 1417\",\"legalName\":\"GCAS College Dublin, LTD\",\"foundingDate\":\"2013-08-22\",\"numberOfEmployees\":{\"@type\":\"QuantitativeValue\",\"minValue\":\"11\",\"maxValue\":\"50\"}}]}<\/script>\n<!-- \/ Yoast SEO Premium plugin. -->","yoast_head_json":{"title":"MA Theology - The Global Centre for Advanced Studies","description":"Earn an EU-accredited, debt-free online Master of Arts in Theology. Engage with political theology, theological innovation, and critical inquiry within a global community.","robots":{"index":"index","follow":"follow","max-snippet":"max-snippet:-1","max-image-preview":"max-image-preview:large","max-video-preview":"max-video-preview:-1"},"canonical":"https:\/\/gcas.ie\/ga\/master-of-arts-theology\/","og_locale":"en_US","og_type":"article","og_title":"MA Theology","og_description":"Earn an EU-accredited, debt-free online Master of Arts in Theology. Engage with political theology, theological innovation, and critical inquiry within a global community.","og_url":"https:\/\/gcas.ie\/ga\/master-of-arts-theology\/","og_site_name":"The Global Centre for Advanced Studies","article_publisher":"https:\/\/www.facebook.com\/globalcenterforadvancedstudies\/","article_modified_time":"2026-02-10T13:34:37+00:00","og_image":[{"width":3024,"height":4032,"url":"https:\/\/gcas.ie\/wp-content\/uploads\/2026\/01\/IMG_5095-rotated.jpeg","type":"image\/jpeg"}],"twitter_card":"summary_large_image","twitter_misc":{"Est. reading time":"1 minute"},"schema":{"@context":"https:\/\/schema.org","@graph":[{"@type":"WebPage","@id":"https:\/\/gcas.ie\/master-of-arts-theology\/","url":"https:\/\/gcas.ie\/master-of-arts-theology\/","name":"MA Theology - The Global Centre for Advanced Studies","isPartOf":{"@id":"https:\/\/gcas.ie\/#website"},"primaryImageOfPage":{"@id":"https:\/\/gcas.ie\/master-of-arts-theology\/#primaryimage"},"image":{"@id":"https:\/\/gcas.ie\/master-of-arts-theology\/#primaryimage"},"thumbnailUrl":"https:\/\/i0.wp.com\/gcas.ie\/wp-content\/uploads\/2026\/01\/IMG_5095-rotated.jpeg?fit=3024%2C4032&ssl=1","datePublished":"2025-12-09T12:36:07+00:00","dateModified":"2026-02-10T13:34:37+00:00","description":"Earn an EU-accredited, debt-free online Master of Arts in Theology. Engage with political theology, theological innovation, and critical inquiry within a global community.","breadcrumb":{"@id":"https:\/\/gcas.ie\/master-of-arts-theology\/#breadcrumb"},"inLanguage":"ga","potentialAction":[{"@type":"ReadAction","target":["https:\/\/gcas.ie\/master-of-arts-theology\/"]}]},{"@type":"ImageObject","inLanguage":"ga","@id":"https:\/\/gcas.ie\/master-of-arts-theology\/#primaryimage","url":"https:\/\/i0.wp.com\/gcas.ie\/wp-content\/uploads\/2026\/01\/IMG_5095-rotated.jpeg?fit=3024%2C4032&ssl=1","contentUrl":"https:\/\/i0.wp.com\/gcas.ie\/wp-content\/uploads\/2026\/01\/IMG_5095-rotated.jpeg?fit=3024%2C4032&ssl=1","width":3024,"height":4032},{"@type":"BreadcrumbList","@id":"https:\/\/gcas.ie\/master-of-arts-theology\/#breadcrumb","itemListElement":[{"@type":"ListItem","position":1,"name":"Home","item":"https:\/\/gcas.ie\/"},{"@type":"ListItem","position":2,"name":"MA Theology"}]},{"@type":"WebSite","@id":"https:\/\/gcas.ie\/#website","url":"https:\/\/gcas.ie\/","name":"The Global Centre for Advanced Studies","description":"An ch\u00e9ad chol\u00e1iste creidi\u00fanaithe ar domhan at\u00e1 saor \u00f3 fhiacha agus at\u00e1 faoi \u00fain\u00e9ireacht na d\u00e1imhe agus na gc\u00e9imithe.","publisher":{"@id":"https:\/\/gcas.ie\/#organization"},"alternateName":"GCAS College","potentialAction":[{"@type":"SearchAction","target":{"@type":"EntryPoint","urlTemplate":"https:\/\/gcas.ie\/?s={search_term_string}"},"query-input":{"@type":"PropertyValueSpecification","valueRequired":true,"valueName":"search_term_string"}}],"inLanguage":"ga"},{"@type":"Organization","@id":"https:\/\/gcas.ie\/#organization","name":"The Global Centre for Advanced Studies","alternateName":"GCAS","url":"https:\/\/gcas.ie\/","logo":{"@type":"ImageObject","inLanguage":"ga","@id":"https:\/\/gcas.ie\/#\/schema\/logo\/image\/","url":"https:\/\/i0.wp.com\/gcas.ie\/wp-content\/uploads\/2025\/12\/Untitled-design-2.png?fit=1080%2C1080&ssl=1","contentUrl":"https:\/\/i0.wp.com\/gcas.ie\/wp-content\/uploads\/2025\/12\/Untitled-design-2.png?fit=1080%2C1080&ssl=1","width":1080,"height":1080,"caption":"The Global Centre for Advanced Studies"},"image":{"@id":"https:\/\/gcas.ie\/#\/schema\/logo\/image\/"},"sameAs":["https:\/\/www.facebook.com\/globalcenterforadvancedstudies\/","https:\/\/www.instagram.com\/gcas.ie\/","https:\/\/www.linkedin.com\/school\/the-global-center-for-advanced-studies\/?viewAsMember=true"],"description":"GCAS College Dublin is the world's first debt-free, EU-accredited online college, offering cooperatively owned BA, MA, and PhD degrees in philosophy, psychoanalysis, theology, social sciences, law, and natural sciences to students in 80+ countries.","email":"contact@gcas.ie","telephone":"+353 87 754 1417","legalName":"GCAS College Dublin, LTD","foundingDate":"2013-08-22","numberOfEmployees":{"@type":"QuantitativeValue","minValue":"11","maxValue":"50"}}]}},"jetpack_likes_enabled":true,"jetpack_sharing_enabled":true,"jetpack_shortlink":"https:\/\/wp.me\/PesgkL-R","jetpack-related-posts":[{"id":3044,"url":"https:\/\/gcas.ie\/ga\/ma-theology-tracker\/","url_meta":{"origin":53,"position":0},"title":"Theology Program Tracker","author":"crestondavis","date":"January 9, 2026","format":false,"excerpt":"Coming Soon!","rel":"","context":"Similar post","block_context":{"text":"Similar post","link":""},"img":{"alt_text":"","src":"","width":0,"height":0},"classes":[]},{"id":425,"url":"https:\/\/gcas.ie\/ga\/phase-2-ma-theology\/","url_meta":{"origin":53,"position":1},"title":"Phase 2 MA Theology","author":"crestondavis","date":"December 14, 2025","format":false,"excerpt":"Your Application Progress \u2713 Phase 1 General Application \u2713 Interview Completed 3 Phase 2 You Are Here 4 Decision Pending MA Theology \u2013 Phase 2 Application You're almost there! Please submit the following materials to complete your application to the MA Theology program. Required Documents: CV \u2013 Current curriculum vitae\u2026","rel":"","context":"Similar post","block_context":{"text":"Similar post","link":""},"img":{"alt_text":"","src":"","width":0,"height":0},"classes":[]},{"id":561,"url":"https:\/\/gcas.ie\/ga\/barry-taylor\/","url_meta":{"origin":53,"position":2},"title":"Barry Taylor","author":"Creston Davis","date":"December 15, 2025","format":false,"excerpt":"Dr. Barry Taylor: Director of MA Theology at GCAS Chair of the Department of Theology, Culture and Digitality \"My work is focused on the intersections between religion, theology and culture, with a particular emphasis on the impact and interplay of contemporary digital life on religion and belief (particularly Western Christianity).\u2026","rel":"","context":"Similar post","block_context":{"text":"Similar post","link":""},"img":{"alt_text":"","src":"","width":0,"height":0},"classes":[]},{"id":2310,"url":"https:\/\/gcas.ie\/ga\/interview-ma-theology\/","url_meta":{"origin":53,"position":3},"title":"Interview MA Theology","author":"crestondavis","date":"December 30, 2025","format":false,"excerpt":"Thank you for applying to the MA Theology program at GCAS. To complete the next step in your application, please schedule an admissions conversation with one of our faculty members below. Dr. Barry Taylor, PhD Director of the MA Theology Program at GCAS London, UK Schedule with Barry Dr. Jamie\u2026","rel":"","context":"Similar post","block_context":{"text":"Similar post","link":""},"img":{"alt_text":"","src":"https:\/\/i0.wp.com\/gcas.ie\/wp-content\/uploads\/2025\/12\/Theology-Interview.png?fit=1200%2C630&ssl=1&resize=350%2C200","width":350,"height":200,"srcset":"https:\/\/i0.wp.com\/gcas.ie\/wp-content\/uploads\/2025\/12\/Theology-Interview.png?fit=1200%2C630&ssl=1&resize=350%2C200 1x, https:\/\/i0.wp.com\/gcas.ie\/wp-content\/uploads\/2025\/12\/Theology-Interview.png?fit=1200%2C630&ssl=1&resize=525%2C300 1.5x, https:\/\/i0.wp.com\/gcas.ie\/wp-content\/uploads\/2025\/12\/Theology-Interview.png?fit=1200%2C630&ssl=1&resize=700%2C400 2x, https:\/\/i0.wp.com\/gcas.ie\/wp-content\/uploads\/2025\/12\/Theology-Interview.png?fit=1200%2C630&ssl=1&resize=1050%2C600 3x"},"classes":[]},{"id":227,"url":"https:\/\/gcas.ie\/ga\/affiliate-faculty\/","url_meta":{"origin":53,"position":4},"title":"D\u00e1mh Cleamhnaithe","author":"crestondavis","date":"December 11, 2025","format":false,"excerpt":"Affiliate Faculty and Guest Lecturers A Asma Abbas (Lectured 2021, Director of GCAS-Jahan MA in Politics) Tariq Ali (Lectured \u201cDemocracy Rising\u201d Athens 2015 and guest lectured in 2018 during the Chile uprising). Darrell Arnold (Seminar Sep 2014 and with Prof. Feenberg in 2020 for an lecture) B Alain Badiou\u00a0(Honourary President\u2026","rel":"","context":"Similar post","block_context":{"text":"Similar post","link":""},"img":{"alt_text":"","src":"","width":0,"height":0},"classes":[]},{"id":198,"url":"https:\/\/gcas.ie\/ga\/course-schedule\/","url_meta":{"origin":53,"position":5},"title":"Sceideal C\u00farsa\u00ed GCAS","author":"crestondavis","date":"December 11, 2025","format":false,"excerpt":"Academic Year 2025-2026 Course Schedule All classes meet online via Zoom. Times listed are in New York Time (EST\/EDT). Join our global community of learners from anywhere in the world. BA Programme MA Programme PhD Programme All Courses BA MA PhD Philosophy Psychoanalysis Theology SEP September 2025 All Students Commencement\u2026","rel":"","context":"Similar post","block_context":{"text":"Similar post","link":""},"img":{"alt_text":"","src":"","width":0,"height":0},"classes":[]}],"_links":{"self":[{"href":"https:\/\/gcas.ie\/ga\/wp-json\/wp\/v2\/pages\/53","targetHints":{"allow":["GET"]}}],"collection":[{"href":"https:\/\/gcas.ie\/ga\/wp-json\/wp\/v2\/pages"}],"about":[{"href":"https:\/\/gcas.ie\/ga\/wp-json\/wp\/v2\/types\/page"}],"author":[{"embeddable":true,"href":"https:\/\/gcas.ie\/ga\/wp-json\/wp\/v2\/users\/8678545"}],"replies":[{"embeddable":true,"href":"https:\/\/gcas.ie\/ga\/wp-json\/wp\/v2\/comments?post=53"}],"version-history":[{"count":1,"href":"https:\/\/gcas.ie\/ga\/wp-json\/wp\/v2\/pages\/53\/revisions"}],"predecessor-version":[{"id":54,"href":"https:\/\/gcas.ie\/ga\/wp-json\/wp\/v2\/pages\/53\/revisions\/54"}],"wp:featuredmedia":[{"embeddable":true,"href":"https:\/\/gcas.ie\/ga\/wp-json\/wp\/v2\/media\/3112"}],"wp:attachment":[{"href":"https:\/\/gcas.ie\/ga\/wp-json\/wp\/v2\/media?parent=53"}],"curies":[{"name":"wp","href":"https:\/\/api.w.org\/{rel}","templated":true}]}}