{"id":208,"date":"2025-12-11T12:17:24","date_gmt":"2025-12-11T12:17:24","guid":{"rendered":"https:\/\/gcas.ie\/?page_id=208"},"modified":"2026-02-12T18:02:29","modified_gmt":"2026-02-12T18:02:29","slug":"research-fellows","status":"publish","type":"page","link":"https:\/\/gcas.ie\/ga\/research-fellows\/","title":{"rendered":"Comhalta\u00ed Taighde"},"content":{"rendered":"<style>\n.research-fellows-page {\n    margin-top: 50px;\n    padding: 40px 20px 60px;\n    max-width: 1200px;\n    margin-left: auto;\n    margin-right: auto;\n}\n<\/style>\n\n<div class=\"research-fellows-page\">\n    <!-- Elfsight Team Showcase | Research Fellows -->\n    <script src=\"https:\/\/elfsightcdn.com\/platform.js\" async><\/script>\n    <div class=\"elfsight-app-9f958ed8-fecb-4c27-ad2e-11231842048d\" data-elfsight-app-lazy><\/div>\n<\/div>","protected":false},"excerpt":{"rendered":"","protected":false},"author":8678545,"featured_media":0,"parent":0,"menu_order":0,"comment_status":"closed","ping_status":"closed","template":"","meta":{"_crdt_document":"","publish_to_discourse":"","publish_post_category":"","wpdc_auto_publish_overridden":"","wpdc_topic_tags":"","wpdc_pin_topic":"","wpdc_pin_until":"","discourse_post_id":"","discourse_permalink":"","wpdc_publishing_response":"","wpdc_publishing_error":"","jetpack_post_was_ever_published":false,"footnotes":""},"class_list":["post-208","page","type-page","status-publish","hentry"],"yoast_head":"<!-- This site is optimized with the Yoast SEO Premium plugin v27.2 (Yoast SEO v27.2) - https:\/\/yoast.com\/product\/yoast-seo-premium-wordpress\/ -->\n<title>Research Fellows - The Global Centre for Advanced Studies<\/title>\n<meta name=\"description\" content=\"Meet the GCAS Research Fellows: a global network of esteemed scholars and researchers advancing critical inquiry across disciplines.\" \/>\n<meta name=\"robots\" content=\"index, follow, max-snippet:-1, max-image-preview:large, max-video-preview:-1\" \/>\n<link rel=\"canonical\" href=\"https:\/\/gcas.ie\/ga\/research-fellows\/\" \/>\n<meta property=\"og:locale\" content=\"en_US\" \/>\n<meta property=\"og:type\" content=\"article\" \/>\n<meta property=\"og:title\" content=\"Research Fellows\" \/>\n<meta property=\"og:description\" content=\"Meet the GCAS Research Fellows: a global network of esteemed scholars and researchers advancing critical inquiry across disciplines.\" \/>\n<meta property=\"og:url\" content=\"https:\/\/gcas.ie\/ga\/research-fellows\/\" \/>\n<meta property=\"og:site_name\" content=\"The Global Centre for Advanced Studies\" \/>\n<meta property=\"article:publisher\" content=\"https:\/\/www.facebook.com\/globalcenterforadvancedstudies\/\" \/>\n<meta property=\"article:modified_time\" content=\"2026-02-12T18:02:29+00:00\" \/>\n<meta property=\"og:image\" content=\"https:\/\/i0.wp.com\/gcas.ie\/wp-content\/uploads\/2025\/12\/social-share-website.png?fit=1200%2C675&ssl=1\" \/>\n\t<meta property=\"og:image:width\" content=\"1200\" \/>\n\t<meta property=\"og:image:height\" content=\"675\" \/>\n\t<meta property=\"og:image:type\" content=\"image\/png\" \/>\n<meta name=\"twitter:card\" content=\"summary_large_image\" \/>\n<script type=\"application\/ld+json\" class=\"yoast-schema-graph\">{\"@context\":\"https:\/\/schema.org\",\"@graph\":[{\"@type\":\"WebPage\",\"@id\":\"https:\/\/gcas.ie\/research-fellows\/\",\"url\":\"https:\/\/gcas.ie\/research-fellows\/\",\"name\":\"Research Fellows - The Global Centre for Advanced Studies\",\"isPartOf\":{\"@id\":\"https:\/\/gcas.ie\/#website\"},\"datePublished\":\"2025-12-11T12:17:24+00:00\",\"dateModified\":\"2026-02-12T18:02:29+00:00\",\"description\":\"Meet the GCAS Research Fellows: a global network of esteemed scholars and researchers advancing critical inquiry across disciplines.\",\"breadcrumb\":{\"@id\":\"https:\/\/gcas.ie\/research-fellows\/#breadcrumb\"},\"inLanguage\":\"ga\",\"potentialAction\":[{\"@type\":\"ReadAction\",\"target\":[\"https:\/\/gcas.ie\/research-fellows\/\"]}]},{\"@type\":\"BreadcrumbList\",\"@id\":\"https:\/\/gcas.ie\/research-fellows\/#breadcrumb\",\"itemListElement\":[{\"@type\":\"ListItem\",\"position\":1,\"name\":\"Home\",\"item\":\"https:\/\/gcas.ie\/\"},{\"@type\":\"ListItem\",\"position\":2,\"name\":\"Research Fellows\"}]},{\"@type\":\"WebSite\",\"@id\":\"https:\/\/gcas.ie\/#website\",\"url\":\"https:\/\/gcas.ie\/\",\"name\":\"The Global Centre for Advanced Studies\",\"description\":\"The World\u2019s First, Global Debt-Free, Accredited College Owned by Faculty and Graduates.\",\"publisher\":{\"@id\":\"https:\/\/gcas.ie\/#organization\"},\"alternateName\":\"GCAS College\",\"potentialAction\":[{\"@type\":\"SearchAction\",\"target\":{\"@type\":\"EntryPoint\",\"urlTemplate\":\"https:\/\/gcas.ie\/?s={search_term_string}\"},\"query-input\":{\"@type\":\"PropertyValueSpecification\",\"valueRequired\":true,\"valueName\":\"search_term_string\"}}],\"inLanguage\":\"ga\"},{\"@type\":\"Organization\",\"@id\":\"https:\/\/gcas.ie\/#organization\",\"name\":\"The Global Centre for Advanced Studies\",\"alternateName\":\"GCAS\",\"url\":\"https:\/\/gcas.ie\/\",\"logo\":{\"@type\":\"ImageObject\",\"inLanguage\":\"ga\",\"@id\":\"https:\/\/gcas.ie\/#\/schema\/logo\/image\/\",\"url\":\"https:\/\/i0.wp.com\/gcas.ie\/wp-content\/uploads\/2025\/12\/Untitled-design-2.png?fit=1080%2C1080&ssl=1\",\"contentUrl\":\"https:\/\/i0.wp.com\/gcas.ie\/wp-content\/uploads\/2025\/12\/Untitled-design-2.png?fit=1080%2C1080&ssl=1\",\"width\":1080,\"height\":1080,\"caption\":\"The Global Centre for Advanced Studies\"},\"image\":{\"@id\":\"https:\/\/gcas.ie\/#\/schema\/logo\/image\/\"},\"sameAs\":[\"https:\/\/www.facebook.com\/globalcenterforadvancedstudies\/\",\"https:\/\/www.instagram.com\/gcas.ie\/\",\"https:\/\/www.linkedin.com\/school\/the-global-center-for-advanced-studies\/?viewAsMember=true\"],\"description\":\"GCAS College Dublin is the world's first debt-free, EU-accredited online college, offering cooperatively owned BA, MA, and PhD degrees in philosophy, psychoanalysis, theology, social sciences, law, and natural sciences to students in 80+ countries.\",\"email\":\"contact@gcas.ie\",\"telephone\":\"+353 87 754 1417\",\"legalName\":\"GCAS College Dublin, LTD\",\"foundingDate\":\"2013-08-22\",\"numberOfEmployees\":{\"@type\":\"QuantitativeValue\",\"minValue\":\"11\",\"maxValue\":\"50\"}}]}<\/script>\n<!-- \/ Yoast SEO Premium plugin. -->","yoast_head_json":{"title":"Research Fellows - The Global Centre for Advanced Studies","description":"Meet the GCAS Research Fellows: a global network of esteemed scholars and researchers advancing critical inquiry across disciplines.","robots":{"index":"index","follow":"follow","max-snippet":"max-snippet:-1","max-image-preview":"max-image-preview:large","max-video-preview":"max-video-preview:-1"},"canonical":"https:\/\/gcas.ie\/ga\/research-fellows\/","og_locale":"en_US","og_type":"article","og_title":"Research Fellows","og_description":"Meet the GCAS Research Fellows: a global network of esteemed scholars and researchers advancing critical inquiry across disciplines.","og_url":"https:\/\/gcas.ie\/ga\/research-fellows\/","og_site_name":"The Global Centre for Advanced Studies","article_publisher":"https:\/\/www.facebook.com\/globalcenterforadvancedstudies\/","article_modified_time":"2026-02-12T18:02:29+00:00","og_image":[{"width":1200,"height":675,"url":"https:\/\/i0.wp.com\/gcas.ie\/wp-content\/uploads\/2025\/12\/social-share-website.png?fit=1200%2C675&ssl=1","type":"image\/png"}],"twitter_card":"summary_large_image","schema":{"@context":"https:\/\/schema.org","@graph":[{"@type":"WebPage","@id":"https:\/\/gcas.ie\/research-fellows\/","url":"https:\/\/gcas.ie\/research-fellows\/","name":"Research Fellows - The Global Centre for Advanced Studies","isPartOf":{"@id":"https:\/\/gcas.ie\/#website"},"datePublished":"2025-12-11T12:17:24+00:00","dateModified":"2026-02-12T18:02:29+00:00","description":"Meet the GCAS Research Fellows: a global network of esteemed scholars and researchers advancing critical inquiry across disciplines.","breadcrumb":{"@id":"https:\/\/gcas.ie\/research-fellows\/#breadcrumb"},"inLanguage":"ga","potentialAction":[{"@type":"ReadAction","target":["https:\/\/gcas.ie\/research-fellows\/"]}]},{"@type":"BreadcrumbList","@id":"https:\/\/gcas.ie\/research-fellows\/#breadcrumb","itemListElement":[{"@type":"ListItem","position":1,"name":"Home","item":"https:\/\/gcas.ie\/"},{"@type":"ListItem","position":2,"name":"Research Fellows"}]},{"@type":"WebSite","@id":"https:\/\/gcas.ie\/#website","url":"https:\/\/gcas.ie\/","name":"The Global Centre for Advanced Studies","description":"An ch\u00e9ad chol\u00e1iste creidi\u00fanaithe ar domhan at\u00e1 saor \u00f3 fhiacha agus at\u00e1 faoi \u00fain\u00e9ireacht na d\u00e1imhe agus na gc\u00e9imithe.","publisher":{"@id":"https:\/\/gcas.ie\/#organization"},"alternateName":"GCAS College","potentialAction":[{"@type":"SearchAction","target":{"@type":"EntryPoint","urlTemplate":"https:\/\/gcas.ie\/?s={search_term_string}"},"query-input":{"@type":"PropertyValueSpecification","valueRequired":true,"valueName":"search_term_string"}}],"inLanguage":"ga"},{"@type":"Organization","@id":"https:\/\/gcas.ie\/#organization","name":"The Global Centre for Advanced Studies","alternateName":"GCAS","url":"https:\/\/gcas.ie\/","logo":{"@type":"ImageObject","inLanguage":"ga","@id":"https:\/\/gcas.ie\/#\/schema\/logo\/image\/","url":"https:\/\/i0.wp.com\/gcas.ie\/wp-content\/uploads\/2025\/12\/Untitled-design-2.png?fit=1080%2C1080&ssl=1","contentUrl":"https:\/\/i0.wp.com\/gcas.ie\/wp-content\/uploads\/2025\/12\/Untitled-design-2.png?fit=1080%2C1080&ssl=1","width":1080,"height":1080,"caption":"The Global Centre for Advanced Studies"},"image":{"@id":"https:\/\/gcas.ie\/#\/schema\/logo\/image\/"},"sameAs":["https:\/\/www.facebook.com\/globalcenterforadvancedstudies\/","https:\/\/www.instagram.com\/gcas.ie\/","https:\/\/www.linkedin.com\/school\/the-global-center-for-advanced-studies\/?viewAsMember=true"],"description":"GCAS College Dublin is the world's first debt-free, EU-accredited online college, offering cooperatively owned BA, MA, and PhD degrees in philosophy, psychoanalysis, theology, social sciences, law, and natural sciences to students in 80+ countries.","email":"contact@gcas.ie","telephone":"+353 87 754 1417","legalName":"GCAS College Dublin, LTD","foundingDate":"2013-08-22","numberOfEmployees":{"@type":"QuantitativeValue","minValue":"11","maxValue":"50"}}]}},"jetpack_likes_enabled":true,"jetpack_sharing_enabled":true,"jetpack_shortlink":"https:\/\/wp.me\/PesgkL-3m","jetpack-related-posts":[{"id":92,"url":"https:\/\/gcas.ie\/ga\/contact\/","url_meta":{"origin":208,"position":0},"title":"Teagmh\u00e1il","author":"crestondavis","date":"December 11, 2025","format":false,"excerpt":"Get in Touch We'd love to hear from you. Whether you have questions about our programs or want to learn more about GCAS, we're here to help. Check our FAQs for quick answers. Contact Information Address 38\/39 Fitzwilliam SquareDublin 2, D02 NX53Ireland Phone +353 1 582 2231 Email contact@gcas.ie Considering\u2026","rel":"","context":"Similar post","block_context":{"text":"Similar post","link":""},"img":{"alt_text":"","src":"","width":0,"height":0},"classes":[]},{"id":80,"url":"https:\/\/gcas.ie\/ga\/our-philosophy\/","url_meta":{"origin":208,"position":1},"title":"\u00c1r bhFeals\u00fanacht","author":"crestondavis","date":"December 11, 2025","format":false,"excerpt":"Our Philosophy: Redefining Higher Education GCAS offers a new model to future researchers and students to be free to learn and explore knowledge without debt. Academic freedom is compromised by student-debt. So we created a space to nurture and encourage critical thinking and reflection without economic pressures. Illustration by Ted\u2026","rel":"","context":"Similar post","block_context":{"text":"Similar post","link":""},"img":{"alt_text":"","src":"","width":0,"height":0},"classes":[]},{"id":184,"url":"https:\/\/gcas.ie\/ga\/apply\/","url_meta":{"origin":208,"position":2},"title":"Apply to GCAS","author":"crestondavis","date":"December 11, 2025","format":false,"excerpt":"Start Your Application Join a global community of scholars pursuing debt-free, accredited degrees. We accept applications year-round with no deadlines. No Application Fee Apply for free Rolling Admissions No deadlines No SAT\/ACT\/GRE Holistic review Financial Aid Available to all We Review Every Application Personally GCAS College Dublin welcomes applicants from\u2026","rel":"","context":"Similar post","block_context":{"text":"Similar post","link":""},"img":{"alt_text":"","src":"","width":0,"height":0},"classes":[]},{"id":77,"url":"https:\/\/gcas.ie\/ga\/introduction\/","url_meta":{"origin":208,"position":3},"title":"R\u00e9amhr\u00e1","author":"crestondavis","date":"December 11, 2025","format":false,"excerpt":"A New Model of Higher Education GCAS is the world\u2019s first debt-free college, offering EU-accredited degrees through our partnership with Woolf and co-owned by its faculty, staff, and graduates. We reject the idea that knowledge must be purchased through debt and affirm education as a public and emancipatory good. 2013\u2026","rel":"","context":"Similar post","block_context":{"text":"Similar post","link":""},"img":{"alt_text":"","src":"https:\/\/i0.wp.com\/gcas.ie\/wp-content\/uploads\/2025\/12\/IMG_6342-2-1024x768.jpg?resize=350%2C200&ssl=1","width":350,"height":200,"srcset":"https:\/\/i0.wp.com\/gcas.ie\/wp-content\/uploads\/2025\/12\/IMG_6342-2-1024x768.jpg?resize=350%2C200&ssl=1 1x, https:\/\/i0.wp.com\/gcas.ie\/wp-content\/uploads\/2025\/12\/IMG_6342-2-1024x768.jpg?resize=525%2C300&ssl=1 1.5x, https:\/\/i0.wp.com\/gcas.ie\/wp-content\/uploads\/2025\/12\/IMG_6342-2-1024x768.jpg?resize=700%2C400&ssl=1 2x"},"classes":[]},{"id":107,"url":"https:\/\/gcas.ie\/ga\/financial-aid\/","url_meta":{"origin":208,"position":4},"title":"C\u00fanamh Airgeadais GCAS","author":"crestondavis","date":"December 11, 2025","format":false,"excerpt":"Financial Aid GCAS College Dublin is committed to providing the highest quality education at the lowest possible cost. We offer financial aid to all accepted students. Our Commitment to Accessible Education GCAS College is designed to avoid having our students fall into debt in order to receive an education. We\u2026","rel":"","context":"Similar post","block_context":{"text":"Similar post","link":""},"img":{"alt_text":"","src":"","width":0,"height":0},"classes":[]},{"id":103,"url":"https:\/\/gcas.ie\/ga\/public-lectures\/","url_meta":{"origin":208,"position":5},"title":"Public Lectures","author":"crestondavis","date":"December 11, 2025","format":false,"excerpt":"Public Lecture Series Free high-quality lectures and conferences from world-leading experts, available to the public since 2013. 1,000+ Hours of Free Content 100+ World-Class Speakers 2013 Since Founded The Global Center for Advanced Studies (GCAS) has provided thousands of hours of free high-quality lectures and conferences to the public since\u2026","rel":"","context":"Similar post","block_context":{"text":"Similar post","link":""},"img":{"alt_text":"","src":"","width":0,"height":0},"classes":[]}],"_links":{"self":[{"href":"https:\/\/gcas.ie\/ga\/wp-json\/wp\/v2\/pages\/208","targetHints":{"allow":["GET"]}}],"collection":[{"href":"https:\/\/gcas.ie\/ga\/wp-json\/wp\/v2\/pages"}],"about":[{"href":"https:\/\/gcas.ie\/ga\/wp-json\/wp\/v2\/types\/page"}],"author":[{"embeddable":true,"href":"https:\/\/gcas.ie\/ga\/wp-json\/wp\/v2\/users\/8678545"}],"replies":[{"embeddable":true,"href":"https:\/\/gcas.ie\/ga\/wp-json\/wp\/v2\/comments?post=208"}],"version-history":[{"count":3,"href":"https:\/\/gcas.ie\/ga\/wp-json\/wp\/v2\/pages\/208\/revisions"}],"predecessor-version":[{"id":233,"href":"https:\/\/gcas.ie\/ga\/wp-json\/wp\/v2\/pages\/208\/revisions\/233"}],"wp:attachment":[{"href":"https:\/\/gcas.ie\/ga\/wp-json\/wp\/v2\/media?parent=208"}],"curies":[{"name":"wp","href":"https:\/\/api.w.org\/{rel}","templated":true}]}}