{"id":582,"date":"2025-12-15T08:56:42","date_gmt":"2025-12-15T08:56:42","guid":{"rendered":"https:\/\/gcas.ie\/mario-damato\/"},"modified":"2026-02-14T20:12:34","modified_gmt":"2026-02-14T20:12:34","slug":"mario-damato","status":"publish","type":"page","link":"https:\/\/gcas.ie\/fr\/mario-damato\/","title":{"rendered":"Mario D&#8217;Amato"},"content":{"rendered":"<article class=\"sections\" id=\"sections\" data-page-sections=\"6804dec32d61eb4233cd3c82\">\n<section\n  data-test=\"page-section\"\n  \n  data-section-theme=\"\"\n  class='page-section           full-bleed-section      layout-engine-section        background-width--full-bleed          section-height--medium              content-width--wide        horizontal-alignment--center    vertical-alignment--middle'\n  \n  data-section-id=\"6804ded15e72035b3765a5bc\"\n  \n  data-controller=\"SectionWrapperController\"\n  data-current-styles=\"{  &quot;imageOverlayOpacity&quot;: 0.15,  &quot;backgroundWidth&quot;: &quot;background-width--full-bleed&quot;,  &quot;sectionHeight&quot;: &quot;section-height--medium&quot;,  &quot;customSectionHeight&quot;: 10,  &quot;horizontalAlignment&quot;: &quot;horizontal-alignment--center&quot;,  &quot;verticalAlignment&quot;: &quot;vertical-alignment--middle&quot;,  &quot;contentWidth&quot;: &quot;content-width--wide&quot;,  &quot;customContentWidth&quot;: 50,  &quot;sectionTheme&quot;: &quot;&quot;,  &quot;sectionAnimation&quot;: &quot;none&quot;,  &quot;backgroundMode&quot;: &quot;image&quot;}\"\n  data-current-context=\"{  &quot;video&quot;: null,  &quot;backgroundImageId&quot;: null,  &quot;backgroundMediaEffect&quot;: null,  &quot;divider&quot;: null,  &quot;typeName&quot;: null}\"\n  data-animation=\"none\"\n  data-fluid-engine-section\n><\/p>\n<div\n    class=\"section-border\"\n    \n  ><\/p>\n<div class=\"section-background\"><\/div>\n<\/p><\/div>\n<div\n    class='content-wrapper'\n    style='                        '\n  ><\/p>\n<div\n      class=\"content\"\n      \n    ><\/p>\n<div data-fluid-engine=\"true\">\n<style>\n<p>.fe-6804ded1ed10e74908cc52b5 {\n  --grid-gutter: calc(var(--sqs-mobile-site-gutter, 6vw) - 11.0px);\n  --cell-max-width: calc( ( var(--sqs-site-max-width, 1500px) - (11.0px * (8 - 1)) ) \/ 8 );<\/p>\n<p>  display: grid;\n  position: relative;\n  grid-area: 1\/1\/-1\/-1;\n  grid-template-rows: repeat(10,minmax(24px, auto));\n  grid-template-columns:\n    minmax(var(--grid-gutter), 1fr)\n    repeat(8, minmax(0, var(--cell-max-width)))\n    minmax(var(--grid-gutter), 1fr);\n  row-gap: 11.0px;\n  column-gap: 11.0px;\n  overflow-x: hidden;\n  overflow-x: clip;\n}<\/p>\n<p>@media (min-width: 768px) {\n  .background-width--inset .fe-6804ded1ed10e74908cc52b5 {\n    --inset-padding: calc(var(--sqs-site-gutter) * 2);\n  }<\/p>\n<p>  .fe-6804ded1ed10e74908cc52b5 {\n    --grid-gutter: calc(var(--sqs-site-gutter, 4vw) - 11.0px);\n    --cell-max-width: calc( ( var(--sqs-site-max-width, 1500px) - (11.0px * (24 - 1)) ) \/ 24 );\n    --inset-padding: 0vw;<\/p>\n<p>    --row-height-scaling-factor: 0.0215;\n    --container-width: min(var(--sqs-site-max-width, 1500px), calc(100vw - var(--sqs-site-gutter, 4vw) * 2 - var(--inset-padding) ));<\/p>\n<p>    grid-template-rows: repeat(22,minmax(calc(var(--container-width) * var(--row-height-scaling-factor)), auto));\n    grid-template-columns:\n      minmax(var(--grid-gutter), 1fr)\n      repeat(24, minmax(0, var(--cell-max-width)))\n      minmax(var(--grid-gutter), 1fr);\n  }\n}<\/p>\n<p>  .fe-block-yui_3_17_2_1_1745147967151_225244 {\n    grid-area: 1\/2\/7\/10;\n    z-index: 2;<\/p>\n<p>    @media (max-width: 767px) {<\/p>\n<p>    }\n  }<\/p>\n<p>  .fe-block-yui_3_17_2_1_1745147967151_225244 .sqs-block {\n    justify-content: center;\n  }<\/p>\n<p>  .fe-block-yui_3_17_2_1_1745147967151_225244 .sqs-block-alignment-wrapper {\n    align-items: center;\n  }<\/p>\n<p>  @media (min-width: 768px) {\n    .fe-block-yui_3_17_2_1_1745147967151_225244 {\n      grid-area: 1\/3\/19\/10;\n      z-index: 2;<\/p>\n<p>    }<\/p>\n<p>    .fe-block-yui_3_17_2_1_1745147967151_225244 .sqs-block {\n      justify-content: center;\n    }<\/p>\n<p>    .fe-block-yui_3_17_2_1_1745147967151_225244 .sqs-block-alignment-wrapper {\n      align-items: center;\n    }\n  }<\/p>\n<p>  .fe-block-yui_3_17_2_1_1745147967151_224877 {\n    grid-area: 7\/2\/9\/10;\n    z-index: 1;<\/p>\n<p>    @media (max-width: 767px) {<\/p>\n<p>    }\n  }<\/p>\n<p>  .fe-block-yui_3_17_2_1_1745147967151_224877 .sqs-block {\n    justify-content: flex-start;\n  }<\/p>\n<p>  .fe-block-yui_3_17_2_1_1745147967151_224877 .sqs-block-alignment-wrapper {\n    align-items: flex-start;\n  }<\/p>\n<p>  @media (min-width: 768px) {\n    .fe-block-yui_3_17_2_1_1745147967151_224877 {\n      grid-area: 1\/3\/3\/26;\n      z-index: 1;<\/p>\n<p>    }<\/p>\n<p>    .fe-block-yui_3_17_2_1_1745147967151_224877 .sqs-block {\n      justify-content: flex-start;\n    }<\/p>\n<p>    .fe-block-yui_3_17_2_1_1745147967151_224877 .sqs-block-alignment-wrapper {\n      align-items: flex-start;\n    }\n  }<\/p>\n<p>  .fe-block-yui_3_17_2_1_1745147967151_225612 {\n    grid-area: 9\/2\/11\/10;\n    z-index: 3;<\/p>\n<p>    @media (max-width: 767px) {<\/p>\n<p>    }\n  }<\/p>\n<p>  .fe-block-yui_3_17_2_1_1745147967151_225612 .sqs-block {\n    justify-content: flex-start;\n  }<\/p>\n<p>  .fe-block-yui_3_17_2_1_1745147967151_225612 .sqs-block-alignment-wrapper {\n    align-items: flex-start;\n  }<\/p>\n<p>  @media (min-width: 768px) {\n    .fe-block-yui_3_17_2_1_1745147967151_225612 {\n      grid-area: 4\/11\/23\/22;\n      z-index: 3;<\/p>\n<p>    }<\/p>\n<p>    .fe-block-yui_3_17_2_1_1745147967151_225612 .sqs-block {\n      justify-content: flex-start;\n    }<\/p>\n<p>    .fe-block-yui_3_17_2_1_1745147967151_225612 .sqs-block-alignment-wrapper {\n      align-items: flex-start;\n    }\n  }<\/p>\n<\/style>\n<div class=\"fluid-engine fe-6804ded1ed10e74908cc52b5\">\n<div class=\"fe-block fe-block-yui_3_17_2_1_1745147967151_225244\">\n<div class=\"sqs-block image-block sqs-block-image sqs-stretched\" data-block-type=\"5\" data-sqsp-block=\"image\" id=\"block-yui_3_17_2_1_1745147967151_225244\">\n<div class=\"sqs-block-content\">\n<p>      <img data-recalc-dims=\"1\" decoding=\"async\" src=\"https:\/\/i0.wp.com\/images.squarespace-cdn.com\/content\/v1\/59b42e3cd2b85729bbb2c95f\/087bdfa7-cece-4027-9c63-1ea9694b0fd0\/Mario.png?ssl=1\" alt=\"\"\/><\/p>\n<\/div>\n<\/div>\n<\/div>\n<div class=\"fe-block fe-block-yui_3_17_2_1_1745147967151_224877\">\n<div class=\"sqs-block html-block sqs-block-html\" data-blend-mode=\"NORMAL\" data-block-type=\"2\" data-border-radii=\"&#123;&quot;topLeft&quot;:&#123;&quot;unit&quot;:&quot;px&quot;,&quot;value&quot;:0.0&#125;,&quot;topRight&quot;:&#123;&quot;unit&quot;:&quot;px&quot;,&quot;value&quot;:0.0&#125;,&quot;bottomLeft&quot;:&#123;&quot;unit&quot;:&quot;px&quot;,&quot;value&quot;:0.0&#125;,&quot;bottomRight&quot;:&#123;&quot;unit&quot;:&quot;px&quot;,&quot;value&quot;:0.0&#125;&#125;\" data-sqsp-block=\"text\" id=\"block-yui_3_17_2_1_1745147967151_224877\">\n<div class=\"sqs-block-content\">\n<div class=\"sqs-html-content\" data-sqsp-text-block-content>\n<h2 style=\"text-align:center;white-space:pre-wrap;\">Mario D\u2019Amato, PhD<\/h2>\n<\/div>\n<\/div>\n<\/div>\n<\/div>\n<div class=\"fe-block fe-block-yui_3_17_2_1_1745147967151_225612\">\n<div class=\"sqs-block html-block sqs-block-html\" data-blend-mode=\"NORMAL\" data-block-type=\"2\" data-border-radii=\"&#123;&quot;topLeft&quot;:&#123;&quot;unit&quot;:&quot;px&quot;,&quot;value&quot;:0.0&#125;,&quot;topRight&quot;:&#123;&quot;unit&quot;:&quot;px&quot;,&quot;value&quot;:0.0&#125;,&quot;bottomLeft&quot;:&#123;&quot;unit&quot;:&quot;px&quot;,&quot;value&quot;:0.0&#125;,&quot;bottomRight&quot;:&#123;&quot;unit&quot;:&quot;px&quot;,&quot;value&quot;:0.0&#125;&#125;\" data-sqsp-block=\"text\" id=\"block-yui_3_17_2_1_1745147967151_225612\">\n<div class=\"sqs-block-content\">\n<div class=\"sqs-html-content\" data-sqsp-text-block-content>\n<p class=\"\" style=\"white-space:pre-wrap;\">Mario D\u2019Amato completed his Ph.D. at the University of Chicago (2000), where he studied the philosophy of religion, with a special emphasis on Buddhist philosophy. His primary research has been focused on the translation and interpretation of Sanskrit Buddhist doctrinal texts from the Yog\u0101c\u0101ra school, a school notable for having developed a Buddhist conception of the \u201cunconscious.\u201d D\u2019Amato published a study and annotated translation of the fourth century CE Buddhist treatise, Distinguishing the Middle from the Extremes (Columbia, 2012), the co-edited volume Pointing at the Moon: Buddhism, Logic, Analytic Philosophy (Oxford, 2009), as well as a number of articles on Buddhist thought in various journals and edited volumes. D\u2019Amato\u2019s continuing research aims to engage Buddhist thought in relation to Hegel, semiotics, and especially psychoanalysis.<\/p>\n<\/div>\n<\/div>\n<\/div>\n<\/div>\n<\/div>\n<\/div><\/div>\n<\/p><\/div>\n<\/section>\n<\/article>","protected":false},"excerpt":{"rendered":"<p>Mario D\u2019Amato, PhD Mario D\u2019Amato completed his Ph.D. at the University of Chicago (2000), where he studied the philosophy of religion, with a special emphasis on Buddhist philosophy. His primary research has been focused on the translation and interpretation of Sanskrit Buddhist doctrinal texts from the Yog\u0101c\u0101ra school, a school notable for having developed a [&hellip;]<\/p>\n","protected":false},"author":229715834,"featured_media":0,"parent":0,"menu_order":0,"comment_status":"closed","ping_status":"closed","template":"","meta":{"_crdt_document":"","publish_to_discourse":"","publish_post_category":"","wpdc_auto_publish_overridden":"","wpdc_topic_tags":"","wpdc_pin_topic":"","wpdc_pin_until":"","discourse_post_id":"","discourse_permalink":"","wpdc_publishing_response":"","wpdc_publishing_error":"","footnotes":""},"class_list":["post-582","page","type-page","status-publish","hentry"],"yoast_head":"<!-- This site is optimized with the Yoast SEO Premium plugin v27.4 (Yoast SEO v27.4) - https:\/\/yoast.com\/product\/yoast-seo-premium-wordpress\/ -->\n<title>Mario D&#039;Amato - The Global Centre for Advanced Studies<\/title>\n<meta name=\"robots\" content=\"index, follow, max-snippet:-1, max-image-preview:large, max-video-preview:-1\" \/>\n<link rel=\"canonical\" href=\"https:\/\/gcas.ie\/fr\/mario-damato\/\" \/>\n<meta property=\"og:locale\" content=\"fr_FR\" \/>\n<meta property=\"og:type\" content=\"article\" \/>\n<meta property=\"og:title\" content=\"Mario D&#039;Amato\" \/>\n<meta property=\"og:description\" content=\"Mario D\u2019Amato, PhD Mario D\u2019Amato completed his Ph.D. at the University of Chicago (2000), where he studied the philosophy of religion, with a special emphasis on Buddhist philosophy. His primary research has been focused on the translation and interpretation of Sanskrit Buddhist doctrinal texts from the Yog\u0101c\u0101ra school, a school notable for having developed a [&hellip;]\" \/>\n<meta property=\"og:url\" content=\"https:\/\/gcas.ie\/fr\/mario-damato\/\" \/>\n<meta property=\"og:site_name\" content=\"The Global Centre for Advanced Studies\" \/>\n<meta property=\"article:publisher\" content=\"https:\/\/www.facebook.com\/globalcenterforadvancedstudies\/\" \/>\n<meta property=\"article:modified_time\" content=\"2026-02-14T20:12:34+00:00\" \/>\n<meta property=\"og:image\" content=\"https:\/\/images.squarespace-cdn.com\/content\/v1\/59b42e3cd2b85729bbb2c95f\/087bdfa7-cece-4027-9c63-1ea9694b0fd0\/Mario.png?format=original\" \/>\n<meta name=\"twitter:card\" content=\"summary_large_image\" \/>\n<meta name=\"twitter:label1\" content=\"Dur\u00e9e de lecture estim\u00e9e\" \/>\n\t<meta name=\"twitter:data1\" content=\"1 minute\" \/>\n<script type=\"application\/ld+json\" class=\"yoast-schema-graph\">{\"@context\":\"https:\\\/\\\/schema.org\",\"@graph\":[{\"@type\":\"WebPage\",\"@id\":\"https:\\\/\\\/gcas.ie\\\/mario-damato\\\/\",\"url\":\"https:\\\/\\\/gcas.ie\\\/mario-damato\\\/\",\"name\":\"Mario D'Amato - The Global Centre for Advanced Studies\",\"isPartOf\":{\"@id\":\"https:\\\/\\\/gcas.ie\\\/#website\"},\"primaryImageOfPage\":{\"@id\":\"https:\\\/\\\/gcas.ie\\\/mario-damato\\\/#primaryimage\"},\"image\":{\"@id\":\"https:\\\/\\\/gcas.ie\\\/mario-damato\\\/#primaryimage\"},\"thumbnailUrl\":\"https:\\\/\\\/images.squarespace-cdn.com\\\/content\\\/v1\\\/59b42e3cd2b85729bbb2c95f\\\/087bdfa7-cece-4027-9c63-1ea9694b0fd0\\\/Mario.png?format=original\",\"datePublished\":\"2025-12-15T08:56:42+00:00\",\"dateModified\":\"2026-02-14T20:12:34+00:00\",\"breadcrumb\":{\"@id\":\"https:\\\/\\\/gcas.ie\\\/mario-damato\\\/#breadcrumb\"},\"inLanguage\":\"fr-FR\",\"potentialAction\":[{\"@type\":\"ReadAction\",\"target\":[\"https:\\\/\\\/gcas.ie\\\/mario-damato\\\/\"]}]},{\"@type\":\"ImageObject\",\"inLanguage\":\"fr-FR\",\"@id\":\"https:\\\/\\\/gcas.ie\\\/mario-damato\\\/#primaryimage\",\"url\":\"https:\\\/\\\/images.squarespace-cdn.com\\\/content\\\/v1\\\/59b42e3cd2b85729bbb2c95f\\\/087bdfa7-cece-4027-9c63-1ea9694b0fd0\\\/Mario.png?format=original\",\"contentUrl\":\"https:\\\/\\\/images.squarespace-cdn.com\\\/content\\\/v1\\\/59b42e3cd2b85729bbb2c95f\\\/087bdfa7-cece-4027-9c63-1ea9694b0fd0\\\/Mario.png?format=original\"},{\"@type\":\"BreadcrumbList\",\"@id\":\"https:\\\/\\\/gcas.ie\\\/mario-damato\\\/#breadcrumb\",\"itemListElement\":[{\"@type\":\"ListItem\",\"position\":1,\"name\":\"Home\",\"item\":\"https:\\\/\\\/gcas.ie\\\/\"},{\"@type\":\"ListItem\",\"position\":2,\"name\":\"Mario D&#8217;Amato\"}]},{\"@type\":\"WebSite\",\"@id\":\"https:\\\/\\\/gcas.ie\\\/#website\",\"url\":\"https:\\\/\\\/gcas.ie\\\/\",\"name\":\"The Global Centre for Advanced Studies\",\"description\":\"The World\u2019s First, Global Debt-Free, Accredited College Owned by Faculty and Graduates.\",\"publisher\":{\"@id\":\"https:\\\/\\\/gcas.ie\\\/#organization\"},\"alternateName\":\"GCAS College\",\"potentialAction\":[{\"@type\":\"SearchAction\",\"target\":{\"@type\":\"EntryPoint\",\"urlTemplate\":\"https:\\\/\\\/gcas.ie\\\/?s={search_term_string}\"},\"query-input\":{\"@type\":\"PropertyValueSpecification\",\"valueRequired\":true,\"valueName\":\"search_term_string\"}}],\"inLanguage\":\"fr-FR\"},{\"@type\":\"Organization\",\"@id\":\"https:\\\/\\\/gcas.ie\\\/#organization\",\"name\":\"The Global Centre for Advanced Studies\",\"alternateName\":\"GCAS\",\"url\":\"https:\\\/\\\/gcas.ie\\\/\",\"logo\":{\"@type\":\"ImageObject\",\"inLanguage\":\"fr-FR\",\"@id\":\"https:\\\/\\\/gcas.ie\\\/#\\\/schema\\\/logo\\\/image\\\/\",\"url\":\"https:\\\/\\\/i0.wp.com\\\/gcas.ie\\\/wp-content\\\/uploads\\\/2025\\\/12\\\/Untitled-design-2.png?fit=1080%2C1080&ssl=1\",\"contentUrl\":\"https:\\\/\\\/i0.wp.com\\\/gcas.ie\\\/wp-content\\\/uploads\\\/2025\\\/12\\\/Untitled-design-2.png?fit=1080%2C1080&ssl=1\",\"width\":1080,\"height\":1080,\"caption\":\"The Global Centre for Advanced Studies\"},\"image\":{\"@id\":\"https:\\\/\\\/gcas.ie\\\/#\\\/schema\\\/logo\\\/image\\\/\"},\"sameAs\":[\"https:\\\/\\\/www.facebook.com\\\/globalcenterforadvancedstudies\\\/\",\"https:\\\/\\\/www.instagram.com\\\/gcas.ie\\\/\",\"https:\\\/\\\/www.linkedin.com\\\/school\\\/the-global-center-for-advanced-studies\\\/?viewAsMember=true\"],\"description\":\"GCAS College Dublin is the world's first debt-free, EU-accredited online college, offering cooperatively owned BA, MA, and PhD degrees in philosophy, psychoanalysis, theology, social sciences, law, and natural sciences to students in 80+ countries.\",\"email\":\"contact@gcas.ie\",\"telephone\":\"+353 87 754 1417\",\"legalName\":\"GCAS College Dublin, LTD\",\"foundingDate\":\"2013-08-22\",\"numberOfEmployees\":{\"@type\":\"QuantitativeValue\",\"minValue\":\"11\",\"maxValue\":\"50\"}}]}<\/script>\n<!-- \/ Yoast SEO Premium plugin. -->","yoast_head_json":{"title":"Mario D'Amato - The Global Centre for Advanced Studies","robots":{"index":"index","follow":"follow","max-snippet":"max-snippet:-1","max-image-preview":"max-image-preview:large","max-video-preview":"max-video-preview:-1"},"canonical":"https:\/\/gcas.ie\/fr\/mario-damato\/","og_locale":"fr_FR","og_type":"article","og_title":"Mario D'Amato","og_description":"Mario D\u2019Amato, PhD Mario D\u2019Amato completed his Ph.D. at the University of Chicago (2000), where he studied the philosophy of religion, with a special emphasis on Buddhist philosophy. His primary research has been focused on the translation and interpretation of Sanskrit Buddhist doctrinal texts from the Yog\u0101c\u0101ra school, a school notable for having developed a [&hellip;]","og_url":"https:\/\/gcas.ie\/fr\/mario-damato\/","og_site_name":"The Global Centre for Advanced Studies","article_publisher":"https:\/\/www.facebook.com\/globalcenterforadvancedstudies\/","article_modified_time":"2026-02-14T20:12:34+00:00","og_image":[{"url":"https:\/\/images.squarespace-cdn.com\/content\/v1\/59b42e3cd2b85729bbb2c95f\/087bdfa7-cece-4027-9c63-1ea9694b0fd0\/Mario.png?format=original","type":"","width":"","height":""}],"twitter_card":"summary_large_image","twitter_misc":{"Dur\u00e9e de lecture estim\u00e9e":"1 minute"},"schema":{"@context":"https:\/\/schema.org","@graph":[{"@type":"WebPage","@id":"https:\/\/gcas.ie\/mario-damato\/","url":"https:\/\/gcas.ie\/mario-damato\/","name":"Mario D'Amato - The Global Centre for Advanced Studies","isPartOf":{"@id":"https:\/\/gcas.ie\/#website"},"primaryImageOfPage":{"@id":"https:\/\/gcas.ie\/mario-damato\/#primaryimage"},"image":{"@id":"https:\/\/gcas.ie\/mario-damato\/#primaryimage"},"thumbnailUrl":"https:\/\/images.squarespace-cdn.com\/content\/v1\/59b42e3cd2b85729bbb2c95f\/087bdfa7-cece-4027-9c63-1ea9694b0fd0\/Mario.png?format=original","datePublished":"2025-12-15T08:56:42+00:00","dateModified":"2026-02-14T20:12:34+00:00","breadcrumb":{"@id":"https:\/\/gcas.ie\/mario-damato\/#breadcrumb"},"inLanguage":"fr-FR","potentialAction":[{"@type":"ReadAction","target":["https:\/\/gcas.ie\/mario-damato\/"]}]},{"@type":"ImageObject","inLanguage":"fr-FR","@id":"https:\/\/gcas.ie\/mario-damato\/#primaryimage","url":"https:\/\/images.squarespace-cdn.com\/content\/v1\/59b42e3cd2b85729bbb2c95f\/087bdfa7-cece-4027-9c63-1ea9694b0fd0\/Mario.png?format=original","contentUrl":"https:\/\/images.squarespace-cdn.com\/content\/v1\/59b42e3cd2b85729bbb2c95f\/087bdfa7-cece-4027-9c63-1ea9694b0fd0\/Mario.png?format=original"},{"@type":"BreadcrumbList","@id":"https:\/\/gcas.ie\/mario-damato\/#breadcrumb","itemListElement":[{"@type":"ListItem","position":1,"name":"Home","item":"https:\/\/gcas.ie\/"},{"@type":"ListItem","position":2,"name":"Mario D&#8217;Amato"}]},{"@type":"WebSite","@id":"https:\/\/gcas.ie\/#website","url":"https:\/\/gcas.ie\/","name":"The Global Centre for Advanced Studies","description":"Le premier \u00e9tablissement d'enseignement sup\u00e9rieur accr\u00e9dit\u00e9 au monde, sans dette, appartenant aux enseignants et aux dipl\u00f4m\u00e9s.","publisher":{"@id":"https:\/\/gcas.ie\/#organization"},"alternateName":"GCAS College","potentialAction":[{"@type":"SearchAction","target":{"@type":"EntryPoint","urlTemplate":"https:\/\/gcas.ie\/?s={search_term_string}"},"query-input":{"@type":"PropertyValueSpecification","valueRequired":true,"valueName":"search_term_string"}}],"inLanguage":"fr-FR"},{"@type":"Organization","@id":"https:\/\/gcas.ie\/#organization","name":"The Global Centre for Advanced Studies","alternateName":"GCAS","url":"https:\/\/gcas.ie\/","logo":{"@type":"ImageObject","inLanguage":"fr-FR","@id":"https:\/\/gcas.ie\/#\/schema\/logo\/image\/","url":"https:\/\/i0.wp.com\/gcas.ie\/wp-content\/uploads\/2025\/12\/Untitled-design-2.png?fit=1080%2C1080&ssl=1","contentUrl":"https:\/\/i0.wp.com\/gcas.ie\/wp-content\/uploads\/2025\/12\/Untitled-design-2.png?fit=1080%2C1080&ssl=1","width":1080,"height":1080,"caption":"The Global Centre for Advanced Studies"},"image":{"@id":"https:\/\/gcas.ie\/#\/schema\/logo\/image\/"},"sameAs":["https:\/\/www.facebook.com\/globalcenterforadvancedstudies\/","https:\/\/www.instagram.com\/gcas.ie\/","https:\/\/www.linkedin.com\/school\/the-global-center-for-advanced-studies\/?viewAsMember=true"],"description":"GCAS College Dublin is the world's first debt-free, EU-accredited online college, offering cooperatively owned BA, MA, and PhD degrees in philosophy, psychoanalysis, theology, social sciences, law, and natural sciences to students in 80+ countries.","email":"contact@gcas.ie","telephone":"+353 87 754 1417","legalName":"GCAS College Dublin, LTD","foundingDate":"2013-08-22","numberOfEmployees":{"@type":"QuantitativeValue","minValue":"11","maxValue":"50"}}]}},"jetpack_likes_enabled":true,"jetpack_sharing_enabled":true,"jetpack_shortlink":"https:\/\/wp.me\/PesgkL-9o","jetpack-related-posts":[{"id":745,"url":"https:\/\/gcas.ie\/fr\/florence-seminars\/","url_meta":{"origin":582,"position":0},"title":"S\u00e9minaires de Florence","author":"crestondavis","date":"d\u00e9cembre 18, 2025","format":false,"excerpt":"GCAS Florence Seminars and Commencement May 8\u201316, 2026 Nine Days of Philosophy, Psychoanalysis, Art, and Collective Reflection In May 2026, GCAS returns to Florence for seminars, commencement, conversations, lectures, and collective study led by some of the most compelling thinkers working today. Set against the backdrop of Florence's Renaissance streets\u2026","rel":"","context":"Article similaire","block_context":{"text":"Article similaire","link":""},"img":{"alt_text":"","src":"https:\/\/i0.wp.com\/gcas.ie\/wp-content\/uploads\/2025\/12\/Florence.png?fit=1200%2C473&ssl=1&resize=350%2C200","width":350,"height":200,"srcset":"https:\/\/i0.wp.com\/gcas.ie\/wp-content\/uploads\/2025\/12\/Florence.png?fit=1200%2C473&ssl=1&resize=350%2C200 1x, https:\/\/i0.wp.com\/gcas.ie\/wp-content\/uploads\/2025\/12\/Florence.png?fit=1200%2C473&ssl=1&resize=525%2C300 1.5x, https:\/\/i0.wp.com\/gcas.ie\/wp-content\/uploads\/2025\/12\/Florence.png?fit=1200%2C473&ssl=1&resize=700%2C400 2x, https:\/\/i0.wp.com\/gcas.ie\/wp-content\/uploads\/2025\/12\/Florence.png?fit=1200%2C473&ssl=1&resize=1050%2C600 3x"},"classes":[]},{"id":2281,"url":"https:\/\/gcas.ie\/fr\/interview-ba\/","url_meta":{"origin":582,"position":1},"title":"Interview BA","author":"crestondavis","date":"d\u00e9cembre 30, 2025","format":false,"excerpt":"Thank you for applying to the BA program at GCAS. To complete the next step in your application, please schedule an admissions conversation with one of our faculty members below. Dr. Jamie Davies, PhD Lecturer in Literature and Philosophy at GCAS Schedule with Jamie Dr. Filippo Scafi, PhD Lecturer in\u2026","rel":"","context":"Article similaire","block_context":{"text":"Article similaire","link":""},"img":{"alt_text":"","src":"https:\/\/i0.wp.com\/gcas.ie\/wp-content\/uploads\/2025\/12\/BA-Interview-Page-Feature.png?fit=1200%2C630&ssl=1&resize=350%2C200","width":350,"height":200,"srcset":"https:\/\/i0.wp.com\/gcas.ie\/wp-content\/uploads\/2025\/12\/BA-Interview-Page-Feature.png?fit=1200%2C630&ssl=1&resize=350%2C200 1x, https:\/\/i0.wp.com\/gcas.ie\/wp-content\/uploads\/2025\/12\/BA-Interview-Page-Feature.png?fit=1200%2C630&ssl=1&resize=525%2C300 1.5x, https:\/\/i0.wp.com\/gcas.ie\/wp-content\/uploads\/2025\/12\/BA-Interview-Page-Feature.png?fit=1200%2C630&ssl=1&resize=700%2C400 2x, https:\/\/i0.wp.com\/gcas.ie\/wp-content\/uploads\/2025\/12\/BA-Interview-Page-Feature.png?fit=1200%2C630&ssl=1&resize=1050%2C600 3x"},"classes":[]},{"id":583,"url":"https:\/\/gcas.ie\/fr\/team\/","url_meta":{"origin":582,"position":2},"title":"L'\u00e9quipe","author":"Creston Davis","date":"d\u00e9cembre 15, 2025","format":false,"excerpt":"This is GCAS's Leadership Team Creston Davis, Ph.D. Founder and Chancellor Dublin creston.davis@gcas.ie Francisco Gonzalez-Castro, Ph.D. Vice Chancellor and Director of the MA Politics Program Santiago, Chile francisco.gonzalez@gcas.ie Lewis R. Gordon, Ph.D. Honorary President New York lewis@gcas.ie Mario D'Amato, Ph.D. Professor & Director of the Undergraduate Programme Atlanta, GA mario@gcas.ie\u2026","rel":"","context":"Article similaire","block_context":{"text":"Article similaire","link":""},"img":{"alt_text":"","src":"","width":0,"height":0},"classes":[]},{"id":237,"url":"https:\/\/gcas.ie\/fr\/directory\/","url_meta":{"origin":582,"position":3},"title":"Annuaire","author":"crestondavis","date":"d\u00e9cembre 11, 2025","format":false,"excerpt":"Contact Us Find the right person to help with your question \ud83d\udccb Applying to GCAS? Contact Admissions at admissions@gcas.ie or our Admissions Director Zuzana Garajova at zuzana@gcas.ie \ud83d\udcac Thinking About Joining GCAS? Why not schedule a conversation with one of our PhD Researchers to see if it's the right fit\u2026","rel":"","context":"Article similaire","block_context":{"text":"Article similaire","link":""},"img":{"alt_text":"","src":"","width":0,"height":0},"classes":[]},{"id":1928,"url":"https:\/\/gcas.ie\/fr\/schedule-supervision-meeting\/","url_meta":{"origin":582,"position":4},"title":"Schedule Supervision Meeting","author":"crestondavis","date":"d\u00e9cembre 24, 2025","format":false,"excerpt":"","rel":"","context":"Article similaire","block_context":{"text":"Article similaire","link":""},"img":{"alt_text":"","src":"","width":0,"height":0},"classes":[]},{"id":198,"url":"https:\/\/gcas.ie\/fr\/course-schedule\/","url_meta":{"origin":582,"position":5},"title":"Calendrier des cours GCAS","author":"crestondavis","date":"d\u00e9cembre 11, 2025","format":false,"excerpt":"Academic Year 2025-2026 Course Schedule All classes meet online via Zoom. Times listed are in New York Time (EST\/EDT). Join our global community of learners from anywhere in the world. BA Programme MA Programme PhD Programme All Courses BA MA PhD Philosophy Psychoanalysis Theology SEP September 2025 All Students Commencement\u2026","rel":"","context":"Article similaire","block_context":{"text":"Article similaire","link":""},"img":{"alt_text":"","src":"","width":0,"height":0},"classes":[]}],"_links":{"self":[{"href":"https:\/\/gcas.ie\/fr\/wp-json\/wp\/v2\/pages\/582","targetHints":{"allow":["GET"]}}],"collection":[{"href":"https:\/\/gcas.ie\/fr\/wp-json\/wp\/v2\/pages"}],"about":[{"href":"https:\/\/gcas.ie\/fr\/wp-json\/wp\/v2\/types\/page"}],"author":[{"embeddable":true,"href":"https:\/\/gcas.ie\/fr\/wp-json\/wp\/v2\/users\/229715834"}],"replies":[{"embeddable":true,"href":"https:\/\/gcas.ie\/fr\/wp-json\/wp\/v2\/comments?post=582"}],"version-history":[{"count":2,"href":"https:\/\/gcas.ie\/fr\/wp-json\/wp\/v2\/pages\/582\/revisions"}],"predecessor-version":[{"id":3420,"href":"https:\/\/gcas.ie\/fr\/wp-json\/wp\/v2\/pages\/582\/revisions\/3420"}],"wp:attachment":[{"href":"https:\/\/gcas.ie\/fr\/wp-json\/wp\/v2\/media?parent=582"}],"curies":[{"name":"wp","href":"https:\/\/api.w.org\/{rel}","templated":true}]}}