{"id":49,"date":"2025-12-09T12:34:49","date_gmt":"2025-12-09T12:34:49","guid":{"rendered":"https:\/\/gcas.ie\/?page_id=49"},"modified":"2026-02-25T21:10:38","modified_gmt":"2026-02-25T21:10:38","slug":"master-of-arts-politics","status":"publish","type":"page","link":"https:\/\/gcas.ie\/fr\/master-of-arts-politics\/","title":{"rendered":"MA Politique"},"content":{"rendered":"","protected":false},"excerpt":{"rendered":"","protected":false},"author":8678545,"featured_media":1181,"parent":0,"menu_order":0,"comment_status":"closed","ping_status":"closed","template":"template-program.php","meta":{"_crdt_document":"","publish_to_discourse":"","publish_post_category":"","wpdc_auto_publish_overridden":"","wpdc_topic_tags":"","wpdc_pin_topic":"","wpdc_pin_until":"","discourse_post_id":"","discourse_permalink":"","wpdc_publishing_response":"","wpdc_publishing_error":"","footnotes":""},"class_list":["post-49","page","type-page","status-publish","has-post-thumbnail","hentry"],"yoast_head":"<!-- This site is optimized with the Yoast SEO Premium plugin v27.4 (Yoast SEO v27.4) - https:\/\/yoast.com\/product\/yoast-seo-premium-wordpress\/ -->\n<title>MA Politics - The Global Centre for Advanced Studies<\/title>\n<meta name=\"robots\" content=\"index, follow, max-snippet:-1, max-image-preview:large, max-video-preview:-1\" \/>\n<link rel=\"canonical\" href=\"https:\/\/gcas.ie\/fr\/master-of-arts-politics\/\" \/>\n<meta property=\"og:locale\" content=\"fr_FR\" \/>\n<meta property=\"og:type\" content=\"article\" \/>\n<meta property=\"og:title\" content=\"MA Politics\" \/>\n<meta property=\"og:url\" content=\"https:\/\/gcas.ie\/fr\/master-of-arts-politics\/\" \/>\n<meta property=\"og:site_name\" content=\"The Global Centre for Advanced Studies\" \/>\n<meta property=\"article:publisher\" content=\"https:\/\/www.facebook.com\/globalcenterforadvancedstudies\/\" \/>\n<meta property=\"article:modified_time\" content=\"2026-02-25T21:10:38+00:00\" \/>\n<meta property=\"og:image\" content=\"https:\/\/gcas.ie\/wp-content\/uploads\/2025\/12\/IMG_8168-rotated.jpeg\" \/>\n\t<meta property=\"og:image:width\" content=\"3024\" \/>\n\t<meta property=\"og:image:height\" content=\"4032\" \/>\n\t<meta property=\"og:image:type\" content=\"image\/jpeg\" \/>\n<meta name=\"twitter:card\" content=\"summary_large_image\" \/>\n<meta name=\"twitter:label1\" content=\"Dur\u00e9e de lecture estim\u00e9e\" \/>\n\t<meta name=\"twitter:data1\" content=\"1 minute\" \/>\n<script type=\"application\/ld+json\" class=\"yoast-schema-graph\">{\"@context\":\"https:\\\/\\\/schema.org\",\"@graph\":[{\"@type\":\"WebPage\",\"@id\":\"https:\\\/\\\/gcas.ie\\\/master-of-arts-politics\\\/\",\"url\":\"https:\\\/\\\/gcas.ie\\\/master-of-arts-politics\\\/\",\"name\":\"MA Politics - The Global Centre for Advanced Studies\",\"isPartOf\":{\"@id\":\"https:\\\/\\\/gcas.ie\\\/#website\"},\"primaryImageOfPage\":{\"@id\":\"https:\\\/\\\/gcas.ie\\\/master-of-arts-politics\\\/#primaryimage\"},\"image\":{\"@id\":\"https:\\\/\\\/gcas.ie\\\/master-of-arts-politics\\\/#primaryimage\"},\"thumbnailUrl\":\"https:\\\/\\\/i0.wp.com\\\/gcas.ie\\\/wp-content\\\/uploads\\\/2025\\\/12\\\/IMG_8168-rotated.jpeg?fit=3024%2C4032&ssl=1\",\"datePublished\":\"2025-12-09T12:34:49+00:00\",\"dateModified\":\"2026-02-25T21:10:38+00:00\",\"breadcrumb\":{\"@id\":\"https:\\\/\\\/gcas.ie\\\/master-of-arts-politics\\\/#breadcrumb\"},\"inLanguage\":\"fr-FR\",\"potentialAction\":[{\"@type\":\"ReadAction\",\"target\":[\"https:\\\/\\\/gcas.ie\\\/master-of-arts-politics\\\/\"]}]},{\"@type\":\"ImageObject\",\"inLanguage\":\"fr-FR\",\"@id\":\"https:\\\/\\\/gcas.ie\\\/master-of-arts-politics\\\/#primaryimage\",\"url\":\"https:\\\/\\\/i0.wp.com\\\/gcas.ie\\\/wp-content\\\/uploads\\\/2025\\\/12\\\/IMG_8168-rotated.jpeg?fit=3024%2C4032&ssl=1\",\"contentUrl\":\"https:\\\/\\\/i0.wp.com\\\/gcas.ie\\\/wp-content\\\/uploads\\\/2025\\\/12\\\/IMG_8168-rotated.jpeg?fit=3024%2C4032&ssl=1\",\"width\":3024,\"height\":4032},{\"@type\":\"BreadcrumbList\",\"@id\":\"https:\\\/\\\/gcas.ie\\\/master-of-arts-politics\\\/#breadcrumb\",\"itemListElement\":[{\"@type\":\"ListItem\",\"position\":1,\"name\":\"Home\",\"item\":\"https:\\\/\\\/gcas.ie\\\/\"},{\"@type\":\"ListItem\",\"position\":2,\"name\":\"MA Politics\"}]},{\"@type\":\"WebSite\",\"@id\":\"https:\\\/\\\/gcas.ie\\\/#website\",\"url\":\"https:\\\/\\\/gcas.ie\\\/\",\"name\":\"The Global Centre for Advanced Studies\",\"description\":\"The World\u2019s First, Global Debt-Free, Accredited College Owned by Faculty and Graduates.\",\"publisher\":{\"@id\":\"https:\\\/\\\/gcas.ie\\\/#organization\"},\"alternateName\":\"GCAS College\",\"potentialAction\":[{\"@type\":\"SearchAction\",\"target\":{\"@type\":\"EntryPoint\",\"urlTemplate\":\"https:\\\/\\\/gcas.ie\\\/?s={search_term_string}\"},\"query-input\":{\"@type\":\"PropertyValueSpecification\",\"valueRequired\":true,\"valueName\":\"search_term_string\"}}],\"inLanguage\":\"fr-FR\"},{\"@type\":\"Organization\",\"@id\":\"https:\\\/\\\/gcas.ie\\\/#organization\",\"name\":\"The Global Centre for Advanced Studies\",\"alternateName\":\"GCAS\",\"url\":\"https:\\\/\\\/gcas.ie\\\/\",\"logo\":{\"@type\":\"ImageObject\",\"inLanguage\":\"fr-FR\",\"@id\":\"https:\\\/\\\/gcas.ie\\\/#\\\/schema\\\/logo\\\/image\\\/\",\"url\":\"https:\\\/\\\/i0.wp.com\\\/gcas.ie\\\/wp-content\\\/uploads\\\/2025\\\/12\\\/Untitled-design-2.png?fit=1080%2C1080&ssl=1\",\"contentUrl\":\"https:\\\/\\\/i0.wp.com\\\/gcas.ie\\\/wp-content\\\/uploads\\\/2025\\\/12\\\/Untitled-design-2.png?fit=1080%2C1080&ssl=1\",\"width\":1080,\"height\":1080,\"caption\":\"The Global Centre for Advanced Studies\"},\"image\":{\"@id\":\"https:\\\/\\\/gcas.ie\\\/#\\\/schema\\\/logo\\\/image\\\/\"},\"sameAs\":[\"https:\\\/\\\/www.facebook.com\\\/globalcenterforadvancedstudies\\\/\",\"https:\\\/\\\/www.instagram.com\\\/gcas.ie\\\/\",\"https:\\\/\\\/www.linkedin.com\\\/school\\\/the-global-center-for-advanced-studies\\\/?viewAsMember=true\"],\"description\":\"GCAS College Dublin is the world's first debt-free, EU-accredited online college, offering cooperatively owned BA, MA, and PhD degrees in philosophy, psychoanalysis, theology, social sciences, law, and natural sciences to students in 80+ countries.\",\"email\":\"contact@gcas.ie\",\"telephone\":\"+353 87 754 1417\",\"legalName\":\"GCAS College Dublin, LTD\",\"foundingDate\":\"2013-08-22\",\"numberOfEmployees\":{\"@type\":\"QuantitativeValue\",\"minValue\":\"11\",\"maxValue\":\"50\"}}]}<\/script>\n<!-- \/ Yoast SEO Premium plugin. -->","yoast_head_json":{"title":"MA Politics - The Global Centre for Advanced Studies","robots":{"index":"index","follow":"follow","max-snippet":"max-snippet:-1","max-image-preview":"max-image-preview:large","max-video-preview":"max-video-preview:-1"},"canonical":"https:\/\/gcas.ie\/fr\/master-of-arts-politics\/","og_locale":"fr_FR","og_type":"article","og_title":"MA Politics","og_url":"https:\/\/gcas.ie\/fr\/master-of-arts-politics\/","og_site_name":"The Global Centre for Advanced Studies","article_publisher":"https:\/\/www.facebook.com\/globalcenterforadvancedstudies\/","article_modified_time":"2026-02-25T21:10:38+00:00","og_image":[{"width":3024,"height":4032,"url":"https:\/\/gcas.ie\/wp-content\/uploads\/2025\/12\/IMG_8168-rotated.jpeg","type":"image\/jpeg"}],"twitter_card":"summary_large_image","twitter_misc":{"Dur\u00e9e de lecture estim\u00e9e":"1 minute"},"schema":{"@context":"https:\/\/schema.org","@graph":[{"@type":"WebPage","@id":"https:\/\/gcas.ie\/master-of-arts-politics\/","url":"https:\/\/gcas.ie\/master-of-arts-politics\/","name":"MA Politics - The Global Centre for Advanced Studies","isPartOf":{"@id":"https:\/\/gcas.ie\/#website"},"primaryImageOfPage":{"@id":"https:\/\/gcas.ie\/master-of-arts-politics\/#primaryimage"},"image":{"@id":"https:\/\/gcas.ie\/master-of-arts-politics\/#primaryimage"},"thumbnailUrl":"https:\/\/i0.wp.com\/gcas.ie\/wp-content\/uploads\/2025\/12\/IMG_8168-rotated.jpeg?fit=3024%2C4032&ssl=1","datePublished":"2025-12-09T12:34:49+00:00","dateModified":"2026-02-25T21:10:38+00:00","breadcrumb":{"@id":"https:\/\/gcas.ie\/master-of-arts-politics\/#breadcrumb"},"inLanguage":"fr-FR","potentialAction":[{"@type":"ReadAction","target":["https:\/\/gcas.ie\/master-of-arts-politics\/"]}]},{"@type":"ImageObject","inLanguage":"fr-FR","@id":"https:\/\/gcas.ie\/master-of-arts-politics\/#primaryimage","url":"https:\/\/i0.wp.com\/gcas.ie\/wp-content\/uploads\/2025\/12\/IMG_8168-rotated.jpeg?fit=3024%2C4032&ssl=1","contentUrl":"https:\/\/i0.wp.com\/gcas.ie\/wp-content\/uploads\/2025\/12\/IMG_8168-rotated.jpeg?fit=3024%2C4032&ssl=1","width":3024,"height":4032},{"@type":"BreadcrumbList","@id":"https:\/\/gcas.ie\/master-of-arts-politics\/#breadcrumb","itemListElement":[{"@type":"ListItem","position":1,"name":"Home","item":"https:\/\/gcas.ie\/"},{"@type":"ListItem","position":2,"name":"MA Politics"}]},{"@type":"WebSite","@id":"https:\/\/gcas.ie\/#website","url":"https:\/\/gcas.ie\/","name":"The Global Centre for Advanced Studies","description":"Le premier \u00e9tablissement d'enseignement sup\u00e9rieur accr\u00e9dit\u00e9 au monde, sans dette, appartenant aux enseignants et aux dipl\u00f4m\u00e9s.","publisher":{"@id":"https:\/\/gcas.ie\/#organization"},"alternateName":"GCAS College","potentialAction":[{"@type":"SearchAction","target":{"@type":"EntryPoint","urlTemplate":"https:\/\/gcas.ie\/?s={search_term_string}"},"query-input":{"@type":"PropertyValueSpecification","valueRequired":true,"valueName":"search_term_string"}}],"inLanguage":"fr-FR"},{"@type":"Organization","@id":"https:\/\/gcas.ie\/#organization","name":"The Global Centre for Advanced Studies","alternateName":"GCAS","url":"https:\/\/gcas.ie\/","logo":{"@type":"ImageObject","inLanguage":"fr-FR","@id":"https:\/\/gcas.ie\/#\/schema\/logo\/image\/","url":"https:\/\/i0.wp.com\/gcas.ie\/wp-content\/uploads\/2025\/12\/Untitled-design-2.png?fit=1080%2C1080&ssl=1","contentUrl":"https:\/\/i0.wp.com\/gcas.ie\/wp-content\/uploads\/2025\/12\/Untitled-design-2.png?fit=1080%2C1080&ssl=1","width":1080,"height":1080,"caption":"The Global Centre for Advanced Studies"},"image":{"@id":"https:\/\/gcas.ie\/#\/schema\/logo\/image\/"},"sameAs":["https:\/\/www.facebook.com\/globalcenterforadvancedstudies\/","https:\/\/www.instagram.com\/gcas.ie\/","https:\/\/www.linkedin.com\/school\/the-global-center-for-advanced-studies\/?viewAsMember=true"],"description":"GCAS College Dublin is the world's first debt-free, EU-accredited online college, offering cooperatively owned BA, MA, and PhD degrees in philosophy, psychoanalysis, theology, social sciences, law, and natural sciences to students in 80+ countries.","email":"contact@gcas.ie","telephone":"+353 87 754 1417","legalName":"GCAS College Dublin, LTD","foundingDate":"2013-08-22","numberOfEmployees":{"@type":"QuantitativeValue","minValue":"11","maxValue":"50"}}]}},"jetpack_likes_enabled":true,"jetpack_sharing_enabled":true,"jetpack_shortlink":"https:\/\/wp.me\/PesgkL-N","jetpack-related-posts":[{"id":3040,"url":"https:\/\/gcas.ie\/fr\/ma-politics-tracker\/","url_meta":{"origin":49,"position":0},"title":"MA Politics Program Tracker","author":"crestondavis","date":"janvier 9, 2026","format":false,"excerpt":"Coming Soon!","rel":"","context":"Article similaire","block_context":{"text":"Article similaire","link":""},"img":{"alt_text":"","src":"","width":0,"height":0},"classes":[]},{"id":440,"url":"https:\/\/gcas.ie\/fr\/phase-2-ma-politics\/","url_meta":{"origin":49,"position":1},"title":"Phase 2 MA Politics","author":"crestondavis","date":"d\u00e9cembre 14, 2025","format":false,"excerpt":"Your Application Progress \u2713 Phase 1 General Application \u2713 Interview Completed 3 Phase 2 You Are Here 4 Decision Pending MA Politics \u2013 Phase 2 Application You're almost there! Please submit the following materials to complete your application to the MA Politics program. Required Documents: CV \u2013 Current curriculum vitae\u2026","rel":"","context":"Article similaire","block_context":{"text":"Article similaire","link":""},"img":{"alt_text":"","src":"","width":0,"height":0},"classes":[]},{"id":2316,"url":"https:\/\/gcas.ie\/fr\/interview-ma-politics\/","url_meta":{"origin":49,"position":2},"title":"Interview MA Politics","author":"crestondavis","date":"d\u00e9cembre 30, 2025","format":false,"excerpt":"Thank you for applying to the MA Politics program at GCAS. To complete the next step in your application, please schedule an admissions conversation with one of our faculty members below. Dr. Francisco Gonzalez, PhD Professor of Political Aesthetics and Philosophy at GCAS Schedule with Francisco Dr. Creston Davis, PhD\u2026","rel":"","context":"Article similaire","block_context":{"text":"Article similaire","link":""},"img":{"alt_text":"","src":"https:\/\/i0.wp.com\/gcas.ie\/wp-content\/uploads\/2025\/12\/Politics-Interview.png?fit=1200%2C630&ssl=1&resize=350%2C200","width":350,"height":200,"srcset":"https:\/\/i0.wp.com\/gcas.ie\/wp-content\/uploads\/2025\/12\/Politics-Interview.png?fit=1200%2C630&ssl=1&resize=350%2C200 1x, https:\/\/i0.wp.com\/gcas.ie\/wp-content\/uploads\/2025\/12\/Politics-Interview.png?fit=1200%2C630&ssl=1&resize=525%2C300 1.5x, https:\/\/i0.wp.com\/gcas.ie\/wp-content\/uploads\/2025\/12\/Politics-Interview.png?fit=1200%2C630&ssl=1&resize=700%2C400 2x, https:\/\/i0.wp.com\/gcas.ie\/wp-content\/uploads\/2025\/12\/Politics-Interview.png?fit=1200%2C630&ssl=1&resize=1050%2C600 3x"},"classes":[]},{"id":3033,"url":"https:\/\/gcas.ie\/fr\/ma-philosophy-tracker\/","url_meta":{"origin":49,"position":3},"title":"MA Philosophy Program Tracker","author":"crestondavis","date":"janvier 9, 2026","format":false,"excerpt":"","rel":"","context":"Article similaire","block_context":{"text":"Article similaire","link":""},"img":{"alt_text":"","src":"","width":0,"height":0},"classes":[]},{"id":3035,"url":"https:\/\/gcas.ie\/fr\/ma-philosophy-supervisor-dashboard\/","url_meta":{"origin":49,"position":4},"title":"MA Philosophy Supervisor Dashboard","author":"crestondavis","date":"janvier 9, 2026","format":false,"excerpt":"","rel":"","context":"Article similaire","block_context":{"text":"Article similaire","link":""},"img":{"alt_text":"","src":"","width":0,"height":0},"classes":[]},{"id":3042,"url":"https:\/\/gcas.ie\/fr\/ma-psychoanalysis-tracker\/","url_meta":{"origin":49,"position":5},"title":"MA Psychoanalysis Program Tracker","author":"crestondavis","date":"janvier 9, 2026","format":false,"excerpt":"Coming Soon.","rel":"","context":"Article similaire","block_context":{"text":"Article similaire","link":""},"img":{"alt_text":"","src":"","width":0,"height":0},"classes":[]}],"_links":{"self":[{"href":"https:\/\/gcas.ie\/fr\/wp-json\/wp\/v2\/pages\/49","targetHints":{"allow":["GET"]}}],"collection":[{"href":"https:\/\/gcas.ie\/fr\/wp-json\/wp\/v2\/pages"}],"about":[{"href":"https:\/\/gcas.ie\/fr\/wp-json\/wp\/v2\/types\/page"}],"author":[{"embeddable":true,"href":"https:\/\/gcas.ie\/fr\/wp-json\/wp\/v2\/users\/8678545"}],"replies":[{"embeddable":true,"href":"https:\/\/gcas.ie\/fr\/wp-json\/wp\/v2\/comments?post=49"}],"version-history":[{"count":3,"href":"https:\/\/gcas.ie\/fr\/wp-json\/wp\/v2\/pages\/49\/revisions"}],"predecessor-version":[{"id":3332,"href":"https:\/\/gcas.ie\/fr\/wp-json\/wp\/v2\/pages\/49\/revisions\/3332"}],"wp:featuredmedia":[{"embeddable":true,"href":"https:\/\/gcas.ie\/fr\/wp-json\/wp\/v2\/media\/1181"}],"wp:attachment":[{"href":"https:\/\/gcas.ie\/fr\/wp-json\/wp\/v2\/media?parent=49"}],"curies":[{"name":"wp","href":"https:\/\/api.w.org\/{rel}","templated":true}]}}