{"id":47,"date":"2025-12-09T12:34:17","date_gmt":"2025-12-09T12:34:17","guid":{"rendered":"https:\/\/gcas.ie\/?page_id=47"},"modified":"2026-02-07T16:47:16","modified_gmt":"2026-02-07T16:47:16","slug":"master-of-arts-psychoanalysis","status":"publish","type":"page","link":"https:\/\/gcas.ie\/fr\/master-of-arts-psychoanalysis\/","title":{"rendered":"MA Psychanalyse"},"content":{"rendered":"<p class=\"wp-block-paragraph\"><br><\/p>\n\n\n\n<p class=\"has-text-align-center wp-block-paragraph\"><strong>Join the World&#8217;s Leading Online Masters Degree in Psychoanalysis<\/strong>.<\/p>","protected":false},"excerpt":{"rendered":"<p>Join the World&#8217;s Leading Online Masters Degree in Psychoanalysis.<\/p>","protected":false},"author":8678545,"featured_media":2124,"parent":0,"menu_order":0,"comment_status":"closed","ping_status":"closed","template":"template-program.php","meta":{"_crdt_document":"","publish_to_discourse":"","publish_post_category":"","wpdc_auto_publish_overridden":"","wpdc_topic_tags":"","wpdc_pin_topic":"","wpdc_pin_until":"","discourse_post_id":"","discourse_permalink":"","wpdc_publishing_response":"","wpdc_publishing_error":"","footnotes":""},"class_list":["post-47","page","type-page","status-publish","has-post-thumbnail","hentry"],"yoast_head":"<!-- This site is optimized with the Yoast SEO Premium plugin v27.6 (Yoast SEO v27.6) - https:\/\/yoast.com\/product\/yoast-seo-premium-wordpress\/ -->\n<title>MA Psychoanalysis - The Global Centre for Advanced Studies<\/title>\n<meta name=\"description\" content=\"Earn an EU-accredited, debt-free online Master of Arts in Psychoanalysis. Study psychoanalytic theory with world-class faculty.\" \/>\n<meta name=\"robots\" content=\"index, follow, max-snippet:-1, max-image-preview:large, max-video-preview:-1\" \/>\n<link rel=\"canonical\" href=\"https:\/\/gcas.ie\/fr\/master-of-arts-psychoanalysis\/\" \/>\n<meta property=\"og:locale\" content=\"fr_FR\" \/>\n<meta property=\"og:type\" content=\"article\" \/>\n<meta property=\"og:title\" content=\"MA Psychoanalysis\" \/>\n<meta property=\"og:description\" content=\"Earn an EU-accredited, debt-free online Master of Arts in Psychoanalysis. Study psychoanalytic theory with world-class faculty.\" \/>\n<meta property=\"og:url\" content=\"https:\/\/gcas.ie\/fr\/master-of-arts-psychoanalysis\/\" \/>\n<meta property=\"og:site_name\" content=\"The Global Centre for Advanced Studies\" \/>\n<meta property=\"article:publisher\" content=\"https:\/\/www.facebook.com\/globalcenterforadvancedstudies\/\" \/>\n<meta property=\"article:modified_time\" content=\"2026-02-07T16:47:16+00:00\" \/>\n<meta property=\"og:image\" content=\"https:\/\/gcas.ie\/wp-content\/uploads\/2025\/12\/Bracha-and-Jamieson.png\" \/>\n\t<meta property=\"og:image:width\" content=\"1080\" \/>\n\t<meta property=\"og:image:height\" content=\"720\" \/>\n\t<meta property=\"og:image:type\" content=\"image\/png\" \/>\n<meta name=\"twitter:card\" content=\"summary_large_image\" \/>\n<meta name=\"twitter:label1\" content=\"Dur\u00e9e de lecture estim\u00e9e\" \/>\n\t<meta name=\"twitter:data1\" content=\"1 minute\" \/>\n<script type=\"application\/ld+json\" class=\"yoast-schema-graph\">{\"@context\":\"https:\\\/\\\/schema.org\",\"@graph\":[{\"@type\":\"WebPage\",\"@id\":\"https:\\\/\\\/gcas.ie\\\/master-of-arts-psychoanalysis\\\/\",\"url\":\"https:\\\/\\\/gcas.ie\\\/master-of-arts-psychoanalysis\\\/\",\"name\":\"MA Psychoanalysis - The Global Centre for Advanced Studies\",\"isPartOf\":{\"@id\":\"https:\\\/\\\/gcas.ie\\\/#website\"},\"primaryImageOfPage\":{\"@id\":\"https:\\\/\\\/gcas.ie\\\/master-of-arts-psychoanalysis\\\/#primaryimage\"},\"image\":{\"@id\":\"https:\\\/\\\/gcas.ie\\\/master-of-arts-psychoanalysis\\\/#primaryimage\"},\"thumbnailUrl\":\"https:\\\/\\\/i0.wp.com\\\/gcas.ie\\\/wp-content\\\/uploads\\\/2025\\\/12\\\/Bracha-and-Jamieson.png?fit=1080%2C720&ssl=1\",\"datePublished\":\"2025-12-09T12:34:17+00:00\",\"dateModified\":\"2026-02-07T16:47:16+00:00\",\"description\":\"Earn an EU-accredited, debt-free online Master of Arts in Psychoanalysis. Study psychoanalytic theory with world-class faculty.\",\"breadcrumb\":{\"@id\":\"https:\\\/\\\/gcas.ie\\\/master-of-arts-psychoanalysis\\\/#breadcrumb\"},\"inLanguage\":\"fr-FR\",\"potentialAction\":[{\"@type\":\"ReadAction\",\"target\":[\"https:\\\/\\\/gcas.ie\\\/master-of-arts-psychoanalysis\\\/\"]}]},{\"@type\":\"ImageObject\",\"inLanguage\":\"fr-FR\",\"@id\":\"https:\\\/\\\/gcas.ie\\\/master-of-arts-psychoanalysis\\\/#primaryimage\",\"url\":\"https:\\\/\\\/i0.wp.com\\\/gcas.ie\\\/wp-content\\\/uploads\\\/2025\\\/12\\\/Bracha-and-Jamieson.png?fit=1080%2C720&ssl=1\",\"contentUrl\":\"https:\\\/\\\/i0.wp.com\\\/gcas.ie\\\/wp-content\\\/uploads\\\/2025\\\/12\\\/Bracha-and-Jamieson.png?fit=1080%2C720&ssl=1\",\"width\":1080,\"height\":720},{\"@type\":\"BreadcrumbList\",\"@id\":\"https:\\\/\\\/gcas.ie\\\/master-of-arts-psychoanalysis\\\/#breadcrumb\",\"itemListElement\":[{\"@type\":\"ListItem\",\"position\":1,\"name\":\"Home\",\"item\":\"https:\\\/\\\/gcas.ie\\\/\"},{\"@type\":\"ListItem\",\"position\":2,\"name\":\"MA Psychoanalysis\"}]},{\"@type\":\"WebSite\",\"@id\":\"https:\\\/\\\/gcas.ie\\\/#website\",\"url\":\"https:\\\/\\\/gcas.ie\\\/\",\"name\":\"The Global Centre for Advanced Studies\",\"description\":\"The World\u2019s First, Global Debt-Free, Accredited College Owned by Faculty and Graduates.\",\"publisher\":{\"@id\":\"https:\\\/\\\/gcas.ie\\\/#organization\"},\"alternateName\":\"GCAS College\",\"potentialAction\":[{\"@type\":\"SearchAction\",\"target\":{\"@type\":\"EntryPoint\",\"urlTemplate\":\"https:\\\/\\\/gcas.ie\\\/?s={search_term_string}\"},\"query-input\":{\"@type\":\"PropertyValueSpecification\",\"valueRequired\":true,\"valueName\":\"search_term_string\"}}],\"inLanguage\":\"fr-FR\"},{\"@type\":\"Organization\",\"@id\":\"https:\\\/\\\/gcas.ie\\\/#organization\",\"name\":\"The Global Centre for Advanced Studies\",\"alternateName\":\"GCAS\",\"url\":\"https:\\\/\\\/gcas.ie\\\/\",\"logo\":{\"@type\":\"ImageObject\",\"inLanguage\":\"fr-FR\",\"@id\":\"https:\\\/\\\/gcas.ie\\\/#\\\/schema\\\/logo\\\/image\\\/\",\"url\":\"https:\\\/\\\/i0.wp.com\\\/gcas.ie\\\/wp-content\\\/uploads\\\/2025\\\/12\\\/Untitled-design-2.png?fit=1080%2C1080&ssl=1\",\"contentUrl\":\"https:\\\/\\\/i0.wp.com\\\/gcas.ie\\\/wp-content\\\/uploads\\\/2025\\\/12\\\/Untitled-design-2.png?fit=1080%2C1080&ssl=1\",\"width\":1080,\"height\":1080,\"caption\":\"The Global Centre for Advanced Studies\"},\"image\":{\"@id\":\"https:\\\/\\\/gcas.ie\\\/#\\\/schema\\\/logo\\\/image\\\/\"},\"sameAs\":[\"https:\\\/\\\/www.facebook.com\\\/globalcenterforadvancedstudies\\\/\",\"https:\\\/\\\/www.instagram.com\\\/gcas.ie\\\/\",\"https:\\\/\\\/www.linkedin.com\\\/school\\\/the-global-center-for-advanced-studies\\\/?viewAsMember=true\"],\"description\":\"GCAS College Dublin is the world's first debt-free, EU-accredited online college, offering cooperatively owned BA, MA, and PhD degrees in philosophy, psychoanalysis, theology, social sciences, law, and natural sciences to students in 80+ countries.\",\"email\":\"contact@gcas.ie\",\"telephone\":\"+353 87 754 1417\",\"legalName\":\"GCAS College Dublin, LTD\",\"foundingDate\":\"2013-08-22\",\"numberOfEmployees\":{\"@type\":\"QuantitativeValue\",\"minValue\":\"11\",\"maxValue\":\"50\"}}]}<\/script>\n<!-- \/ Yoast SEO Premium plugin. -->","yoast_head_json":{"title":"MA Psychoanalysis - The Global Centre for Advanced Studies","description":"Earn an EU-accredited, debt-free online Master of Arts in Psychoanalysis. Study psychoanalytic theory with world-class faculty.","robots":{"index":"index","follow":"follow","max-snippet":"max-snippet:-1","max-image-preview":"max-image-preview:large","max-video-preview":"max-video-preview:-1"},"canonical":"https:\/\/gcas.ie\/fr\/master-of-arts-psychoanalysis\/","og_locale":"fr_FR","og_type":"article","og_title":"MA Psychoanalysis","og_description":"Earn an EU-accredited, debt-free online Master of Arts in Psychoanalysis. Study psychoanalytic theory with world-class faculty.","og_url":"https:\/\/gcas.ie\/fr\/master-of-arts-psychoanalysis\/","og_site_name":"The Global Centre for Advanced Studies","article_publisher":"https:\/\/www.facebook.com\/globalcenterforadvancedstudies\/","article_modified_time":"2026-02-07T16:47:16+00:00","og_image":[{"width":1080,"height":720,"url":"https:\/\/gcas.ie\/wp-content\/uploads\/2025\/12\/Bracha-and-Jamieson.png","type":"image\/png"}],"twitter_card":"summary_large_image","twitter_misc":{"Dur\u00e9e de lecture estim\u00e9e":"1 minute"},"schema":{"@context":"https:\/\/schema.org","@graph":[{"@type":"WebPage","@id":"https:\/\/gcas.ie\/master-of-arts-psychoanalysis\/","url":"https:\/\/gcas.ie\/master-of-arts-psychoanalysis\/","name":"MA Psychoanalysis - The Global Centre for Advanced Studies","isPartOf":{"@id":"https:\/\/gcas.ie\/#website"},"primaryImageOfPage":{"@id":"https:\/\/gcas.ie\/master-of-arts-psychoanalysis\/#primaryimage"},"image":{"@id":"https:\/\/gcas.ie\/master-of-arts-psychoanalysis\/#primaryimage"},"thumbnailUrl":"https:\/\/i0.wp.com\/gcas.ie\/wp-content\/uploads\/2025\/12\/Bracha-and-Jamieson.png?fit=1080%2C720&ssl=1","datePublished":"2025-12-09T12:34:17+00:00","dateModified":"2026-02-07T16:47:16+00:00","description":"Earn an EU-accredited, debt-free online Master of Arts in Psychoanalysis. Study psychoanalytic theory with world-class faculty.","breadcrumb":{"@id":"https:\/\/gcas.ie\/master-of-arts-psychoanalysis\/#breadcrumb"},"inLanguage":"fr-FR","potentialAction":[{"@type":"ReadAction","target":["https:\/\/gcas.ie\/master-of-arts-psychoanalysis\/"]}]},{"@type":"ImageObject","inLanguage":"fr-FR","@id":"https:\/\/gcas.ie\/master-of-arts-psychoanalysis\/#primaryimage","url":"https:\/\/i0.wp.com\/gcas.ie\/wp-content\/uploads\/2025\/12\/Bracha-and-Jamieson.png?fit=1080%2C720&ssl=1","contentUrl":"https:\/\/i0.wp.com\/gcas.ie\/wp-content\/uploads\/2025\/12\/Bracha-and-Jamieson.png?fit=1080%2C720&ssl=1","width":1080,"height":720},{"@type":"BreadcrumbList","@id":"https:\/\/gcas.ie\/master-of-arts-psychoanalysis\/#breadcrumb","itemListElement":[{"@type":"ListItem","position":1,"name":"Home","item":"https:\/\/gcas.ie\/"},{"@type":"ListItem","position":2,"name":"MA Psychoanalysis"}]},{"@type":"WebSite","@id":"https:\/\/gcas.ie\/#website","url":"https:\/\/gcas.ie\/","name":"The Global Centre for Advanced Studies","description":"Le premier \u00e9tablissement d'enseignement sup\u00e9rieur accr\u00e9dit\u00e9 au monde, sans dette, appartenant aux enseignants et aux dipl\u00f4m\u00e9s.","publisher":{"@id":"https:\/\/gcas.ie\/#organization"},"alternateName":"GCAS College","potentialAction":[{"@type":"SearchAction","target":{"@type":"EntryPoint","urlTemplate":"https:\/\/gcas.ie\/?s={search_term_string}"},"query-input":{"@type":"PropertyValueSpecification","valueRequired":true,"valueName":"search_term_string"}}],"inLanguage":"fr-FR"},{"@type":"Organization","@id":"https:\/\/gcas.ie\/#organization","name":"The Global Centre for Advanced Studies","alternateName":"GCAS","url":"https:\/\/gcas.ie\/","logo":{"@type":"ImageObject","inLanguage":"fr-FR","@id":"https:\/\/gcas.ie\/#\/schema\/logo\/image\/","url":"https:\/\/i0.wp.com\/gcas.ie\/wp-content\/uploads\/2025\/12\/Untitled-design-2.png?fit=1080%2C1080&ssl=1","contentUrl":"https:\/\/i0.wp.com\/gcas.ie\/wp-content\/uploads\/2025\/12\/Untitled-design-2.png?fit=1080%2C1080&ssl=1","width":1080,"height":1080,"caption":"The Global Centre for Advanced Studies"},"image":{"@id":"https:\/\/gcas.ie\/#\/schema\/logo\/image\/"},"sameAs":["https:\/\/www.facebook.com\/globalcenterforadvancedstudies\/","https:\/\/www.instagram.com\/gcas.ie\/","https:\/\/www.linkedin.com\/school\/the-global-center-for-advanced-studies\/?viewAsMember=true"],"description":"GCAS College Dublin is the world's first debt-free, EU-accredited online college, offering cooperatively owned BA, MA, and PhD degrees in philosophy, psychoanalysis, theology, social sciences, law, and natural sciences to students in 80+ countries.","email":"contact@gcas.ie","telephone":"+353 87 754 1417","legalName":"GCAS College Dublin, LTD","foundingDate":"2013-08-22","numberOfEmployees":{"@type":"QuantitativeValue","minValue":"11","maxValue":"50"}}]}},"jetpack_likes_enabled":true,"jetpack_sharing_enabled":true,"jetpack_shortlink":"https:\/\/wp.me\/PesgkL-L","jetpack-related-posts":[{"id":3042,"url":"https:\/\/gcas.ie\/fr\/ma-psychoanalysis-tracker\/","url_meta":{"origin":47,"position":0},"title":"MA Psychoanalysis Program Tracker","author":"crestondavis","date":"janvier 9, 2026","format":false,"excerpt":"Coming Soon.","rel":"","context":"Article similaire","block_context":{"text":"Article similaire","link":""},"img":{"alt_text":"","src":"","width":0,"height":0},"classes":[]},{"id":428,"url":"https:\/\/gcas.ie\/fr\/phase-2-ma-psychoanalysis\/","url_meta":{"origin":47,"position":1},"title":"Phase 2 MA Psychoanalysis","author":"crestondavis","date":"d\u00e9cembre 14, 2025","format":false,"excerpt":"Your Application Progress \u2713 Phase 1 General Application \u2713 Interview Completed 3 Phase 2 You Are Here 4 Decision Pending MA Psychoanalysis \u2013 Phase 2 Application You're almost there! Please submit the following materials to complete your application to the MA Psychoanalysis program. Required Documents: CV \u2013 Current curriculum vitae\u2026","rel":"","context":"Article similaire","block_context":{"text":"Article similaire","link":""},"img":{"alt_text":"","src":"","width":0,"height":0},"classes":[]},{"id":2301,"url":"https:\/\/gcas.ie\/fr\/interview-ma-psychoanalysis\/","url_meta":{"origin":47,"position":2},"title":"Interview MA Psychoanalysis","author":"crestondavis","date":"d\u00e9cembre 30, 2025","format":false,"excerpt":"Thank you for applying to the MA Psychoanalysis program at GCAS. To complete the next step in your application, please schedule an admissions conversation with the Director of the MA Psychoanalysis Program below. Dr. Florian Kleinau, PhD Professor of Psychoanalysis and Director of the MA Psychoanalysis Program Schedule with Florian","rel":"","context":"Article similaire","block_context":{"text":"Article similaire","link":""},"img":{"alt_text":"","src":"https:\/\/i0.wp.com\/gcas.ie\/wp-content\/uploads\/2025\/12\/Psychoanalysis-Interview.png?fit=1200%2C630&ssl=1&resize=350%2C200","width":350,"height":200,"srcset":"https:\/\/i0.wp.com\/gcas.ie\/wp-content\/uploads\/2025\/12\/Psychoanalysis-Interview.png?fit=1200%2C630&ssl=1&resize=350%2C200 1x, https:\/\/i0.wp.com\/gcas.ie\/wp-content\/uploads\/2025\/12\/Psychoanalysis-Interview.png?fit=1200%2C630&ssl=1&resize=525%2C300 1.5x, https:\/\/i0.wp.com\/gcas.ie\/wp-content\/uploads\/2025\/12\/Psychoanalysis-Interview.png?fit=1200%2C630&ssl=1&resize=700%2C400 2x, https:\/\/i0.wp.com\/gcas.ie\/wp-content\/uploads\/2025\/12\/Psychoanalysis-Interview.png?fit=1200%2C630&ssl=1&resize=1050%2C600 3x"},"classes":[]},{"id":537,"url":"https:\/\/gcas.ie\/fr\/julie-reshe\/","url_meta":{"origin":47,"position":3},"title":"Julie Reshe","author":"Creston Davis","date":"d\u00e9cembre 15, 2025","format":false,"excerpt":"JULIE RESHE, PHD\u00a0Director of the Institute of Psychoanalysis Julie Reshe is a leading researcher in psychoanalysis and professor of philosophy at the Global Centre for Advanced Studies where she directs the Institute of Psychoanalysis. She completed her PhD under the supervision of Alenka Zupan\u010di\u010d at the Research Centre of the\u2026","rel":"","context":"Article similaire","block_context":{"text":"Article similaire","link":""},"img":{"alt_text":"","src":"","width":0,"height":0},"classes":[]},{"id":3319,"url":"https:\/\/gcas.ie\/fr\/professors-academic-year-2026-2027\/","url_meta":{"origin":47,"position":4},"title":"Professeurs Ann\u00e9e acad\u00e9mique 2026-2027","author":"crestondavis","date":"f\u00e9vrier 9, 2026","format":false,"excerpt":"Academic Year 2026\u20132027 Teaching Faculty World-class scholars from leading institutions will guide your studies at GCAS next year. From philosophy and psychoanalysis to theology, critical theory, and political thought \u2014 learn directly from the thinkers who are shaping these fields. Course details and the full teaching schedule are still being\u2026","rel":"","context":"Article similaire","block_context":{"text":"Article similaire","link":""},"img":{"alt_text":"","src":"","width":0,"height":0},"classes":[]},{"id":3992,"url":"https:\/\/gcas.ie\/fr\/psychoanalysis-certificate-program\/","url_meta":{"origin":47,"position":5},"title":"Psychoanalysis Certificate Program","author":"crestondavis","date":"avril 26, 2026","format":false,"excerpt":"Psychoanalysis Certificate Program An intensive interdisciplinary engagement with psychoanalytic theory and clinical thought The GCAS Certificate in Psychoanalysis offers a rigorous, year-long encounter with the psychoanalytic tradition \u2014 from Freud and the early continental development through Lacan and contemporary critical engagements. The program is designed for clinicians seeking to deepen\u2026","rel":"","context":"Article similaire","block_context":{"text":"Article similaire","link":""},"img":{"alt_text":"","src":"","width":0,"height":0},"classes":[]}],"_links":{"self":[{"href":"https:\/\/gcas.ie\/fr\/wp-json\/wp\/v2\/pages\/47","targetHints":{"allow":["GET"]}}],"collection":[{"href":"https:\/\/gcas.ie\/fr\/wp-json\/wp\/v2\/pages"}],"about":[{"href":"https:\/\/gcas.ie\/fr\/wp-json\/wp\/v2\/types\/page"}],"author":[{"embeddable":true,"href":"https:\/\/gcas.ie\/fr\/wp-json\/wp\/v2\/users\/8678545"}],"replies":[{"embeddable":true,"href":"https:\/\/gcas.ie\/fr\/wp-json\/wp\/v2\/comments?post=47"}],"version-history":[{"count":13,"href":"https:\/\/gcas.ie\/fr\/wp-json\/wp\/v2\/pages\/47\/revisions"}],"predecessor-version":[{"id":821,"href":"https:\/\/gcas.ie\/fr\/wp-json\/wp\/v2\/pages\/47\/revisions\/821"}],"wp:featuredmedia":[{"embeddable":true,"href":"https:\/\/gcas.ie\/fr\/wp-json\/wp\/v2\/media\/2124"}],"wp:attachment":[{"href":"https:\/\/gcas.ie\/fr\/wp-json\/wp\/v2\/media?parent=47"}],"curies":[{"name":"wp","href":"https:\/\/api.w.org\/{rel}","templated":true}]}}