{"id":43,"date":"2025-12-09T12:32:14","date_gmt":"2025-12-09T12:32:14","guid":{"rendered":"https:\/\/gcas.ie\/?page_id=43"},"modified":"2026-02-07T16:32:27","modified_gmt":"2026-02-07T16:32:27","slug":"bachelor-of-arts","status":"publish","type":"page","link":"https:\/\/gcas.ie\/fr\/bachelor-of-arts\/","title":{"rendered":"Licence en \u00e9tudes interdisciplinaires"},"content":{"rendered":"","protected":false},"excerpt":{"rendered":"","protected":false},"author":8678545,"featured_media":1711,"parent":0,"menu_order":0,"comment_status":"closed","ping_status":"closed","template":"template-program.php","meta":{"_crdt_document":"","publish_to_discourse":"","publish_post_category":"","wpdc_auto_publish_overridden":"","wpdc_topic_tags":"","wpdc_pin_topic":"","wpdc_pin_until":"","discourse_post_id":"","discourse_permalink":"","wpdc_publishing_response":"","wpdc_publishing_error":"","footnotes":""},"class_list":["post-43","page","type-page","status-publish","has-post-thumbnail","hentry"],"yoast_head":"<!-- This site is optimized with the Yoast SEO Premium plugin v27.4 (Yoast SEO v27.4) - https:\/\/yoast.com\/product\/yoast-seo-premium-wordpress\/ -->\n<title>BA in Interdisciplinary Studies - The Global Centre for Advanced Studies<\/title>\n<meta name=\"description\" content=\"Earn an EU-accredited, debt-free online Bachelor of Arts with specializations in Philosophy, Literature, or Social-Environmental Studies.\" \/>\n<meta name=\"robots\" content=\"index, follow, max-snippet:-1, max-image-preview:large, max-video-preview:-1\" \/>\n<link rel=\"canonical\" href=\"https:\/\/gcas.ie\/fr\/bachelor-of-arts\/\" \/>\n<meta property=\"og:locale\" content=\"fr_FR\" \/>\n<meta property=\"og:type\" content=\"article\" \/>\n<meta property=\"og:title\" content=\"BA in Interdisciplinary Studies\" \/>\n<meta property=\"og:description\" content=\"Earn an EU-accredited, debt-free online Bachelor of Arts with specializations in Philosophy, Literature, or Social-Environmental Studies.\" \/>\n<meta property=\"og:url\" content=\"https:\/\/gcas.ie\/fr\/bachelor-of-arts\/\" \/>\n<meta property=\"og:site_name\" content=\"The Global Centre for Advanced Studies\" \/>\n<meta property=\"article:publisher\" content=\"https:\/\/www.facebook.com\/globalcenterforadvancedstudies\/\" \/>\n<meta property=\"article:modified_time\" content=\"2026-02-07T16:32:27+00:00\" \/>\n<meta property=\"og:image\" content=\"https:\/\/gcas.ie\/wp-content\/uploads\/2025\/12\/IMG_1935-1-rotated.jpeg\" \/>\n\t<meta property=\"og:image:width\" content=\"3024\" \/>\n\t<meta property=\"og:image:height\" content=\"4032\" \/>\n\t<meta property=\"og:image:type\" content=\"image\/jpeg\" \/>\n<meta name=\"twitter:card\" content=\"summary_large_image\" \/>\n<meta name=\"twitter:label1\" content=\"Dur\u00e9e de lecture estim\u00e9e\" \/>\n\t<meta name=\"twitter:data1\" content=\"1 minute\" \/>\n<script type=\"application\/ld+json\" class=\"yoast-schema-graph\">{\"@context\":\"https:\\\/\\\/schema.org\",\"@graph\":[{\"@type\":\"WebPage\",\"@id\":\"https:\\\/\\\/gcas.ie\\\/bachelor-of-arts\\\/\",\"url\":\"https:\\\/\\\/gcas.ie\\\/bachelor-of-arts\\\/\",\"name\":\"BA in Interdisciplinary Studies - The Global Centre for Advanced Studies\",\"isPartOf\":{\"@id\":\"https:\\\/\\\/gcas.ie\\\/#website\"},\"primaryImageOfPage\":{\"@id\":\"https:\\\/\\\/gcas.ie\\\/bachelor-of-arts\\\/#primaryimage\"},\"image\":{\"@id\":\"https:\\\/\\\/gcas.ie\\\/bachelor-of-arts\\\/#primaryimage\"},\"thumbnailUrl\":\"https:\\\/\\\/i0.wp.com\\\/gcas.ie\\\/wp-content\\\/uploads\\\/2025\\\/12\\\/IMG_1935-1-rotated.jpeg?fit=3024%2C4032&ssl=1\",\"datePublished\":\"2025-12-09T12:32:14+00:00\",\"dateModified\":\"2026-02-07T16:32:27+00:00\",\"description\":\"Earn an EU-accredited, debt-free online Bachelor of Arts with specializations in Philosophy, Literature, or Social-Environmental Studies.\",\"breadcrumb\":{\"@id\":\"https:\\\/\\\/gcas.ie\\\/bachelor-of-arts\\\/#breadcrumb\"},\"inLanguage\":\"fr-FR\",\"potentialAction\":[{\"@type\":\"ReadAction\",\"target\":[\"https:\\\/\\\/gcas.ie\\\/bachelor-of-arts\\\/\"]}]},{\"@type\":\"ImageObject\",\"inLanguage\":\"fr-FR\",\"@id\":\"https:\\\/\\\/gcas.ie\\\/bachelor-of-arts\\\/#primaryimage\",\"url\":\"https:\\\/\\\/i0.wp.com\\\/gcas.ie\\\/wp-content\\\/uploads\\\/2025\\\/12\\\/IMG_1935-1-rotated.jpeg?fit=3024%2C4032&ssl=1\",\"contentUrl\":\"https:\\\/\\\/i0.wp.com\\\/gcas.ie\\\/wp-content\\\/uploads\\\/2025\\\/12\\\/IMG_1935-1-rotated.jpeg?fit=3024%2C4032&ssl=1\",\"width\":3024,\"height\":4032},{\"@type\":\"BreadcrumbList\",\"@id\":\"https:\\\/\\\/gcas.ie\\\/bachelor-of-arts\\\/#breadcrumb\",\"itemListElement\":[{\"@type\":\"ListItem\",\"position\":1,\"name\":\"Home\",\"item\":\"https:\\\/\\\/gcas.ie\\\/\"},{\"@type\":\"ListItem\",\"position\":2,\"name\":\"BA in Interdisciplinary Studies\"}]},{\"@type\":\"WebSite\",\"@id\":\"https:\\\/\\\/gcas.ie\\\/#website\",\"url\":\"https:\\\/\\\/gcas.ie\\\/\",\"name\":\"The Global Centre for Advanced Studies\",\"description\":\"The World\u2019s First, Global Debt-Free, Accredited College Owned by Faculty and Graduates.\",\"publisher\":{\"@id\":\"https:\\\/\\\/gcas.ie\\\/#organization\"},\"alternateName\":\"GCAS College\",\"potentialAction\":[{\"@type\":\"SearchAction\",\"target\":{\"@type\":\"EntryPoint\",\"urlTemplate\":\"https:\\\/\\\/gcas.ie\\\/?s={search_term_string}\"},\"query-input\":{\"@type\":\"PropertyValueSpecification\",\"valueRequired\":true,\"valueName\":\"search_term_string\"}}],\"inLanguage\":\"fr-FR\"},{\"@type\":\"Organization\",\"@id\":\"https:\\\/\\\/gcas.ie\\\/#organization\",\"name\":\"The Global Centre for Advanced Studies\",\"alternateName\":\"GCAS\",\"url\":\"https:\\\/\\\/gcas.ie\\\/\",\"logo\":{\"@type\":\"ImageObject\",\"inLanguage\":\"fr-FR\",\"@id\":\"https:\\\/\\\/gcas.ie\\\/#\\\/schema\\\/logo\\\/image\\\/\",\"url\":\"https:\\\/\\\/i0.wp.com\\\/gcas.ie\\\/wp-content\\\/uploads\\\/2025\\\/12\\\/Untitled-design-2.png?fit=1080%2C1080&ssl=1\",\"contentUrl\":\"https:\\\/\\\/i0.wp.com\\\/gcas.ie\\\/wp-content\\\/uploads\\\/2025\\\/12\\\/Untitled-design-2.png?fit=1080%2C1080&ssl=1\",\"width\":1080,\"height\":1080,\"caption\":\"The Global Centre for Advanced Studies\"},\"image\":{\"@id\":\"https:\\\/\\\/gcas.ie\\\/#\\\/schema\\\/logo\\\/image\\\/\"},\"sameAs\":[\"https:\\\/\\\/www.facebook.com\\\/globalcenterforadvancedstudies\\\/\",\"https:\\\/\\\/www.instagram.com\\\/gcas.ie\\\/\",\"https:\\\/\\\/www.linkedin.com\\\/school\\\/the-global-center-for-advanced-studies\\\/?viewAsMember=true\"],\"description\":\"GCAS College Dublin is the world's first debt-free, EU-accredited online college, offering cooperatively owned BA, MA, and PhD degrees in philosophy, psychoanalysis, theology, social sciences, law, and natural sciences to students in 80+ countries.\",\"email\":\"contact@gcas.ie\",\"telephone\":\"+353 87 754 1417\",\"legalName\":\"GCAS College Dublin, LTD\",\"foundingDate\":\"2013-08-22\",\"numberOfEmployees\":{\"@type\":\"QuantitativeValue\",\"minValue\":\"11\",\"maxValue\":\"50\"}}]}<\/script>\n<!-- \/ Yoast SEO Premium plugin. -->","yoast_head_json":{"title":"BA in Interdisciplinary Studies - The Global Centre for Advanced Studies","description":"Earn an EU-accredited, debt-free online Bachelor of Arts with specializations in Philosophy, Literature, or Social-Environmental Studies.","robots":{"index":"index","follow":"follow","max-snippet":"max-snippet:-1","max-image-preview":"max-image-preview:large","max-video-preview":"max-video-preview:-1"},"canonical":"https:\/\/gcas.ie\/fr\/bachelor-of-arts\/","og_locale":"fr_FR","og_type":"article","og_title":"BA in Interdisciplinary Studies","og_description":"Earn an EU-accredited, debt-free online Bachelor of Arts with specializations in Philosophy, Literature, or Social-Environmental Studies.","og_url":"https:\/\/gcas.ie\/fr\/bachelor-of-arts\/","og_site_name":"The Global Centre for Advanced Studies","article_publisher":"https:\/\/www.facebook.com\/globalcenterforadvancedstudies\/","article_modified_time":"2026-02-07T16:32:27+00:00","og_image":[{"width":3024,"height":4032,"url":"https:\/\/gcas.ie\/wp-content\/uploads\/2025\/12\/IMG_1935-1-rotated.jpeg","type":"image\/jpeg"}],"twitter_card":"summary_large_image","twitter_misc":{"Dur\u00e9e de lecture estim\u00e9e":"1 minute"},"schema":{"@context":"https:\/\/schema.org","@graph":[{"@type":"WebPage","@id":"https:\/\/gcas.ie\/bachelor-of-arts\/","url":"https:\/\/gcas.ie\/bachelor-of-arts\/","name":"BA in Interdisciplinary Studies - The Global Centre for Advanced Studies","isPartOf":{"@id":"https:\/\/gcas.ie\/#website"},"primaryImageOfPage":{"@id":"https:\/\/gcas.ie\/bachelor-of-arts\/#primaryimage"},"image":{"@id":"https:\/\/gcas.ie\/bachelor-of-arts\/#primaryimage"},"thumbnailUrl":"https:\/\/i0.wp.com\/gcas.ie\/wp-content\/uploads\/2025\/12\/IMG_1935-1-rotated.jpeg?fit=3024%2C4032&ssl=1","datePublished":"2025-12-09T12:32:14+00:00","dateModified":"2026-02-07T16:32:27+00:00","description":"Earn an EU-accredited, debt-free online Bachelor of Arts with specializations in Philosophy, Literature, or Social-Environmental Studies.","breadcrumb":{"@id":"https:\/\/gcas.ie\/bachelor-of-arts\/#breadcrumb"},"inLanguage":"fr-FR","potentialAction":[{"@type":"ReadAction","target":["https:\/\/gcas.ie\/bachelor-of-arts\/"]}]},{"@type":"ImageObject","inLanguage":"fr-FR","@id":"https:\/\/gcas.ie\/bachelor-of-arts\/#primaryimage","url":"https:\/\/i0.wp.com\/gcas.ie\/wp-content\/uploads\/2025\/12\/IMG_1935-1-rotated.jpeg?fit=3024%2C4032&ssl=1","contentUrl":"https:\/\/i0.wp.com\/gcas.ie\/wp-content\/uploads\/2025\/12\/IMG_1935-1-rotated.jpeg?fit=3024%2C4032&ssl=1","width":3024,"height":4032},{"@type":"BreadcrumbList","@id":"https:\/\/gcas.ie\/bachelor-of-arts\/#breadcrumb","itemListElement":[{"@type":"ListItem","position":1,"name":"Home","item":"https:\/\/gcas.ie\/"},{"@type":"ListItem","position":2,"name":"BA in Interdisciplinary Studies"}]},{"@type":"WebSite","@id":"https:\/\/gcas.ie\/#website","url":"https:\/\/gcas.ie\/","name":"The Global Centre for Advanced Studies","description":"Le premier \u00e9tablissement d'enseignement sup\u00e9rieur accr\u00e9dit\u00e9 au monde, sans dette, appartenant aux enseignants et aux dipl\u00f4m\u00e9s.","publisher":{"@id":"https:\/\/gcas.ie\/#organization"},"alternateName":"GCAS College","potentialAction":[{"@type":"SearchAction","target":{"@type":"EntryPoint","urlTemplate":"https:\/\/gcas.ie\/?s={search_term_string}"},"query-input":{"@type":"PropertyValueSpecification","valueRequired":true,"valueName":"search_term_string"}}],"inLanguage":"fr-FR"},{"@type":"Organization","@id":"https:\/\/gcas.ie\/#organization","name":"The Global Centre for Advanced Studies","alternateName":"GCAS","url":"https:\/\/gcas.ie\/","logo":{"@type":"ImageObject","inLanguage":"fr-FR","@id":"https:\/\/gcas.ie\/#\/schema\/logo\/image\/","url":"https:\/\/i0.wp.com\/gcas.ie\/wp-content\/uploads\/2025\/12\/Untitled-design-2.png?fit=1080%2C1080&ssl=1","contentUrl":"https:\/\/i0.wp.com\/gcas.ie\/wp-content\/uploads\/2025\/12\/Untitled-design-2.png?fit=1080%2C1080&ssl=1","width":1080,"height":1080,"caption":"The Global Centre for Advanced Studies"},"image":{"@id":"https:\/\/gcas.ie\/#\/schema\/logo\/image\/"},"sameAs":["https:\/\/www.facebook.com\/globalcenterforadvancedstudies\/","https:\/\/www.instagram.com\/gcas.ie\/","https:\/\/www.linkedin.com\/school\/the-global-center-for-advanced-studies\/?viewAsMember=true"],"description":"GCAS College Dublin is the world's first debt-free, EU-accredited online college, offering cooperatively owned BA, MA, and PhD degrees in philosophy, psychoanalysis, theology, social sciences, law, and natural sciences to students in 80+ countries.","email":"contact@gcas.ie","telephone":"+353 87 754 1417","legalName":"GCAS College Dublin, LTD","foundingDate":"2013-08-22","numberOfEmployees":{"@type":"QuantitativeValue","minValue":"11","maxValue":"50"}}]}},"jetpack_likes_enabled":true,"jetpack_sharing_enabled":true,"jetpack_shortlink":"https:\/\/wp.me\/PesgkL-H","jetpack-related-posts":[{"id":204,"url":"https:\/\/gcas.ie\/fr\/ba-faculty\/","url_meta":{"origin":43,"position":0},"title":"GCAS BA in Interdisciplinary Studies Faculty","author":"crestondavis","date":"d\u00e9cembre 11, 2025","format":false,"excerpt":"","rel":"","context":"Article similaire","block_context":{"text":"Article similaire","link":""},"img":{"alt_text":"","src":"","width":0,"height":0},"classes":[]},{"id":711,"url":"https:\/\/gcas.ie\/fr\/ba-curriculum\/","url_meta":{"origin":43,"position":1},"title":"GCAS BA Curriculum","author":"crestondavis","date":"d\u00e9cembre 16, 2025","format":false,"excerpt":"BA in Interdisciplinary Studies A comprehensive curriculum designed to develop critical thinking, research skills, and specialized knowledge across multiple disciplines. Compulsory Modules Students must complete all 45 ECTS for each of the following tiers (135 ECTS total). TIER 1 Academic Writing 6 ECTS \/ MQF 5 Applied Ethics 3 ECTS\u2026","rel":"","context":"Article similaire","block_context":{"text":"Article similaire","link":""},"img":{"alt_text":"","src":"","width":0,"height":0},"classes":[]},{"id":436,"url":"https:\/\/gcas.ie\/fr\/phase-2-ba\/","url_meta":{"origin":43,"position":2},"title":"Phase 2 BA Application","author":"crestondavis","date":"d\u00e9cembre 14, 2025","format":false,"excerpt":"Your Application Progress \u2713 Phase 1 General Application \u2713 Interview Completed 3 Phase 2 You Are Here 4 Decision Pending BA \u2013 Phase 2 Application You're almost there! Please submit the following materials to complete your application to the BA program. Required Documents: CV \u2013 Current curriculum vitae Writing Sample\u2026","rel":"","context":"Article similaire","block_context":{"text":"Article similaire","link":""},"img":{"alt_text":"","src":"","width":0,"height":0},"classes":[]},{"id":2281,"url":"https:\/\/gcas.ie\/fr\/interview-ba\/","url_meta":{"origin":43,"position":3},"title":"Interview BA","author":"crestondavis","date":"d\u00e9cembre 30, 2025","format":false,"excerpt":"Thank you for applying to the BA program at GCAS. To complete the next step in your application, please schedule an admissions conversation with one of our faculty members below. Dr. Jamie Davies, PhD Lecturer in Literature and Philosophy at GCAS Schedule with Jamie Dr. Filippo Scafi, PhD Lecturer in\u2026","rel":"","context":"Article similaire","block_context":{"text":"Article similaire","link":""},"img":{"alt_text":"","src":"https:\/\/i0.wp.com\/gcas.ie\/wp-content\/uploads\/2025\/12\/BA-Interview-Page-Feature.png?fit=1200%2C630&ssl=1&resize=350%2C200","width":350,"height":200,"srcset":"https:\/\/i0.wp.com\/gcas.ie\/wp-content\/uploads\/2025\/12\/BA-Interview-Page-Feature.png?fit=1200%2C630&ssl=1&resize=350%2C200 1x, https:\/\/i0.wp.com\/gcas.ie\/wp-content\/uploads\/2025\/12\/BA-Interview-Page-Feature.png?fit=1200%2C630&ssl=1&resize=525%2C300 1.5x, https:\/\/i0.wp.com\/gcas.ie\/wp-content\/uploads\/2025\/12\/BA-Interview-Page-Feature.png?fit=1200%2C630&ssl=1&resize=700%2C400 2x, https:\/\/i0.wp.com\/gcas.ie\/wp-content\/uploads\/2025\/12\/BA-Interview-Page-Feature.png?fit=1200%2C630&ssl=1&resize=1050%2C600 3x"},"classes":[]}],"_links":{"self":[{"href":"https:\/\/gcas.ie\/fr\/wp-json\/wp\/v2\/pages\/43","targetHints":{"allow":["GET"]}}],"collection":[{"href":"https:\/\/gcas.ie\/fr\/wp-json\/wp\/v2\/pages"}],"about":[{"href":"https:\/\/gcas.ie\/fr\/wp-json\/wp\/v2\/types\/page"}],"author":[{"embeddable":true,"href":"https:\/\/gcas.ie\/fr\/wp-json\/wp\/v2\/users\/8678545"}],"replies":[{"embeddable":true,"href":"https:\/\/gcas.ie\/fr\/wp-json\/wp\/v2\/comments?post=43"}],"version-history":[{"count":7,"href":"https:\/\/gcas.ie\/fr\/wp-json\/wp\/v2\/pages\/43\/revisions"}],"predecessor-version":[{"id":3523,"href":"https:\/\/gcas.ie\/fr\/wp-json\/wp\/v2\/pages\/43\/revisions\/3523"}],"wp:featuredmedia":[{"embeddable":true,"href":"https:\/\/gcas.ie\/fr\/wp-json\/wp\/v2\/media\/1711"}],"wp:attachment":[{"href":"https:\/\/gcas.ie\/fr\/wp-json\/wp\/v2\/media?parent=43"}],"curies":[{"name":"wp","href":"https:\/\/api.w.org\/{rel}","templated":true}]}}