{"id":419,"date":"2025-12-14T12:13:47","date_gmt":"2025-12-14T12:13:47","guid":{"rendered":"https:\/\/gcas.ie\/?page_id=419"},"modified":"2026-02-14T19:33:04","modified_gmt":"2026-02-14T19:33:04","slug":"gcas-researchers","status":"publish","type":"page","link":"https:\/\/gcas.ie\/fr\/gcas-researchers\/","title":{"rendered":"Chercheurs du GCAS"},"content":{"rendered":"<div style=\"height:100px\" aria-hidden=\"true\" class=\"wp-block-spacer\"><\/div>\n\n\n\n<!-- Elfsight Team Showcase | Student Researchers -->\n<script src=\"https:\/\/elfsightcdn.com\/platform.js\" async><\/script>\n<div class=\"elfsight-app-67e506c3-1e57-4a3f-8c01-f1aa38eb6bd7\" data-elfsight-app-lazy><\/div>","protected":false},"excerpt":{"rendered":"","protected":false},"author":8678545,"featured_media":0,"parent":0,"menu_order":0,"comment_status":"closed","ping_status":"closed","template":"","meta":{"_crdt_document":"","publish_to_discourse":"","publish_post_category":"","wpdc_auto_publish_overridden":"","wpdc_topic_tags":"","wpdc_pin_topic":"","wpdc_pin_until":"","discourse_post_id":"","discourse_permalink":"","wpdc_publishing_response":"","wpdc_publishing_error":"","footnotes":""},"class_list":["post-419","page","type-page","status-publish","hentry"],"yoast_head":"<!-- This site is optimized with the Yoast SEO Premium plugin v27.4 (Yoast SEO v27.4) - https:\/\/yoast.com\/product\/yoast-seo-premium-wordpress\/ -->\n<title>GCAS Researchers - The Global Centre for Advanced Studies<\/title>\n<meta name=\"description\" content=\"Discover the GCAS research community. PhD candidates and independent researchers spanning humanities, natural sciences, and social science.\" \/>\n<meta name=\"robots\" content=\"index, follow, max-snippet:-1, max-image-preview:large, max-video-preview:-1\" \/>\n<link rel=\"canonical\" href=\"https:\/\/gcas.ie\/fr\/gcas-researchers\/\" \/>\n<meta property=\"og:locale\" content=\"fr_FR\" \/>\n<meta property=\"og:type\" content=\"article\" \/>\n<meta property=\"og:title\" content=\"GCAS Researchers\" \/>\n<meta property=\"og:description\" content=\"Discover the GCAS research community. PhD candidates and independent researchers spanning humanities, natural sciences, and social science.\" \/>\n<meta property=\"og:url\" content=\"https:\/\/gcas.ie\/fr\/gcas-researchers\/\" \/>\n<meta property=\"og:site_name\" content=\"The Global Centre for Advanced Studies\" \/>\n<meta property=\"article:publisher\" content=\"https:\/\/www.facebook.com\/globalcenterforadvancedstudies\/\" \/>\n<meta property=\"article:modified_time\" content=\"2026-02-14T19:33:04+00:00\" \/>\n<meta property=\"og:image\" content=\"https:\/\/i0.wp.com\/gcas.ie\/wp-content\/uploads\/2025\/12\/social-share-website.png?fit=1200%2C675&ssl=1\" \/>\n\t<meta property=\"og:image:width\" content=\"1200\" \/>\n\t<meta property=\"og:image:height\" content=\"675\" \/>\n\t<meta property=\"og:image:type\" content=\"image\/png\" \/>\n<meta name=\"twitter:card\" content=\"summary_large_image\" \/>\n<script type=\"application\/ld+json\" class=\"yoast-schema-graph\">{\"@context\":\"https:\\\/\\\/schema.org\",\"@graph\":[{\"@type\":\"WebPage\",\"@id\":\"https:\\\/\\\/gcas.ie\\\/gcas-researchers\\\/\",\"url\":\"https:\\\/\\\/gcas.ie\\\/gcas-researchers\\\/\",\"name\":\"GCAS Researchers - The Global Centre for Advanced Studies\",\"isPartOf\":{\"@id\":\"https:\\\/\\\/gcas.ie\\\/#website\"},\"datePublished\":\"2025-12-14T12:13:47+00:00\",\"dateModified\":\"2026-02-14T19:33:04+00:00\",\"description\":\"Discover the GCAS research community. PhD candidates and independent researchers spanning humanities, natural sciences, and social science.\",\"breadcrumb\":{\"@id\":\"https:\\\/\\\/gcas.ie\\\/gcas-researchers\\\/#breadcrumb\"},\"inLanguage\":\"fr-FR\",\"potentialAction\":[{\"@type\":\"ReadAction\",\"target\":[\"https:\\\/\\\/gcas.ie\\\/gcas-researchers\\\/\"]}]},{\"@type\":\"BreadcrumbList\",\"@id\":\"https:\\\/\\\/gcas.ie\\\/gcas-researchers\\\/#breadcrumb\",\"itemListElement\":[{\"@type\":\"ListItem\",\"position\":1,\"name\":\"Home\",\"item\":\"https:\\\/\\\/gcas.ie\\\/\"},{\"@type\":\"ListItem\",\"position\":2,\"name\":\"GCAS Researchers\"}]},{\"@type\":\"WebSite\",\"@id\":\"https:\\\/\\\/gcas.ie\\\/#website\",\"url\":\"https:\\\/\\\/gcas.ie\\\/\",\"name\":\"The Global Centre for Advanced Studies\",\"description\":\"The World\u2019s First, Global Debt-Free, Accredited College Owned by Faculty and Graduates.\",\"publisher\":{\"@id\":\"https:\\\/\\\/gcas.ie\\\/#organization\"},\"alternateName\":\"GCAS College\",\"potentialAction\":[{\"@type\":\"SearchAction\",\"target\":{\"@type\":\"EntryPoint\",\"urlTemplate\":\"https:\\\/\\\/gcas.ie\\\/?s={search_term_string}\"},\"query-input\":{\"@type\":\"PropertyValueSpecification\",\"valueRequired\":true,\"valueName\":\"search_term_string\"}}],\"inLanguage\":\"fr-FR\"},{\"@type\":\"Organization\",\"@id\":\"https:\\\/\\\/gcas.ie\\\/#organization\",\"name\":\"The Global Centre for Advanced Studies\",\"alternateName\":\"GCAS\",\"url\":\"https:\\\/\\\/gcas.ie\\\/\",\"logo\":{\"@type\":\"ImageObject\",\"inLanguage\":\"fr-FR\",\"@id\":\"https:\\\/\\\/gcas.ie\\\/#\\\/schema\\\/logo\\\/image\\\/\",\"url\":\"https:\\\/\\\/i0.wp.com\\\/gcas.ie\\\/wp-content\\\/uploads\\\/2025\\\/12\\\/Untitled-design-2.png?fit=1080%2C1080&ssl=1\",\"contentUrl\":\"https:\\\/\\\/i0.wp.com\\\/gcas.ie\\\/wp-content\\\/uploads\\\/2025\\\/12\\\/Untitled-design-2.png?fit=1080%2C1080&ssl=1\",\"width\":1080,\"height\":1080,\"caption\":\"The Global Centre for Advanced Studies\"},\"image\":{\"@id\":\"https:\\\/\\\/gcas.ie\\\/#\\\/schema\\\/logo\\\/image\\\/\"},\"sameAs\":[\"https:\\\/\\\/www.facebook.com\\\/globalcenterforadvancedstudies\\\/\",\"https:\\\/\\\/www.instagram.com\\\/gcas.ie\\\/\",\"https:\\\/\\\/www.linkedin.com\\\/school\\\/the-global-center-for-advanced-studies\\\/?viewAsMember=true\"],\"description\":\"GCAS College Dublin is the world's first debt-free, EU-accredited online college, offering cooperatively owned BA, MA, and PhD degrees in philosophy, psychoanalysis, theology, social sciences, law, and natural sciences to students in 80+ countries.\",\"email\":\"contact@gcas.ie\",\"telephone\":\"+353 87 754 1417\",\"legalName\":\"GCAS College Dublin, LTD\",\"foundingDate\":\"2013-08-22\",\"numberOfEmployees\":{\"@type\":\"QuantitativeValue\",\"minValue\":\"11\",\"maxValue\":\"50\"}}]}<\/script>\n<!-- \/ Yoast SEO Premium plugin. -->","yoast_head_json":{"title":"GCAS Researchers - The Global Centre for Advanced Studies","description":"Discover the GCAS research community. PhD candidates and independent researchers spanning humanities, natural sciences, and social science.","robots":{"index":"index","follow":"follow","max-snippet":"max-snippet:-1","max-image-preview":"max-image-preview:large","max-video-preview":"max-video-preview:-1"},"canonical":"https:\/\/gcas.ie\/fr\/gcas-researchers\/","og_locale":"fr_FR","og_type":"article","og_title":"GCAS Researchers","og_description":"Discover the GCAS research community. PhD candidates and independent researchers spanning humanities, natural sciences, and social science.","og_url":"https:\/\/gcas.ie\/fr\/gcas-researchers\/","og_site_name":"The Global Centre for Advanced Studies","article_publisher":"https:\/\/www.facebook.com\/globalcenterforadvancedstudies\/","article_modified_time":"2026-02-14T19:33:04+00:00","og_image":[{"width":1200,"height":675,"url":"https:\/\/i0.wp.com\/gcas.ie\/wp-content\/uploads\/2025\/12\/social-share-website.png?fit=1200%2C675&ssl=1","type":"image\/png"}],"twitter_card":"summary_large_image","schema":{"@context":"https:\/\/schema.org","@graph":[{"@type":"WebPage","@id":"https:\/\/gcas.ie\/gcas-researchers\/","url":"https:\/\/gcas.ie\/gcas-researchers\/","name":"GCAS Researchers - The Global Centre for Advanced Studies","isPartOf":{"@id":"https:\/\/gcas.ie\/#website"},"datePublished":"2025-12-14T12:13:47+00:00","dateModified":"2026-02-14T19:33:04+00:00","description":"Discover the GCAS research community. PhD candidates and independent researchers spanning humanities, natural sciences, and social science.","breadcrumb":{"@id":"https:\/\/gcas.ie\/gcas-researchers\/#breadcrumb"},"inLanguage":"fr-FR","potentialAction":[{"@type":"ReadAction","target":["https:\/\/gcas.ie\/gcas-researchers\/"]}]},{"@type":"BreadcrumbList","@id":"https:\/\/gcas.ie\/gcas-researchers\/#breadcrumb","itemListElement":[{"@type":"ListItem","position":1,"name":"Home","item":"https:\/\/gcas.ie\/"},{"@type":"ListItem","position":2,"name":"GCAS Researchers"}]},{"@type":"WebSite","@id":"https:\/\/gcas.ie\/#website","url":"https:\/\/gcas.ie\/","name":"The Global Centre for Advanced Studies","description":"Le premier \u00e9tablissement d'enseignement sup\u00e9rieur accr\u00e9dit\u00e9 au monde, sans dette, appartenant aux enseignants et aux dipl\u00f4m\u00e9s.","publisher":{"@id":"https:\/\/gcas.ie\/#organization"},"alternateName":"GCAS College","potentialAction":[{"@type":"SearchAction","target":{"@type":"EntryPoint","urlTemplate":"https:\/\/gcas.ie\/?s={search_term_string}"},"query-input":{"@type":"PropertyValueSpecification","valueRequired":true,"valueName":"search_term_string"}}],"inLanguage":"fr-FR"},{"@type":"Organization","@id":"https:\/\/gcas.ie\/#organization","name":"The Global Centre for Advanced Studies","alternateName":"GCAS","url":"https:\/\/gcas.ie\/","logo":{"@type":"ImageObject","inLanguage":"fr-FR","@id":"https:\/\/gcas.ie\/#\/schema\/logo\/image\/","url":"https:\/\/i0.wp.com\/gcas.ie\/wp-content\/uploads\/2025\/12\/Untitled-design-2.png?fit=1080%2C1080&ssl=1","contentUrl":"https:\/\/i0.wp.com\/gcas.ie\/wp-content\/uploads\/2025\/12\/Untitled-design-2.png?fit=1080%2C1080&ssl=1","width":1080,"height":1080,"caption":"The Global Centre for Advanced Studies"},"image":{"@id":"https:\/\/gcas.ie\/#\/schema\/logo\/image\/"},"sameAs":["https:\/\/www.facebook.com\/globalcenterforadvancedstudies\/","https:\/\/www.instagram.com\/gcas.ie\/","https:\/\/www.linkedin.com\/school\/the-global-center-for-advanced-studies\/?viewAsMember=true"],"description":"GCAS College Dublin is the world's first debt-free, EU-accredited online college, offering cooperatively owned BA, MA, and PhD degrees in philosophy, psychoanalysis, theology, social sciences, law, and natural sciences to students in 80+ countries.","email":"contact@gcas.ie","telephone":"+353 87 754 1417","legalName":"GCAS College Dublin, LTD","foundingDate":"2013-08-22","numberOfEmployees":{"@type":"QuantitativeValue","minValue":"11","maxValue":"50"}}]}},"jetpack_likes_enabled":true,"jetpack_sharing_enabled":true,"jetpack_shortlink":"https:\/\/wp.me\/PesgkL-6L","jetpack-related-posts":[{"id":2788,"url":"https:\/\/gcas.ie\/fr\/become-a-gcas-researcher\/","url_meta":{"origin":419,"position":0},"title":"Devenir un chercheur du GCAS","author":"crestondavis","date":"janvier 3, 2026","format":false,"excerpt":"Become a GCAS Researcher Join a Global Community of Critical Thinkers The Global Center for Advanced Studies invites scholars, intellectuals, and independent researchers to join our worldwide network of critical thinkers. As a GCAS Researcher, you become part of a vibrant academic community dedicated to rigorous inquiry, interdisciplinary collaboration, and\u2026","rel":"","context":"Article similaire","block_context":{"text":"Article similaire","link":""},"img":{"alt_text":"","src":"","width":0,"height":0},"classes":[]},{"id":581,"url":"https:\/\/gcas.ie\/fr\/phd-supervisors\/","url_meta":{"origin":419,"position":1},"title":"Directeurs de th\u00e8se du GCAS","author":"Creston Davis","date":"d\u00e9cembre 15, 2025","format":false,"excerpt":"GCAS PhD Supervisors One of the most distinctive features of the GCAS Ph.D. program is the freedom it offers students to design their own research trajectory and methodological approach. Unlike many traditional doctoral programs\u2014where students are often assigned a supervisor and implicitly (if not explicitly) expected to align with that\u2026","rel":"","context":"Article similaire","block_context":{"text":"Article similaire","link":""},"img":{"alt_text":"","src":"","width":0,"height":0},"classes":[]},{"id":2234,"url":"https:\/\/gcas.ie\/fr\/the-gcas-difference\/","url_meta":{"origin":419,"position":2},"title":"Pourquoi choisir GCAS","author":"crestondavis","date":"d\u00e9cembre 29, 2025","format":false,"excerpt":"The GCAS Difference The GCAS Difference A debt-free, co-owned, globally networked model of higher education\u2014built for serious study, original research, and public-facing intellectual life. GCAS was created in direct opposition to the dominant \"debt university\" model\u2014an increasingly financialized system that treats students as revenue streams, turns learning into a product,\u2026","rel":"","context":"Article similaire","block_context":{"text":"Article similaire","link":""},"img":{"alt_text":"","src":"","width":0,"height":0},"classes":[]},{"id":885,"url":"https:\/\/gcas.ie\/fr\/student-researchers\/","url_meta":{"origin":419,"position":3},"title":"Student Researchers","author":"crestondavis","date":"d\u00e9cembre 21, 2025","format":false,"excerpt":"","rel":"","context":"Article similaire","block_context":{"text":"Article similaire","link":""},"img":{"alt_text":"","src":"","width":0,"height":0},"classes":[]},{"id":822,"url":"https:\/\/gcas.ie\/fr\/phd-humanities-and-social-sciences\/","url_meta":{"origin":419,"position":4},"title":"Doctorat en sciences humaines et sociales","author":"crestondavis","date":"d\u00e9cembre 19, 2025","format":false,"excerpt":"PhD Humanities and Social Sciences Rigorous, Independent Doctoral Research for a New Era 100% Online \u2022 Research-Only \u2022 Debt-Free \u2022 3-Year Program The GCAS PhD Program in the Humanities and Social Sciences is built on a simple but radical conviction: that rigorous, independent doctoral research matters more now than ever\u2014and\u2026","rel":"","context":"Article similaire","block_context":{"text":"Article similaire","link":""},"img":{"alt_text":"","src":"https:\/\/i0.wp.com\/gcas.ie\/wp-content\/uploads\/2025\/12\/IMG_1732-1-rotated.jpeg?fit=900%2C1200&ssl=1&resize=350%2C200","width":350,"height":200,"srcset":"https:\/\/i0.wp.com\/gcas.ie\/wp-content\/uploads\/2025\/12\/IMG_1732-1-rotated.jpeg?fit=900%2C1200&ssl=1&resize=350%2C200 1x, https:\/\/i0.wp.com\/gcas.ie\/wp-content\/uploads\/2025\/12\/IMG_1732-1-rotated.jpeg?fit=900%2C1200&ssl=1&resize=525%2C300 1.5x, https:\/\/i0.wp.com\/gcas.ie\/wp-content\/uploads\/2025\/12\/IMG_1732-1-rotated.jpeg?fit=900%2C1200&ssl=1&resize=700%2C400 2x"},"classes":[]},{"id":645,"url":"https:\/\/gcas.ie\/fr\/extra-fees\/","url_meta":{"origin":419,"position":5},"title":"Additional Fees and Supervision Policy","author":"Creston Davis","date":"d\u00e9cembre 15, 2025","format":false,"excerpt":"Stay on Track, Stay Debt-Free Additional Fees & Supervision Policy Our programs are carefully designed so that\u2014by following the standard timeline to completion\u2014you can graduate without paying a single euro beyond your tuition. Our Debt-Free Promise At GCAS, our mission is simple yet powerful: provide world-class, accredited degrees without saddling\u2026","rel":"","context":"Article similaire","block_context":{"text":"Article similaire","link":""},"img":{"alt_text":"","src":"","width":0,"height":0},"classes":[]}],"_links":{"self":[{"href":"https:\/\/gcas.ie\/fr\/wp-json\/wp\/v2\/pages\/419","targetHints":{"allow":["GET"]}}],"collection":[{"href":"https:\/\/gcas.ie\/fr\/wp-json\/wp\/v2\/pages"}],"about":[{"href":"https:\/\/gcas.ie\/fr\/wp-json\/wp\/v2\/types\/page"}],"author":[{"embeddable":true,"href":"https:\/\/gcas.ie\/fr\/wp-json\/wp\/v2\/users\/8678545"}],"replies":[{"embeddable":true,"href":"https:\/\/gcas.ie\/fr\/wp-json\/wp\/v2\/comments?post=419"}],"version-history":[{"count":2,"href":"https:\/\/gcas.ie\/fr\/wp-json\/wp\/v2\/pages\/419\/revisions"}],"predecessor-version":[{"id":729,"href":"https:\/\/gcas.ie\/fr\/wp-json\/wp\/v2\/pages\/419\/revisions\/729"}],"wp:attachment":[{"href":"https:\/\/gcas.ie\/fr\/wp-json\/wp\/v2\/media?parent=419"}],"curies":[{"name":"wp","href":"https:\/\/api.w.org\/{rel}","templated":true}]}}