{"id":3987,"date":"2026-04-25T19:14:50","date_gmt":"2026-04-25T19:14:50","guid":{"rendered":"https:\/\/gcas.ie\/?page_id=3987"},"modified":"2026-04-25T19:20:00","modified_gmt":"2026-04-25T19:20:00","slug":"irb-application","status":"publish","type":"page","link":"https:\/\/gcas.ie\/fr\/irb-application\/","title":{"rendered":"GCAS IRB Application"},"content":{"rendered":"","protected":true},"excerpt":{"rendered":"","protected":true},"author":8678545,"featured_media":0,"parent":0,"menu_order":0,"comment_status":"closed","ping_status":"closed","template":"","meta":{"_crdt_document":"","publish_to_discourse":"","publish_post_category":"","wpdc_auto_publish_overridden":"","wpdc_topic_tags":"","wpdc_pin_topic":"","wpdc_pin_until":"","discourse_post_id":"","discourse_permalink":"","wpdc_publishing_response":"","wpdc_publishing_error":"","footnotes":""},"class_list":["post-3987","page","type-page","status-publish","post-password-required","hentry"],"yoast_head":"<!-- This site is optimized with the Yoast SEO Premium plugin v27.5 (Yoast SEO v27.5) - https:\/\/yoast.com\/product\/yoast-seo-premium-wordpress\/ -->\n<title>GCAS IRB Application - The Global Centre for Advanced Studies<\/title>\n<meta name=\"robots\" content=\"index, follow, max-snippet:-1, max-image-preview:large, max-video-preview:-1\" \/>\n<link rel=\"canonical\" href=\"https:\/\/gcas.ie\/fr\/irb-application\/\" \/>\n<meta property=\"og:locale\" content=\"fr_FR\" \/>\n<meta property=\"og:type\" content=\"article\" \/>\n<meta property=\"og:title\" content=\"GCAS IRB Application\" \/>\n<meta property=\"og:description\" content=\"Il n\u2019y a pas d\u2019extrait, car cette publication est prot\u00e9g\u00e9e.\" \/>\n<meta property=\"og:url\" content=\"https:\/\/gcas.ie\/fr\/irb-application\/\" \/>\n<meta property=\"og:site_name\" content=\"The Global Centre for Advanced Studies\" \/>\n<meta property=\"article:publisher\" content=\"https:\/\/www.facebook.com\/globalcenterforadvancedstudies\/\" \/>\n<meta property=\"article:modified_time\" content=\"2026-04-25T19:20:00+00:00\" \/>\n<meta name=\"twitter:card\" content=\"summary_large_image\" \/>\n<meta name=\"twitter:label1\" content=\"Dur\u00e9e de lecture estim\u00e9e\" \/>\n\t<meta name=\"twitter:data1\" content=\"1 minute\" \/>\n<script type=\"application\/ld+json\" class=\"yoast-schema-graph\">{\"@context\":\"https:\\\/\\\/schema.org\",\"@graph\":[{\"@type\":\"WebPage\",\"@id\":\"https:\\\/\\\/gcas.ie\\\/irb-application\\\/\",\"url\":\"https:\\\/\\\/gcas.ie\\\/irb-application\\\/\",\"name\":\"GCAS IRB Application - The Global Centre for Advanced Studies\",\"isPartOf\":{\"@id\":\"https:\\\/\\\/gcas.ie\\\/#website\"},\"datePublished\":\"2026-04-25T19:14:50+00:00\",\"dateModified\":\"2026-04-25T19:20:00+00:00\",\"breadcrumb\":{\"@id\":\"https:\\\/\\\/gcas.ie\\\/irb-application\\\/#breadcrumb\"},\"inLanguage\":\"fr-FR\"},{\"@type\":\"WebSite\",\"@id\":\"https:\\\/\\\/gcas.ie\\\/#website\",\"url\":\"https:\\\/\\\/gcas.ie\\\/\",\"name\":\"The Global Centre for Advanced Studies\",\"description\":\"The World\u2019s First, Global Debt-Free, Accredited College Owned by Faculty and Graduates.\",\"publisher\":{\"@id\":\"https:\\\/\\\/gcas.ie\\\/#organization\"},\"alternateName\":\"GCAS College\",\"potentialAction\":[{\"@type\":\"SearchAction\",\"target\":{\"@type\":\"EntryPoint\",\"urlTemplate\":\"https:\\\/\\\/gcas.ie\\\/?s={search_term_string}\"},\"query-input\":{\"@type\":\"PropertyValueSpecification\",\"valueRequired\":true,\"valueName\":\"search_term_string\"}}],\"inLanguage\":\"fr-FR\"},{\"@type\":\"Organization\",\"@id\":\"https:\\\/\\\/gcas.ie\\\/#organization\",\"name\":\"The Global Centre for Advanced Studies\",\"alternateName\":\"GCAS\",\"url\":\"https:\\\/\\\/gcas.ie\\\/\",\"logo\":{\"@type\":\"ImageObject\",\"inLanguage\":\"fr-FR\",\"@id\":\"https:\\\/\\\/gcas.ie\\\/#\\\/schema\\\/logo\\\/image\\\/\",\"url\":\"https:\\\/\\\/i0.wp.com\\\/gcas.ie\\\/wp-content\\\/uploads\\\/2025\\\/12\\\/Untitled-design-2.png?fit=1080%2C1080&ssl=1\",\"contentUrl\":\"https:\\\/\\\/i0.wp.com\\\/gcas.ie\\\/wp-content\\\/uploads\\\/2025\\\/12\\\/Untitled-design-2.png?fit=1080%2C1080&ssl=1\",\"width\":1080,\"height\":1080,\"caption\":\"The Global Centre for Advanced Studies\"},\"image\":{\"@id\":\"https:\\\/\\\/gcas.ie\\\/#\\\/schema\\\/logo\\\/image\\\/\"},\"sameAs\":[\"https:\\\/\\\/www.facebook.com\\\/globalcenterforadvancedstudies\\\/\",\"https:\\\/\\\/www.instagram.com\\\/gcas.ie\\\/\",\"https:\\\/\\\/www.linkedin.com\\\/school\\\/the-global-center-for-advanced-studies\\\/?viewAsMember=true\"],\"description\":\"GCAS College Dublin is the world's first debt-free, EU-accredited online college, offering cooperatively owned BA, MA, and PhD degrees in philosophy, psychoanalysis, theology, social sciences, law, and natural sciences to students in 80+ countries.\",\"email\":\"contact@gcas.ie\",\"telephone\":\"+353 87 754 1417\",\"legalName\":\"GCAS College Dublin, LTD\",\"foundingDate\":\"2013-08-22\",\"numberOfEmployees\":{\"@type\":\"QuantitativeValue\",\"minValue\":\"11\",\"maxValue\":\"50\"}}]}<\/script>\n<!-- \/ Yoast SEO Premium plugin. -->","yoast_head_json":{"title":"GCAS IRB Application - The Global Centre for Advanced Studies","robots":{"index":"index","follow":"follow","max-snippet":"max-snippet:-1","max-image-preview":"max-image-preview:large","max-video-preview":"max-video-preview:-1"},"canonical":"https:\/\/gcas.ie\/fr\/irb-application\/","og_locale":"fr_FR","og_type":"article","og_title":"GCAS IRB Application","og_description":"Il n\u2019y a pas d\u2019extrait, car cette publication est prot\u00e9g\u00e9e.","og_url":"https:\/\/gcas.ie\/fr\/irb-application\/","og_site_name":"The Global Centre for Advanced Studies","article_publisher":"https:\/\/www.facebook.com\/globalcenterforadvancedstudies\/","article_modified_time":"2026-04-25T19:20:00+00:00","twitter_card":"summary_large_image","twitter_misc":{"Dur\u00e9e de lecture estim\u00e9e":"1 minute"},"schema":{"@context":"https:\/\/schema.org","@graph":[{"@type":"WebPage","@id":"https:\/\/gcas.ie\/irb-application\/","url":"https:\/\/gcas.ie\/irb-application\/","name":"GCAS IRB Application - The Global Centre for Advanced Studies","isPartOf":{"@id":"https:\/\/gcas.ie\/#website"},"datePublished":"2026-04-25T19:14:50+00:00","dateModified":"2026-04-25T19:20:00+00:00","breadcrumb":{"@id":"https:\/\/gcas.ie\/irb-application\/#breadcrumb"},"inLanguage":"fr-FR"},{"@type":"WebSite","@id":"https:\/\/gcas.ie\/#website","url":"https:\/\/gcas.ie\/","name":"The Global Centre for Advanced Studies","description":"Le premier \u00e9tablissement d'enseignement sup\u00e9rieur accr\u00e9dit\u00e9 au monde, sans dette, appartenant aux enseignants et aux dipl\u00f4m\u00e9s.","publisher":{"@id":"https:\/\/gcas.ie\/#organization"},"alternateName":"GCAS College","potentialAction":[{"@type":"SearchAction","target":{"@type":"EntryPoint","urlTemplate":"https:\/\/gcas.ie\/?s={search_term_string}"},"query-input":{"@type":"PropertyValueSpecification","valueRequired":true,"valueName":"search_term_string"}}],"inLanguage":"fr-FR"},{"@type":"Organization","@id":"https:\/\/gcas.ie\/#organization","name":"The Global Centre for Advanced Studies","alternateName":"GCAS","url":"https:\/\/gcas.ie\/","logo":{"@type":"ImageObject","inLanguage":"fr-FR","@id":"https:\/\/gcas.ie\/#\/schema\/logo\/image\/","url":"https:\/\/i0.wp.com\/gcas.ie\/wp-content\/uploads\/2025\/12\/Untitled-design-2.png?fit=1080%2C1080&ssl=1","contentUrl":"https:\/\/i0.wp.com\/gcas.ie\/wp-content\/uploads\/2025\/12\/Untitled-design-2.png?fit=1080%2C1080&ssl=1","width":1080,"height":1080,"caption":"The Global Centre for Advanced Studies"},"image":{"@id":"https:\/\/gcas.ie\/#\/schema\/logo\/image\/"},"sameAs":["https:\/\/www.facebook.com\/globalcenterforadvancedstudies\/","https:\/\/www.instagram.com\/gcas.ie\/","https:\/\/www.linkedin.com\/school\/the-global-center-for-advanced-studies\/?viewAsMember=true"],"description":"GCAS College Dublin is the world's first debt-free, EU-accredited online college, offering cooperatively owned BA, MA, and PhD degrees in philosophy, psychoanalysis, theology, social sciences, law, and natural sciences to students in 80+ countries.","email":"contact@gcas.ie","telephone":"+353 87 754 1417","legalName":"GCAS College Dublin, LTD","foundingDate":"2013-08-22","numberOfEmployees":{"@type":"QuantitativeValue","minValue":"11","maxValue":"50"}}]}},"jetpack_likes_enabled":true,"jetpack_sharing_enabled":true,"jetpack_shortlink":"https:\/\/wp.me\/PesgkL-12j","jetpack-related-posts":[{"id":3746,"url":"https:\/\/gcas.ie\/fr\/irb-no-payment\/","url_meta":{"origin":3987,"position":0},"title":"IRB No Payment","author":"crestondavis","date":"mars 24, 2026","format":false,"excerpt":"GCAS Institutional Review Board (IRB) Application","rel":"","context":"Article similaire","block_context":{"text":"Article similaire","link":""},"img":{"alt_text":"","src":"","width":0,"height":0},"classes":[]},{"id":644,"url":"https:\/\/gcas.ie\/fr\/irb\/","url_meta":{"origin":3987,"position":1},"title":"GCAS Institutional Review Board (IRB)","author":"Creston Davis","date":"d\u00e9cembre 15, 2025","format":false,"excerpt":"Institutional Review Board (IRB) Ethical oversight of research at GCAS College Dublin The GCAS Institutional Review Board exists to safeguard the rights, dignity, and welfare of human participants in research conducted under the auspices of GCAS. All research involving human subjects \u2014 including interviews, surveys, ethnographic fieldwork, clinical case studies,\u2026","rel":"","context":"Article similaire","block_context":{"text":"Article similaire","link":""},"img":{"alt_text":"","src":"","width":0,"height":0},"classes":[]},{"id":436,"url":"https:\/\/gcas.ie\/fr\/phase-2-ba\/","url_meta":{"origin":3987,"position":2},"title":"Phase 2 BA Application","author":"crestondavis","date":"d\u00e9cembre 14, 2025","format":false,"excerpt":"Your Application Progress \u2713 Phase 1 General Application \u2713 Interview Completed 3 Phase 2 You Are Here 4 Decision Pending BA \u2013 Phase 2 Application You're almost there! Please submit the following materials to complete your application to the BA program. Required Documents: CV \u2013 Current curriculum vitae Writing Sample\u2026","rel":"","context":"Article similaire","block_context":{"text":"Article similaire","link":""},"img":{"alt_text":"","src":"","width":0,"height":0},"classes":[]},{"id":2903,"url":"https:\/\/gcas.ie\/fr\/literary-review-development-form\/","url_meta":{"origin":3987,"position":3},"title":"Literary Review Development Form","author":"crestondavis","date":"janvier 5, 2026","format":false,"excerpt":"","rel":"","context":"Article similaire","block_context":{"text":"Article similaire","link":""},"img":{"alt_text":"","src":"","width":0,"height":0},"classes":[]},{"id":3643,"url":"https:\/\/gcas.ie\/fr\/gcas-florence-final-registration\/","url_meta":{"origin":3987,"position":4},"title":"GCAS Florence Final Registration","author":"crestondavis","date":"mars 14, 2026","format":false,"excerpt":"","rel":"","context":"Article similaire","block_context":{"text":"Article similaire","link":""},"img":{"alt_text":"","src":"","width":0,"height":0},"classes":[]},{"id":438,"url":"https:\/\/gcas.ie\/fr\/phase-2-llm\/","url_meta":{"origin":3987,"position":5},"title":"Phase 2 LL.M. Application","author":"crestondavis","date":"d\u00e9cembre 14, 2025","format":false,"excerpt":"Your Application Progress \u2713 Phase 1 General Application \u2713 Interview Completed 3 Phase 2 You Are Here 4 Decision Pending LL.M. \u2013 Phase 2 Application You're almost there! Please submit the following materials to complete your application to the LL.M. program. Required Documents: CV \u2013 Current curriculum vitae Cover Letter\u2026","rel":"","context":"Article similaire","block_context":{"text":"Article similaire","link":""},"img":{"alt_text":"","src":"","width":0,"height":0},"classes":[]}],"_links":{"self":[{"href":"https:\/\/gcas.ie\/fr\/wp-json\/wp\/v2\/pages\/3987","targetHints":{"allow":["GET"]}}],"collection":[{"href":"https:\/\/gcas.ie\/fr\/wp-json\/wp\/v2\/pages"}],"about":[{"href":"https:\/\/gcas.ie\/fr\/wp-json\/wp\/v2\/types\/page"}],"author":[{"embeddable":true,"href":"https:\/\/gcas.ie\/fr\/wp-json\/wp\/v2\/users\/8678545"}],"replies":[{"embeddable":true,"href":"https:\/\/gcas.ie\/fr\/wp-json\/wp\/v2\/comments?post=3987"}],"version-history":[{"count":2,"href":"https:\/\/gcas.ie\/fr\/wp-json\/wp\/v2\/pages\/3987\/revisions"}],"predecessor-version":[{"id":3989,"href":"https:\/\/gcas.ie\/fr\/wp-json\/wp\/v2\/pages\/3987\/revisions\/3989"}],"wp:attachment":[{"href":"https:\/\/gcas.ie\/fr\/wp-json\/wp\/v2\/media?parent=3987"}],"curies":[{"name":"wp","href":"https:\/\/api.w.org\/{rel}","templated":true}]}}