{"id":753,"date":"2025-12-18T07:04:32","date_gmt":"2025-12-18T07:04:32","guid":{"rendered":"https:\/\/gcas.ie\/?page_id=753"},"modified":"2026-04-26T12:52:00","modified_gmt":"2026-04-26T12:52:00","slug":"psychoanalysis-certificate-enrollment","status":"publish","type":"page","link":"https:\/\/gcas.ie\/es\/psychoanalysis-certificate-enrollment\/","title":{"rendered":"Certificado de Psicoan\u00e1lisis"},"content":{"rendered":"","protected":true},"excerpt":{"rendered":"","protected":true},"author":8678545,"featured_media":0,"parent":0,"menu_order":0,"comment_status":"closed","ping_status":"closed","template":"","meta":{"_crdt_document":"","publish_to_discourse":"","publish_post_category":"","wpdc_auto_publish_overridden":"","wpdc_topic_tags":"","wpdc_pin_topic":"","wpdc_pin_until":"","discourse_post_id":"","discourse_permalink":"","wpdc_publishing_response":"","wpdc_publishing_error":"","footnotes":""},"class_list":["post-753","page","type-page","status-publish","post-password-required","hentry"],"yoast_head":"<!-- This site is optimized with the Yoast SEO Premium plugin v27.6 (Yoast SEO v27.6) - https:\/\/yoast.com\/product\/yoast-seo-premium-wordpress\/ -->\n<title>Psychoanalysis Certificate - The Global Centre for Advanced Studies<\/title>\n<meta name=\"description\" content=\"Earn an accredited Certificate in Psychoanalysis online. Study Freudian and Lacanian traditions with Bruce Fink, Todd McGowan, Jamieson Webster.\" \/>\n<meta name=\"robots\" content=\"index, follow, max-snippet:-1, max-image-preview:large, max-video-preview:-1\" \/>\n<link rel=\"canonical\" href=\"https:\/\/gcas.ie\/es\/psychoanalysis-certificate-enrollment\/\" \/>\n<meta property=\"og:locale\" content=\"es_ES\" \/>\n<meta property=\"og:type\" content=\"article\" \/>\n<meta property=\"og:title\" content=\"Psychoanalysis Certificate\" \/>\n<meta property=\"og:description\" content=\"Earn an accredited Certificate in Psychoanalysis online. Study Freudian and Lacanian traditions with Bruce Fink, Todd McGowan, Jamieson Webster.\" \/>\n<meta property=\"og:url\" content=\"https:\/\/gcas.ie\/es\/psychoanalysis-certificate-enrollment\/\" \/>\n<meta property=\"og:site_name\" content=\"The Global Centre for Advanced Studies\" \/>\n<meta property=\"article:publisher\" content=\"https:\/\/www.facebook.com\/globalcenterforadvancedstudies\/\" \/>\n<meta property=\"article:modified_time\" content=\"2026-04-26T12:52:00+00:00\" \/>\n<meta name=\"twitter:card\" content=\"summary_large_image\" \/>\n<meta name=\"twitter:label1\" content=\"Tiempo de lectura\" \/>\n\t<meta name=\"twitter:data1\" content=\"2 minutos\" \/>\n<script type=\"application\/ld+json\" class=\"yoast-schema-graph\">{\"@context\":\"https:\\\/\\\/schema.org\",\"@graph\":[{\"@type\":\"WebPage\",\"@id\":\"https:\\\/\\\/gcas.ie\\\/psychoanalysis-certificate-enrollment\\\/\",\"url\":\"https:\\\/\\\/gcas.ie\\\/psychoanalysis-certificate-enrollment\\\/\",\"name\":\"Psychoanalysis Certificate - The Global Centre for Advanced Studies\",\"isPartOf\":{\"@id\":\"https:\\\/\\\/gcas.ie\\\/#website\"},\"datePublished\":\"2025-12-18T07:04:32+00:00\",\"dateModified\":\"2026-04-26T12:52:00+00:00\",\"breadcrumb\":{\"@id\":\"https:\\\/\\\/gcas.ie\\\/psychoanalysis-certificate-enrollment\\\/#breadcrumb\"},\"inLanguage\":\"es\"},{\"@type\":\"WebSite\",\"@id\":\"https:\\\/\\\/gcas.ie\\\/#website\",\"url\":\"https:\\\/\\\/gcas.ie\\\/\",\"name\":\"The Global Centre for Advanced Studies\",\"description\":\"The World\u2019s First, Global Debt-Free, Accredited College Owned by Faculty and Graduates.\",\"publisher\":{\"@id\":\"https:\\\/\\\/gcas.ie\\\/#organization\"},\"alternateName\":\"GCAS College\",\"potentialAction\":[{\"@type\":\"SearchAction\",\"target\":{\"@type\":\"EntryPoint\",\"urlTemplate\":\"https:\\\/\\\/gcas.ie\\\/?s={search_term_string}\"},\"query-input\":{\"@type\":\"PropertyValueSpecification\",\"valueRequired\":true,\"valueName\":\"search_term_string\"}}],\"inLanguage\":\"es\"},{\"@type\":\"Organization\",\"@id\":\"https:\\\/\\\/gcas.ie\\\/#organization\",\"name\":\"The Global Centre for Advanced Studies\",\"alternateName\":\"GCAS\",\"url\":\"https:\\\/\\\/gcas.ie\\\/\",\"logo\":{\"@type\":\"ImageObject\",\"inLanguage\":\"es\",\"@id\":\"https:\\\/\\\/gcas.ie\\\/#\\\/schema\\\/logo\\\/image\\\/\",\"url\":\"https:\\\/\\\/i0.wp.com\\\/gcas.ie\\\/wp-content\\\/uploads\\\/2025\\\/12\\\/Untitled-design-2.png?fit=1080%2C1080&ssl=1\",\"contentUrl\":\"https:\\\/\\\/i0.wp.com\\\/gcas.ie\\\/wp-content\\\/uploads\\\/2025\\\/12\\\/Untitled-design-2.png?fit=1080%2C1080&ssl=1\",\"width\":1080,\"height\":1080,\"caption\":\"The Global Centre for Advanced Studies\"},\"image\":{\"@id\":\"https:\\\/\\\/gcas.ie\\\/#\\\/schema\\\/logo\\\/image\\\/\"},\"sameAs\":[\"https:\\\/\\\/www.facebook.com\\\/globalcenterforadvancedstudies\\\/\",\"https:\\\/\\\/www.instagram.com\\\/gcas.ie\\\/\",\"https:\\\/\\\/www.linkedin.com\\\/school\\\/the-global-center-for-advanced-studies\\\/?viewAsMember=true\"],\"description\":\"GCAS College Dublin is the world's first debt-free, EU-accredited online college, offering cooperatively owned BA, MA, and PhD degrees in philosophy, psychoanalysis, theology, social sciences, law, and natural sciences to students in 80+ countries.\",\"email\":\"contact@gcas.ie\",\"telephone\":\"+353 87 754 1417\",\"legalName\":\"GCAS College Dublin, LTD\",\"foundingDate\":\"2013-08-22\",\"numberOfEmployees\":{\"@type\":\"QuantitativeValue\",\"minValue\":\"11\",\"maxValue\":\"50\"}}]}<\/script>\n<!-- \/ Yoast SEO Premium plugin. -->","yoast_head_json":{"title":"Psychoanalysis Certificate - The Global Centre for Advanced Studies","description":"Earn an accredited Certificate in Psychoanalysis online. Study Freudian and Lacanian traditions with Bruce Fink, Todd McGowan, Jamieson Webster.","robots":{"index":"index","follow":"follow","max-snippet":"max-snippet:-1","max-image-preview":"max-image-preview:large","max-video-preview":"max-video-preview:-1"},"canonical":"https:\/\/gcas.ie\/es\/psychoanalysis-certificate-enrollment\/","og_locale":"es_ES","og_type":"article","og_title":"Psychoanalysis Certificate","og_description":"Earn an accredited Certificate in Psychoanalysis online. Study Freudian and Lacanian traditions with Bruce Fink, Todd McGowan, Jamieson Webster.","og_url":"https:\/\/gcas.ie\/es\/psychoanalysis-certificate-enrollment\/","og_site_name":"The Global Centre for Advanced Studies","article_publisher":"https:\/\/www.facebook.com\/globalcenterforadvancedstudies\/","article_modified_time":"2026-04-26T12:52:00+00:00","twitter_card":"summary_large_image","twitter_misc":{"Tiempo de lectura":"2 minutos"},"schema":{"@context":"https:\/\/schema.org","@graph":[{"@type":"WebPage","@id":"https:\/\/gcas.ie\/psychoanalysis-certificate-enrollment\/","url":"https:\/\/gcas.ie\/psychoanalysis-certificate-enrollment\/","name":"Psychoanalysis Certificate - The Global Centre for Advanced Studies","isPartOf":{"@id":"https:\/\/gcas.ie\/#website"},"datePublished":"2025-12-18T07:04:32+00:00","dateModified":"2026-04-26T12:52:00+00:00","breadcrumb":{"@id":"https:\/\/gcas.ie\/psychoanalysis-certificate-enrollment\/#breadcrumb"},"inLanguage":"es"},{"@type":"WebSite","@id":"https:\/\/gcas.ie\/#website","url":"https:\/\/gcas.ie\/","name":"The Global Centre for Advanced Studies","description":"La primera universidad acreditada del mundo, libre de deudas y propiedad de profesores y graduados.","publisher":{"@id":"https:\/\/gcas.ie\/#organization"},"alternateName":"GCAS College","potentialAction":[{"@type":"SearchAction","target":{"@type":"EntryPoint","urlTemplate":"https:\/\/gcas.ie\/?s={search_term_string}"},"query-input":{"@type":"PropertyValueSpecification","valueRequired":true,"valueName":"search_term_string"}}],"inLanguage":"es"},{"@type":"Organization","@id":"https:\/\/gcas.ie\/#organization","name":"The Global Centre for Advanced Studies","alternateName":"GCAS","url":"https:\/\/gcas.ie\/","logo":{"@type":"ImageObject","inLanguage":"es","@id":"https:\/\/gcas.ie\/#\/schema\/logo\/image\/","url":"https:\/\/i0.wp.com\/gcas.ie\/wp-content\/uploads\/2025\/12\/Untitled-design-2.png?fit=1080%2C1080&ssl=1","contentUrl":"https:\/\/i0.wp.com\/gcas.ie\/wp-content\/uploads\/2025\/12\/Untitled-design-2.png?fit=1080%2C1080&ssl=1","width":1080,"height":1080,"caption":"The Global Centre for Advanced Studies"},"image":{"@id":"https:\/\/gcas.ie\/#\/schema\/logo\/image\/"},"sameAs":["https:\/\/www.facebook.com\/globalcenterforadvancedstudies\/","https:\/\/www.instagram.com\/gcas.ie\/","https:\/\/www.linkedin.com\/school\/the-global-center-for-advanced-studies\/?viewAsMember=true"],"description":"GCAS College Dublin is the world's first debt-free, EU-accredited online college, offering cooperatively owned BA, MA, and PhD degrees in philosophy, psychoanalysis, theology, social sciences, law, and natural sciences to students in 80+ countries.","email":"contact@gcas.ie","telephone":"+353 87 754 1417","legalName":"GCAS College Dublin, LTD","foundingDate":"2013-08-22","numberOfEmployees":{"@type":"QuantitativeValue","minValue":"11","maxValue":"50"}}]}},"jetpack_likes_enabled":true,"jetpack_sharing_enabled":true,"jetpack_shortlink":"https:\/\/wp.me\/PesgkL-c9","jetpack-related-posts":[{"id":3319,"url":"https:\/\/gcas.ie\/es\/professors-academic-year-2026-2027\/","url_meta":{"origin":753,"position":0},"title":"Profesores Curso 2026-2027","author":"crestondavis","date":"febrero 9, 2026","format":false,"excerpt":"Academic Year 2026\u20132027 Teaching Faculty World-class scholars from leading institutions will guide your studies at GCAS next year. From philosophy and psychoanalysis to theology, critical theory, and political thought \u2014 learn directly from the thinkers who are shaping these fields. Course details and the full teaching schedule are still being\u2026","rel":"","context":"Entrada similar","block_context":{"text":"Entrada similar","link":""},"img":{"alt_text":"","src":"","width":0,"height":0},"classes":[]},{"id":3992,"url":"https:\/\/gcas.ie\/es\/psychoanalysis-certificate-program\/","url_meta":{"origin":753,"position":1},"title":"Psychoanalysis Certificate Program","author":"crestondavis","date":"abril 26, 2026","format":false,"excerpt":"Psychoanalysis Certificate Program An intensive interdisciplinary engagement with psychoanalytic theory and clinical thought The GCAS Certificate in Psychoanalysis offers a rigorous, year-long encounter with the psychoanalytic tradition \u2014 from Freud and the early continental development through Lacan and contemporary critical engagements. The program is designed for clinicians seeking to deepen\u2026","rel":"","context":"Entrada similar","block_context":{"text":"Entrada similar","link":""},"img":{"alt_text":"","src":"","width":0,"height":0},"classes":[]},{"id":3042,"url":"https:\/\/gcas.ie\/es\/ma-psychoanalysis-tracker\/","url_meta":{"origin":753,"position":2},"title":"MA Psychoanalysis Program Tracker","author":"crestondavis","date":"enero 9, 2026","format":false,"excerpt":"Coming Soon.","rel":"","context":"Entrada similar","block_context":{"text":"Entrada similar","link":""},"img":{"alt_text":"","src":"","width":0,"height":0},"classes":[]},{"id":428,"url":"https:\/\/gcas.ie\/es\/phase-2-ma-psychoanalysis\/","url_meta":{"origin":753,"position":3},"title":"Phase 2 MA Psychoanalysis","author":"crestondavis","date":"diciembre 14, 2025","format":false,"excerpt":"Your Application Progress \u2713 Phase 1 General Application \u2713 Interview Completed 3 Phase 2 You Are Here 4 Decision Pending MA Psychoanalysis \u2013 Phase 2 Application You're almost there! Please submit the following materials to complete your application to the MA Psychoanalysis program. Required Documents: CV \u2013 Current curriculum vitae\u2026","rel":"","context":"Entrada similar","block_context":{"text":"Entrada similar","link":""},"img":{"alt_text":"","src":"","width":0,"height":0},"classes":[]},{"id":47,"url":"https:\/\/gcas.ie\/es\/master-of-arts-psychoanalysis\/","url_meta":{"origin":753,"position":4},"title":"M\u00e1ster en Psicoan\u00e1lisis","author":"crestondavis","date":"diciembre 9, 2025","format":false,"excerpt":"\u00danete al M\u00e1ster Online en Psicoan\u00e1lisis l\u00edder en el mundo.","rel":"","context":"Entrada similar","block_context":{"text":"Entrada similar","link":""},"img":{"alt_text":"","src":"https:\/\/i0.wp.com\/gcas.ie\/wp-content\/uploads\/2025\/12\/Bracha-and-Jamieson.png?fit=1080%2C720&ssl=1&resize=350%2C200","width":350,"height":200,"srcset":"https:\/\/i0.wp.com\/gcas.ie\/wp-content\/uploads\/2025\/12\/Bracha-and-Jamieson.png?fit=1080%2C720&ssl=1&resize=350%2C200 1x, https:\/\/i0.wp.com\/gcas.ie\/wp-content\/uploads\/2025\/12\/Bracha-and-Jamieson.png?fit=1080%2C720&ssl=1&resize=525%2C300 1.5x, https:\/\/i0.wp.com\/gcas.ie\/wp-content\/uploads\/2025\/12\/Bracha-and-Jamieson.png?fit=1080%2C720&ssl=1&resize=700%2C400 2x, https:\/\/i0.wp.com\/gcas.ie\/wp-content\/uploads\/2025\/12\/Bracha-and-Jamieson.png?fit=1080%2C720&ssl=1&resize=1050%2C600 3x"},"classes":[]},{"id":2301,"url":"https:\/\/gcas.ie\/es\/interview-ma-psychoanalysis\/","url_meta":{"origin":753,"position":5},"title":"Interview MA Psychoanalysis","author":"crestondavis","date":"diciembre 30, 2025","format":false,"excerpt":"Thank you for applying to the MA Psychoanalysis program at GCAS. To complete the next step in your application, please schedule an admissions conversation with the Director of the MA Psychoanalysis Program below. Dr. Florian Kleinau, PhD Professor of Psychoanalysis and Director of the MA Psychoanalysis Program Schedule with Florian","rel":"","context":"Entrada similar","block_context":{"text":"Entrada similar","link":""},"img":{"alt_text":"","src":"https:\/\/i0.wp.com\/gcas.ie\/wp-content\/uploads\/2025\/12\/Psychoanalysis-Interview.png?fit=1200%2C630&ssl=1&resize=350%2C200","width":350,"height":200,"srcset":"https:\/\/i0.wp.com\/gcas.ie\/wp-content\/uploads\/2025\/12\/Psychoanalysis-Interview.png?fit=1200%2C630&ssl=1&resize=350%2C200 1x, https:\/\/i0.wp.com\/gcas.ie\/wp-content\/uploads\/2025\/12\/Psychoanalysis-Interview.png?fit=1200%2C630&ssl=1&resize=525%2C300 1.5x, https:\/\/i0.wp.com\/gcas.ie\/wp-content\/uploads\/2025\/12\/Psychoanalysis-Interview.png?fit=1200%2C630&ssl=1&resize=700%2C400 2x, https:\/\/i0.wp.com\/gcas.ie\/wp-content\/uploads\/2025\/12\/Psychoanalysis-Interview.png?fit=1200%2C630&ssl=1&resize=1050%2C600 3x"},"classes":[]}],"_links":{"self":[{"href":"https:\/\/gcas.ie\/es\/wp-json\/wp\/v2\/pages\/753","targetHints":{"allow":["GET"]}}],"collection":[{"href":"https:\/\/gcas.ie\/es\/wp-json\/wp\/v2\/pages"}],"about":[{"href":"https:\/\/gcas.ie\/es\/wp-json\/wp\/v2\/types\/page"}],"author":[{"embeddable":true,"href":"https:\/\/gcas.ie\/es\/wp-json\/wp\/v2\/users\/8678545"}],"replies":[{"embeddable":true,"href":"https:\/\/gcas.ie\/es\/wp-json\/wp\/v2\/comments?post=753"}],"version-history":[{"count":12,"href":"https:\/\/gcas.ie\/es\/wp-json\/wp\/v2\/pages\/753\/revisions"}],"predecessor-version":[{"id":3998,"href":"https:\/\/gcas.ie\/es\/wp-json\/wp\/v2\/pages\/753\/revisions\/3998"}],"wp:attachment":[{"href":"https:\/\/gcas.ie\/es\/wp-json\/wp\/v2\/media?parent=753"}],"curies":[{"name":"wp","href":"https:\/\/api.w.org\/{rel}","templated":true}]}}