{"id":539,"date":"2025-12-15T08:56:35","date_gmt":"2025-12-15T08:56:35","guid":{"rendered":"https:\/\/gcas.ie\/honorary-president\/"},"modified":"2026-02-07T20:52:13","modified_gmt":"2026-02-07T20:52:13","slug":"honorary-president","status":"publish","type":"page","link":"https:\/\/gcas.ie\/es\/honorary-president\/","title":{"rendered":"Presidente de Honor"},"content":{"rendered":"\n<div style=\"padding-top: 120px;\">\n\n<header style=\"text-align: center; margin-bottom: 3rem;\">\n    <p style=\"font-size: 0.9rem; text-transform: uppercase; letter-spacing: 0.2em; color: #169B62; margin-bottom: 0.5rem;\">The Global Center for Advanced Studies is honored to announce our new<\/p>\n    <h1 style=\"font-family: 'Cormorant Garamond', Georgia, serif; font-size: 2.5rem; font-weight: 600; color: #ffffff; margin-bottom: 0.5rem;\">Honorary President<\/h1>\n    <h2 style=\"font-family: 'Cormorant Garamond', Georgia, serif; font-size: 1.75rem; font-weight: 400; color: rgba(255, 255, 255, 0.7); margin-bottom: 1rem;\">Prof. Dr. Lewis Gordon<\/h2>\n    <p style=\"font-size: 1rem; color: rgba(255, 255, 255, 0.5); font-style: italic;\">Inaugural Statement \u2014 2017<\/p>\n<\/header>\n\n<div style=\"text-align: center; margin: 3rem 0; display: flex; justify-content: center;\">\n    <img data-recalc-dims=\"1\" decoding=\"async\" src=\"https:\/\/i0.wp.com\/gcas.ie\/wp-content\/uploads\/2025\/12\/IMG_6332.jpg?ssl=1\" alt=\"Prof. Dr. Lewis Gordon\" style=\"max-width: 700px; width: 100%; border-radius: 12px; border: 1px solid rgba(255, 255, 255, 0.1);\">\n<\/div>\n\n<section style=\"background: rgba(255, 255, 255, 0.03); border: 1px solid rgba(255, 255, 255, 0.1); border-radius: 16px; padding: 2.5rem; margin: 3rem 0;\">\n    <div style=\"text-align: center; margin-bottom: 2rem;\">\n        <h3 style=\"font-family: 'Cormorant Garamond', Georgia, serif; font-size: 1.5rem; font-weight: 600; color: #ffffff; margin-bottom: 0.25rem;\">Inaugural Statement<\/h3>\n        <p style=\"font-size: 0.9rem; color: #169B62;\">2017<\/p>\n    <\/div>\n    \n    <p style=\"font-style: italic; color: rgba(255, 255, 255, 0.6); margin-bottom: 1.5rem; padding-bottom: 1.5rem; border-bottom: 1px solid rgba(255, 255, 255, 0.1);\">Some words from the Honorary President of GCAS<\/p>\n    \n    <div style=\"font-size: 1.05rem; line-height: 1.9; color: rgba(255, 255, 255, 0.8);\">\n        <p style=\"margin-bottom: 1.5rem; text-align: justify;\">&#8220;Every generation has its mission to fulfil or betray,&#8221; wrote a recent revolutionary sage. We are now living in proverbially &#8220;interesting times.&#8221; As a global organization, GCAS has an important, liberating role to play in struggles against market fundamentalism, rising fascism, and the colonization of communication, the production of knowledge, and normative life.<\/p>\n        \n        <p style=\"margin-bottom: 1.5rem; text-align: justify;\">As Honorary President, my aims will be, first, to bring critical reflection to the fore on the meaning of &#8220;global&#8221; as one of our organizing themes. There is a line of thought that treats any form of globality as &#8220;imperial,&#8221; an interpretation that emerges from regarding the global as that which could only be imposed. Another model, which I hope we will expound, is global connectedness, where, as a communicative practice, the global is a form of reaching that brings forth the &#8220;humility&#8221; in &#8220;human&#8221; being through respect for that which contextualizes us\u2014namely, our relationship to and with reality.<\/p>\n        \n        <p style=\"margin-bottom: 1.5rem; text-align: justify;\">Instead of the global being a covered domain, I see our task as to offer practices of intellectual resistance as opening the conditions through which to take responsibility for conditions of empowerment and freedom whose legitimacy we do not dictate but to which we contribute.<\/p>\n        \n        <p style=\"margin-bottom: 1.5rem; text-align: justify;\">This requires, second, transforming the GCAS&#8217; up to this point unintended Eurocentric conception of the global into one that not only includes the Global South but also extends beyond reductive notions of thinking and learning that govern many academic institutions. This involves being vigilant against what I call &#8220;disciplinary decadence&#8221; and reaching forth for models of reason and practice in what I have also characterized as &#8220;shifting the geography of reason.&#8221; To that end, we will build bridges with organizations organically attuned to our understanding of what it means to be citizens of the globe.<\/p>\n        \n        <p style=\"font-family: 'Cormorant Garamond', Georgia, serif; font-size: 1.25rem; font-style: italic; color: #ffffff; margin-top: 2rem; text-align: right;\">\u2014 Lewis Gordon<\/p>\n    <\/div>\n<\/section>\n\n<div style=\"background: rgba(22, 155, 98, 0.1); border: 1px solid rgba(22, 155, 98, 0.3); border-radius: 10px; padding: 1.25rem 1.5rem; margin: 2rem 0; font-size: 0.95rem;\">\n    <strong style=\"color: #169B62;\">Lewis Gordon<\/strong> gave a public talk in the GCAS Interventions series on Saturday, August 19, 2017: <strong style=\"color: #169B62;\">&#8220;Fighting Fascism in the United States&#8221;<\/strong>\n<\/div>\n\n<section style=\"margin-top: 3rem;\">\n    <h3 style=\"font-family: 'Cormorant Garamond', Georgia, serif; font-size: 1.75rem; font-weight: 600; color: #ffffff; margin-bottom: 1.5rem; padding-bottom: 0.75rem; border-bottom: 1px solid rgba(255, 255, 255, 0.1);\">Biography<\/h3>\n    <div style=\"font-size: 1rem; line-height: 1.9; color: rgba(255, 255, 255, 0.75);\">\n        <p style=\"margin-bottom: 1.25rem;\"><strong style=\"color: #ffffff;\">Lewis Ricardo Gordon<\/strong> is Professor of Philosophy at UCONN-Storrs in the United States; European Union Visiting Chair in Philosophy at Universit\u00e9 Toulouse Jean Jaur\u00e8s, France; Honorary President and Core Professor at the Global Center for Advanced Studies; Honorary Professor at the Unit of the Humanities at Rhodes University (UHURU), South Africa; and Chairman of the Anna Julia Cooper, Frantz Fanon, Nicol\u00e1s Guill\u00e9n, and Claudia Jones awards committees of the Caribbean Philosophical Association.<\/p>\n        \n        <p style=\"margin-bottom: 1.25rem;\">He was also recently Nelson Mandela Distinguished Visiting Professor of Politics and International Studies at Rhodes in South Africa (2014 and 2015).<\/p>\n        \n        <p style=\"margin-bottom: 1.25rem;\">His research and theoretical work are in the areas of Africana philosophy, existentialism, phenomenology, social and political philosophy, philosophy of human sciences, life sciences, and physics, aesthetics, philosophy of religion, postcolonial thought, theories of race and racism, and philosophy of education.<\/p>\n        \n        <p style=\"margin-bottom: 1.25rem;\">His recent publications include <em>Disciplinary Decadence: Living Thought in Trying Times<\/em> (Routledge, 2006), <em>An Introduction to Africana Philosophy<\/em> (Cambridge UP, 2008), <em>What Fanon Said: A Philosophical Introduction to His Life and Thought<\/em> (Fordham UP; Wits UP; Hurst, 2015; Swedish translation, <em>Vad Fanon Sa<\/em>, TankeKraft f\u00f6rlag 2016), and <em>La sud prin nord-vest: Reflec\u0163ii existen\u0163iale afrodiasporice<\/em> [Eng. Trans.: &#8220;South by Northwest: Africana Existential Reflections&#8221;] (Cluj, Romania: IDEA Design &#038; Print, 2016).<\/p>\n        \n        <p style=\"margin-bottom: 1.25rem;\">He has written a few hundred academic journal articles, book chapters, and reviews, many of which have been translated into several languages, and interviews and essays for a variety of public forums, including <em>The Mail &#038; Guardian<\/em> and <em>Truthout<\/em>, on which he now serves on the Board of Directors.<\/p>\n        \n        <p style=\"margin-bottom: 1.25rem;\">He co-edits the book series <em>Global Critical Caribbean Thought<\/em>. Gordon is also a musician. He plays drums, among other instruments, in blues and jazz bands in the Hartford area, and alternative rock with the band ThreeGenerations.<\/p>\n    <\/div>\n<\/section>\n\n<\/div>\n\n\n\n<div class=\"wp-block-columns is-layout-flex wp-container-core-columns-is-layout-8f761849 wp-block-columns-is-layout-flex\">\n<div class=\"wp-block-column is-layout-flow wp-block-column-is-layout-flow\" style=\"flex-basis:25%\"><\/div>\n\n\n\n<div class=\"wp-block-column is-layout-flow wp-block-column-is-layout-flow\" style=\"flex-basis:50%\">\n<figure class=\"wp-block-embed is-type-video is-provider-youtube wp-block-embed-youtube wp-embed-aspect-16-9 wp-has-aspect-ratio\"><div class=\"wp-block-embed__wrapper\">\n<span class=\"embed-youtube\" style=\"text-align:center; display: block;\"><iframe loading=\"lazy\" class=\"youtube-player\" width=\"640\" height=\"360\" src=\"https:\/\/www.youtube.com\/embed\/Fa3frTq-vCE?version=3&#038;rel=1&#038;showsearch=0&#038;showinfo=1&#038;iv_load_policy=1&#038;fs=1&#038;hl=es-ES&#038;autohide=2&#038;start=2&#038;wmode=transparent\" allowfullscreen=\"true\" style=\"border:0;\" sandbox=\"allow-scripts allow-same-origin allow-popups allow-presentation allow-popups-to-escape-sandbox\"><\/iframe><\/span>\n<\/div><\/figure>\n<\/div>\n\n\n\n<div class=\"wp-block-column is-layout-flow wp-block-column-is-layout-flow\" style=\"flex-basis:25%\"><\/div>\n<\/div>\n\n\n\n<h2 class=\"wp-block-heading has-text-align-center\">PREVIOUS GCAS HONORARY PRESIDENTS<\/h2>\n\n\n\n<h3 class=\"wp-block-heading has-text-align-center\">Dorothea Olkowski 2013-2014<\/h3>\n\n\n\n<h3 class=\"wp-block-heading has-text-align-center\">Alain Badiou 2014-2015<\/h3>\n","protected":false},"excerpt":{"rendered":"<p>The Global Center for Advanced Studies is honored to announce our new Honorary President Prof. Dr. Lewis Gordon Inaugural Statement \u2014 2017 Inaugural Statement 2017 Some words from the Honorary President of GCAS &#8220;Every generation has its mission to fulfil or betray,&#8221; wrote a recent revolutionary sage. We are now living in proverbially &#8220;interesting times.&#8221; [&hellip;]<\/p>\n","protected":false},"author":229715834,"featured_media":0,"parent":0,"menu_order":0,"comment_status":"closed","ping_status":"closed","template":"page-gcas-branded-public.php","meta":{"_crdt_document":"","publish_to_discourse":"","publish_post_category":"","wpdc_auto_publish_overridden":"","wpdc_topic_tags":"","wpdc_pin_topic":"","wpdc_pin_until":"","discourse_post_id":"","discourse_permalink":"","wpdc_publishing_response":"","wpdc_publishing_error":"","jetpack_post_was_ever_published":false,"footnotes":""},"class_list":["post-539","page","type-page","status-publish","hentry"],"yoast_head":"<!-- This site is optimized with the Yoast SEO Premium plugin v27.2 (Yoast SEO v27.2) - https:\/\/yoast.com\/product\/yoast-seo-premium-wordpress\/ -->\n<title>Honorary President - The Global Centre for Advanced Studies<\/title>\n<meta name=\"robots\" content=\"index, follow, max-snippet:-1, max-image-preview:large, max-video-preview:-1\" \/>\n<link rel=\"canonical\" href=\"https:\/\/gcas.ie\/es\/honorary-president\/\" \/>\n<meta property=\"og:locale\" content=\"es_ES\" \/>\n<meta property=\"og:type\" content=\"article\" \/>\n<meta property=\"og:title\" content=\"Honorary President\" \/>\n<meta property=\"og:description\" content=\"The Global Center for Advanced Studies is honored to announce our new Honorary President Prof. Dr. Lewis Gordon Inaugural Statement \u2014 2017 Inaugural Statement 2017 Some words from the Honorary President of GCAS &#8220;Every generation has its mission to fulfil or betray,&#8221; wrote a recent revolutionary sage. We are now living in proverbially &#8220;interesting times.&#8221; [&hellip;]\" \/>\n<meta property=\"og:url\" content=\"https:\/\/gcas.ie\/es\/honorary-president\/\" \/>\n<meta property=\"og:site_name\" content=\"The Global Centre for Advanced Studies\" \/>\n<meta property=\"article:publisher\" content=\"https:\/\/www.facebook.com\/globalcenterforadvancedstudies\/\" \/>\n<meta property=\"article:modified_time\" content=\"2026-02-07T20:52:13+00:00\" \/>\n<meta property=\"og:image\" content=\"https:\/\/gcas.ie\/wp-content\/uploads\/2025\/12\/IMG_6332.jpg\" \/>\n<meta name=\"twitter:card\" content=\"summary_large_image\" \/>\n<meta name=\"twitter:label1\" content=\"Tiempo de lectura\" \/>\n\t<meta name=\"twitter:data1\" content=\"3 minutos\" \/>\n<script type=\"application\/ld+json\" class=\"yoast-schema-graph\">{\"@context\":\"https:\/\/schema.org\",\"@graph\":[{\"@type\":\"WebPage\",\"@id\":\"https:\/\/gcas.ie\/honorary-president\/\",\"url\":\"https:\/\/gcas.ie\/honorary-president\/\",\"name\":\"Honorary President - The Global Centre for Advanced Studies\",\"isPartOf\":{\"@id\":\"https:\/\/gcas.ie\/#website\"},\"primaryImageOfPage\":{\"@id\":\"https:\/\/gcas.ie\/honorary-president\/#primaryimage\"},\"image\":{\"@id\":\"https:\/\/gcas.ie\/honorary-president\/#primaryimage\"},\"thumbnailUrl\":\"https:\/\/gcas.ie\/wp-content\/uploads\/2025\/12\/IMG_6332.jpg\",\"datePublished\":\"2025-12-15T08:56:35+00:00\",\"dateModified\":\"2026-02-07T20:52:13+00:00\",\"breadcrumb\":{\"@id\":\"https:\/\/gcas.ie\/honorary-president\/#breadcrumb\"},\"inLanguage\":\"es\",\"potentialAction\":[{\"@type\":\"ReadAction\",\"target\":[\"https:\/\/gcas.ie\/honorary-president\/\"]}]},{\"@type\":\"ImageObject\",\"inLanguage\":\"es\",\"@id\":\"https:\/\/gcas.ie\/honorary-president\/#primaryimage\",\"url\":\"https:\/\/gcas.ie\/wp-content\/uploads\/2025\/12\/IMG_6332.jpg\",\"contentUrl\":\"https:\/\/gcas.ie\/wp-content\/uploads\/2025\/12\/IMG_6332.jpg\"},{\"@type\":\"BreadcrumbList\",\"@id\":\"https:\/\/gcas.ie\/honorary-president\/#breadcrumb\",\"itemListElement\":[{\"@type\":\"ListItem\",\"position\":1,\"name\":\"Home\",\"item\":\"https:\/\/gcas.ie\/\"},{\"@type\":\"ListItem\",\"position\":2,\"name\":\"Honorary President\"}]},{\"@type\":\"WebSite\",\"@id\":\"https:\/\/gcas.ie\/#website\",\"url\":\"https:\/\/gcas.ie\/\",\"name\":\"The Global Centre for Advanced Studies\",\"description\":\"The World\u2019s First, Global Debt-Free, Accredited College Owned by Faculty and Graduates.\",\"publisher\":{\"@id\":\"https:\/\/gcas.ie\/#organization\"},\"alternateName\":\"GCAS College\",\"potentialAction\":[{\"@type\":\"SearchAction\",\"target\":{\"@type\":\"EntryPoint\",\"urlTemplate\":\"https:\/\/gcas.ie\/?s={search_term_string}\"},\"query-input\":{\"@type\":\"PropertyValueSpecification\",\"valueRequired\":true,\"valueName\":\"search_term_string\"}}],\"inLanguage\":\"es\"},{\"@type\":\"Organization\",\"@id\":\"https:\/\/gcas.ie\/#organization\",\"name\":\"The Global Centre for Advanced Studies\",\"alternateName\":\"GCAS\",\"url\":\"https:\/\/gcas.ie\/\",\"logo\":{\"@type\":\"ImageObject\",\"inLanguage\":\"es\",\"@id\":\"https:\/\/gcas.ie\/#\/schema\/logo\/image\/\",\"url\":\"https:\/\/i0.wp.com\/gcas.ie\/wp-content\/uploads\/2025\/12\/Untitled-design-2.png?fit=1080%2C1080&ssl=1\",\"contentUrl\":\"https:\/\/i0.wp.com\/gcas.ie\/wp-content\/uploads\/2025\/12\/Untitled-design-2.png?fit=1080%2C1080&ssl=1\",\"width\":1080,\"height\":1080,\"caption\":\"The Global Centre for Advanced Studies\"},\"image\":{\"@id\":\"https:\/\/gcas.ie\/#\/schema\/logo\/image\/\"},\"sameAs\":[\"https:\/\/www.facebook.com\/globalcenterforadvancedstudies\/\",\"https:\/\/www.instagram.com\/gcas.ie\/\",\"https:\/\/www.linkedin.com\/school\/the-global-center-for-advanced-studies\/?viewAsMember=true\"],\"description\":\"GCAS College Dublin is the world's first debt-free, EU-accredited online college, offering cooperatively owned BA, MA, and PhD degrees in philosophy, psychoanalysis, theology, social sciences, law, and natural sciences to students in 80+ countries.\",\"email\":\"contact@gcas.ie\",\"telephone\":\"+353 87 754 1417\",\"legalName\":\"GCAS College Dublin, LTD\",\"foundingDate\":\"2013-08-22\",\"numberOfEmployees\":{\"@type\":\"QuantitativeValue\",\"minValue\":\"11\",\"maxValue\":\"50\"}}]}<\/script>\n<!-- \/ Yoast SEO Premium plugin. -->","yoast_head_json":{"title":"Honorary President - The Global Centre for Advanced Studies","robots":{"index":"index","follow":"follow","max-snippet":"max-snippet:-1","max-image-preview":"max-image-preview:large","max-video-preview":"max-video-preview:-1"},"canonical":"https:\/\/gcas.ie\/es\/honorary-president\/","og_locale":"es_ES","og_type":"article","og_title":"Honorary President","og_description":"The Global Center for Advanced Studies is honored to announce our new Honorary President Prof. Dr. Lewis Gordon Inaugural Statement \u2014 2017 Inaugural Statement 2017 Some words from the Honorary President of GCAS &#8220;Every generation has its mission to fulfil or betray,&#8221; wrote a recent revolutionary sage. We are now living in proverbially &#8220;interesting times.&#8221; [&hellip;]","og_url":"https:\/\/gcas.ie\/es\/honorary-president\/","og_site_name":"The Global Centre for Advanced Studies","article_publisher":"https:\/\/www.facebook.com\/globalcenterforadvancedstudies\/","article_modified_time":"2026-02-07T20:52:13+00:00","og_image":[{"url":"https:\/\/gcas.ie\/wp-content\/uploads\/2025\/12\/IMG_6332.jpg","type":"","width":"","height":""}],"twitter_card":"summary_large_image","twitter_misc":{"Tiempo de lectura":"3 minutos"},"schema":{"@context":"https:\/\/schema.org","@graph":[{"@type":"WebPage","@id":"https:\/\/gcas.ie\/honorary-president\/","url":"https:\/\/gcas.ie\/honorary-president\/","name":"Honorary President - The Global Centre for Advanced Studies","isPartOf":{"@id":"https:\/\/gcas.ie\/#website"},"primaryImageOfPage":{"@id":"https:\/\/gcas.ie\/honorary-president\/#primaryimage"},"image":{"@id":"https:\/\/gcas.ie\/honorary-president\/#primaryimage"},"thumbnailUrl":"https:\/\/gcas.ie\/wp-content\/uploads\/2025\/12\/IMG_6332.jpg","datePublished":"2025-12-15T08:56:35+00:00","dateModified":"2026-02-07T20:52:13+00:00","breadcrumb":{"@id":"https:\/\/gcas.ie\/honorary-president\/#breadcrumb"},"inLanguage":"es","potentialAction":[{"@type":"ReadAction","target":["https:\/\/gcas.ie\/honorary-president\/"]}]},{"@type":"ImageObject","inLanguage":"es","@id":"https:\/\/gcas.ie\/honorary-president\/#primaryimage","url":"https:\/\/gcas.ie\/wp-content\/uploads\/2025\/12\/IMG_6332.jpg","contentUrl":"https:\/\/gcas.ie\/wp-content\/uploads\/2025\/12\/IMG_6332.jpg"},{"@type":"BreadcrumbList","@id":"https:\/\/gcas.ie\/honorary-president\/#breadcrumb","itemListElement":[{"@type":"ListItem","position":1,"name":"Home","item":"https:\/\/gcas.ie\/"},{"@type":"ListItem","position":2,"name":"Honorary President"}]},{"@type":"WebSite","@id":"https:\/\/gcas.ie\/#website","url":"https:\/\/gcas.ie\/","name":"The Global Centre for Advanced Studies","description":"La primera universidad acreditada del mundo, libre de deudas y propiedad de profesores y graduados.","publisher":{"@id":"https:\/\/gcas.ie\/#organization"},"alternateName":"GCAS College","potentialAction":[{"@type":"SearchAction","target":{"@type":"EntryPoint","urlTemplate":"https:\/\/gcas.ie\/?s={search_term_string}"},"query-input":{"@type":"PropertyValueSpecification","valueRequired":true,"valueName":"search_term_string"}}],"inLanguage":"es"},{"@type":"Organization","@id":"https:\/\/gcas.ie\/#organization","name":"The Global Centre for Advanced Studies","alternateName":"GCAS","url":"https:\/\/gcas.ie\/","logo":{"@type":"ImageObject","inLanguage":"es","@id":"https:\/\/gcas.ie\/#\/schema\/logo\/image\/","url":"https:\/\/i0.wp.com\/gcas.ie\/wp-content\/uploads\/2025\/12\/Untitled-design-2.png?fit=1080%2C1080&ssl=1","contentUrl":"https:\/\/i0.wp.com\/gcas.ie\/wp-content\/uploads\/2025\/12\/Untitled-design-2.png?fit=1080%2C1080&ssl=1","width":1080,"height":1080,"caption":"The Global Centre for Advanced Studies"},"image":{"@id":"https:\/\/gcas.ie\/#\/schema\/logo\/image\/"},"sameAs":["https:\/\/www.facebook.com\/globalcenterforadvancedstudies\/","https:\/\/www.instagram.com\/gcas.ie\/","https:\/\/www.linkedin.com\/school\/the-global-center-for-advanced-studies\/?viewAsMember=true"],"description":"GCAS College Dublin is the world's first debt-free, EU-accredited online college, offering cooperatively owned BA, MA, and PhD degrees in philosophy, psychoanalysis, theology, social sciences, law, and natural sciences to students in 80+ countries.","email":"contact@gcas.ie","telephone":"+353 87 754 1417","legalName":"GCAS College Dublin, LTD","foundingDate":"2013-08-22","numberOfEmployees":{"@type":"QuantitativeValue","minValue":"11","maxValue":"50"}}]}},"jetpack_likes_enabled":true,"jetpack_sharing_enabled":true,"jetpack_shortlink":"https:\/\/wp.me\/PesgkL-8H","jetpack-related-posts":[{"id":583,"url":"https:\/\/gcas.ie\/es\/team\/","url_meta":{"origin":539,"position":0},"title":"Equipo","author":"Creston Davis","date":"diciembre 15, 2025","format":false,"excerpt":"This is GCAS's Leadership Team Creston Davis, Ph.D. Founder and Chancellor Dublin creston.davis@gcas.ie Francisco Gonzalez-Castro, Ph.D. Vice Chancellor Santiago, Chile francisco.gonzalez@gcas.ie Lewis R. Gordon, Ph.D. Honorary President New York lewis@gcas.ie Mario D'Amato, Ph.D. Professor & Director of the Undergraduate Programme Atlanta, GA mario@gcas.ie Florian Kleinau, Ph.D. Director of the MA\u2026","rel":"","context":"Entrada similar","block_context":{"text":"Entrada similar","link":""},"img":{"alt_text":"","src":"","width":0,"height":0},"classes":[]},{"id":103,"url":"https:\/\/gcas.ie\/es\/public-lectures\/","url_meta":{"origin":539,"position":1},"title":"Public Lectures","author":"crestondavis","date":"diciembre 11, 2025","format":false,"excerpt":"Public Lecture Series Free high-quality lectures and conferences from world-leading experts, available to the public since 2013. 1,000+ Hours of Free Content 100+ World-Class Speakers 2013 Since Founded The Global Center for Advanced Studies (GCAS) has provided thousands of hours of free high-quality lectures and conferences to the public since\u2026","rel":"","context":"Entrada similar","block_context":{"text":"Entrada similar","link":""},"img":{"alt_text":"","src":"","width":0,"height":0},"classes":[]},{"id":227,"url":"https:\/\/gcas.ie\/es\/affiliate-faculty\/","url_meta":{"origin":539,"position":2},"title":"Profesorado afiliado","author":"crestondavis","date":"diciembre 11, 2025","format":false,"excerpt":"Affiliate Faculty and Guest Lecturers A Asma Abbas (Lectured 2021, Director of GCAS-Jahan MA in Politics) Tariq Ali (Lectured \u201cDemocracy Rising\u201d Athens 2015 and guest lectured in 2018 during the Chile uprising). Darrell Arnold (Seminar Sep 2014 and with Prof. Feenberg in 2020 for an lecture) B Alain Badiou\u00a0(Honourary President\u2026","rel":"","context":"Entrada similar","block_context":{"text":"Entrada similar","link":""},"img":{"alt_text":"","src":"","width":0,"height":0},"classes":[]},{"id":1863,"url":"https:\/\/gcas.ie\/es\/the-history-of-gcas\/","url_meta":{"origin":539,"position":3},"title":"Historia del GCAS","author":"crestondavis","date":"diciembre 23, 2025","format":false,"excerpt":"A Brief History of the Global Centre for Advanced Studies Toward a New Mode of Knowledge Production A History of the Global Centre for Advanced Studies I. Origins: A Crisis of the Academy The Global Centre for Advanced Studies was born from a profound disillusionment with the structural realities of\u2026","rel":"","context":"Entrada similar","block_context":{"text":"Entrada similar","link":""},"img":{"alt_text":"","src":"","width":0,"height":0},"classes":[]},{"id":559,"url":"https:\/\/gcas.ie\/es\/faculty-affiliates\/","url_meta":{"origin":539,"position":4},"title":"Faculty and Affiliates","author":"Creston Davis","date":"diciembre 15, 2025","format":false,"excerpt":"GCAS Core & Affiliate Faculty, Guest Speakers, Invited Lecturers & Professors This was updated in April 2025 AAsma Abbas (Lectured 2021, Director of GCAS-Jahan MA in Politics)Tariq Ali (Lectured \u201cDemocracy Rising\u201d Athens 2015 and guest lectured in 2018 during the Chile uprising).Darrell Arnold (Seminar Sep 2014 and with Prof. Feenberg\u2026","rel":"","context":"Entrada similar","block_context":{"text":"Entrada similar","link":""},"img":{"alt_text":"","src":"","width":0,"height":0},"classes":[]}],"_links":{"self":[{"href":"https:\/\/gcas.ie\/es\/wp-json\/wp\/v2\/pages\/539","targetHints":{"allow":["GET"]}}],"collection":[{"href":"https:\/\/gcas.ie\/es\/wp-json\/wp\/v2\/pages"}],"about":[{"href":"https:\/\/gcas.ie\/es\/wp-json\/wp\/v2\/types\/page"}],"author":[{"embeddable":true,"href":"https:\/\/gcas.ie\/es\/wp-json\/wp\/v2\/users\/229715834"}],"replies":[{"embeddable":true,"href":"https:\/\/gcas.ie\/es\/wp-json\/wp\/v2\/comments?post=539"}],"version-history":[{"count":13,"href":"https:\/\/gcas.ie\/es\/wp-json\/wp\/v2\/pages\/539\/revisions"}],"predecessor-version":[{"id":1962,"href":"https:\/\/gcas.ie\/es\/wp-json\/wp\/v2\/pages\/539\/revisions\/1962"}],"wp:attachment":[{"href":"https:\/\/gcas.ie\/es\/wp-json\/wp\/v2\/media?parent=539"}],"curies":[{"name":"wp","href":"https:\/\/api.w.org\/{rel}","templated":true}]}}