{"id":204,"date":"2025-12-11T12:16:45","date_gmt":"2025-12-11T12:16:45","guid":{"rendered":"https:\/\/gcas.ie\/?page_id=204"},"modified":"2026-02-28T18:50:10","modified_gmt":"2026-02-28T18:50:10","slug":"ba-faculty","status":"publish","type":"page","link":"https:\/\/gcas.ie\/de\/ba-faculty\/","title":{"rendered":"GCAS BA in Interdisciplinary Studies Faculty"},"content":{"rendered":"<!-- Elfsight Team Showcase | BA Faculty  -->\n<script src=\"https:\/\/elfsightcdn.com\/platform.js\" async><\/script>\n<div class=\"elfsight-app-7ebf4f43-c6ee-4ad6-a8af-cb103d02ef45\" data-elfsight-app-lazy><\/div>","protected":false},"excerpt":{"rendered":"","protected":false},"author":8678545,"featured_media":0,"parent":0,"menu_order":0,"comment_status":"closed","ping_status":"closed","template":"","meta":{"_crdt_document":"","publish_to_discourse":"","publish_post_category":"","wpdc_auto_publish_overridden":"","wpdc_topic_tags":"","wpdc_pin_topic":"","wpdc_pin_until":"","discourse_post_id":"","discourse_permalink":"","wpdc_publishing_response":"","wpdc_publishing_error":"","jetpack_post_was_ever_published":false,"footnotes":""},"class_list":["post-204","page","type-page","status-publish","hentry"],"yoast_head":"<!-- This site is optimized with the Yoast SEO Premium plugin v27.2 (Yoast SEO v27.2) - https:\/\/yoast.com\/product\/yoast-seo-premium-wordpress\/ -->\n<title>GCAS BA in Interdisciplinary Studies Faculty - The Global Centre for Advanced Studies<\/title>\n<meta name=\"description\" content=\"Meet interdisciplinary, global faculty of scholars, researchers, and practitioners leading the GCAS BA in Interdisciplinary Studies.\" \/>\n<meta name=\"robots\" content=\"index, follow, max-snippet:-1, max-image-preview:large, max-video-preview:-1\" \/>\n<link rel=\"canonical\" href=\"https:\/\/gcas.ie\/de\/ba-faculty\/\" \/>\n<meta property=\"og:locale\" content=\"de_DE\" \/>\n<meta property=\"og:type\" content=\"article\" \/>\n<meta property=\"og:title\" content=\"GCAS BA in Interdisciplinary Studies Faculty\" \/>\n<meta property=\"og:description\" content=\"Meet interdisciplinary, global faculty of scholars, researchers, and practitioners leading the GCAS BA in Interdisciplinary Studies.\" \/>\n<meta property=\"og:url\" content=\"https:\/\/gcas.ie\/de\/ba-faculty\/\" \/>\n<meta property=\"og:site_name\" content=\"The Global Centre for Advanced Studies\" \/>\n<meta property=\"article:publisher\" content=\"https:\/\/www.facebook.com\/globalcenterforadvancedstudies\/\" \/>\n<meta property=\"article:modified_time\" content=\"2026-02-28T18:50:10+00:00\" \/>\n<meta property=\"og:image\" content=\"https:\/\/i0.wp.com\/gcas.ie\/wp-content\/uploads\/2025\/12\/social-share-website.png?fit=1200%2C675&ssl=1\" \/>\n\t<meta property=\"og:image:width\" content=\"1200\" \/>\n\t<meta property=\"og:image:height\" content=\"675\" \/>\n\t<meta property=\"og:image:type\" content=\"image\/png\" \/>\n<meta name=\"twitter:card\" content=\"summary_large_image\" \/>\n<script type=\"application\/ld+json\" class=\"yoast-schema-graph\">{\"@context\":\"https:\/\/schema.org\",\"@graph\":[{\"@type\":\"WebPage\",\"@id\":\"https:\/\/gcas.ie\/ba-faculty\/\",\"url\":\"https:\/\/gcas.ie\/ba-faculty\/\",\"name\":\"GCAS BA in Interdisciplinary Studies Faculty - The Global Centre for Advanced Studies\",\"isPartOf\":{\"@id\":\"https:\/\/gcas.ie\/#website\"},\"datePublished\":\"2025-12-11T12:16:45+00:00\",\"dateModified\":\"2026-02-28T18:50:10+00:00\",\"description\":\"Meet interdisciplinary, global faculty of scholars, researchers, and practitioners leading the GCAS BA in Interdisciplinary Studies.\",\"breadcrumb\":{\"@id\":\"https:\/\/gcas.ie\/ba-faculty\/#breadcrumb\"},\"inLanguage\":\"de\",\"potentialAction\":[{\"@type\":\"ReadAction\",\"target\":[\"https:\/\/gcas.ie\/ba-faculty\/\"]}]},{\"@type\":\"BreadcrumbList\",\"@id\":\"https:\/\/gcas.ie\/ba-faculty\/#breadcrumb\",\"itemListElement\":[{\"@type\":\"ListItem\",\"position\":1,\"name\":\"Home\",\"item\":\"https:\/\/gcas.ie\/\"},{\"@type\":\"ListItem\",\"position\":2,\"name\":\"GCAS BA in Interdisciplinary Studies Faculty\"}]},{\"@type\":\"WebSite\",\"@id\":\"https:\/\/gcas.ie\/#website\",\"url\":\"https:\/\/gcas.ie\/\",\"name\":\"The Global Centre for Advanced Studies\",\"description\":\"The World\u2019s First, Global Debt-Free, Accredited College Owned by Faculty and Graduates.\",\"publisher\":{\"@id\":\"https:\/\/gcas.ie\/#organization\"},\"alternateName\":\"GCAS College\",\"potentialAction\":[{\"@type\":\"SearchAction\",\"target\":{\"@type\":\"EntryPoint\",\"urlTemplate\":\"https:\/\/gcas.ie\/?s={search_term_string}\"},\"query-input\":{\"@type\":\"PropertyValueSpecification\",\"valueRequired\":true,\"valueName\":\"search_term_string\"}}],\"inLanguage\":\"de\"},{\"@type\":\"Organization\",\"@id\":\"https:\/\/gcas.ie\/#organization\",\"name\":\"The Global Centre for Advanced Studies\",\"alternateName\":\"GCAS\",\"url\":\"https:\/\/gcas.ie\/\",\"logo\":{\"@type\":\"ImageObject\",\"inLanguage\":\"de\",\"@id\":\"https:\/\/gcas.ie\/#\/schema\/logo\/image\/\",\"url\":\"https:\/\/i0.wp.com\/gcas.ie\/wp-content\/uploads\/2025\/12\/Untitled-design-2.png?fit=1080%2C1080&ssl=1\",\"contentUrl\":\"https:\/\/i0.wp.com\/gcas.ie\/wp-content\/uploads\/2025\/12\/Untitled-design-2.png?fit=1080%2C1080&ssl=1\",\"width\":1080,\"height\":1080,\"caption\":\"The Global Centre for Advanced Studies\"},\"image\":{\"@id\":\"https:\/\/gcas.ie\/#\/schema\/logo\/image\/\"},\"sameAs\":[\"https:\/\/www.facebook.com\/globalcenterforadvancedstudies\/\",\"https:\/\/www.instagram.com\/gcas.ie\/\",\"https:\/\/www.linkedin.com\/school\/the-global-center-for-advanced-studies\/?viewAsMember=true\"],\"description\":\"GCAS College Dublin is the world's first debt-free, EU-accredited online college, offering cooperatively owned BA, MA, and PhD degrees in philosophy, psychoanalysis, theology, social sciences, law, and natural sciences to students in 80+ countries.\",\"email\":\"contact@gcas.ie\",\"telephone\":\"+353 87 754 1417\",\"legalName\":\"GCAS College Dublin, LTD\",\"foundingDate\":\"2013-08-22\",\"numberOfEmployees\":{\"@type\":\"QuantitativeValue\",\"minValue\":\"11\",\"maxValue\":\"50\"}}]}<\/script>\n<!-- \/ Yoast SEO Premium plugin. -->","yoast_head_json":{"title":"GCAS BA in Interdisciplinary Studies Faculty - The Global Centre for Advanced Studies","description":"Meet interdisciplinary, global faculty of scholars, researchers, and practitioners leading the GCAS BA in Interdisciplinary Studies.","robots":{"index":"index","follow":"follow","max-snippet":"max-snippet:-1","max-image-preview":"max-image-preview:large","max-video-preview":"max-video-preview:-1"},"canonical":"https:\/\/gcas.ie\/de\/ba-faculty\/","og_locale":"de_DE","og_type":"article","og_title":"GCAS BA in Interdisciplinary Studies Faculty","og_description":"Meet interdisciplinary, global faculty of scholars, researchers, and practitioners leading the GCAS BA in Interdisciplinary Studies.","og_url":"https:\/\/gcas.ie\/de\/ba-faculty\/","og_site_name":"The Global Centre for Advanced Studies","article_publisher":"https:\/\/www.facebook.com\/globalcenterforadvancedstudies\/","article_modified_time":"2026-02-28T18:50:10+00:00","og_image":[{"width":1200,"height":675,"url":"https:\/\/i0.wp.com\/gcas.ie\/wp-content\/uploads\/2025\/12\/social-share-website.png?fit=1200%2C675&ssl=1","type":"image\/png"}],"twitter_card":"summary_large_image","schema":{"@context":"https:\/\/schema.org","@graph":[{"@type":"WebPage","@id":"https:\/\/gcas.ie\/ba-faculty\/","url":"https:\/\/gcas.ie\/ba-faculty\/","name":"GCAS BA in Interdisciplinary Studies Faculty - The Global Centre for Advanced Studies","isPartOf":{"@id":"https:\/\/gcas.ie\/#website"},"datePublished":"2025-12-11T12:16:45+00:00","dateModified":"2026-02-28T18:50:10+00:00","description":"Meet interdisciplinary, global faculty of scholars, researchers, and practitioners leading the GCAS BA in Interdisciplinary Studies.","breadcrumb":{"@id":"https:\/\/gcas.ie\/ba-faculty\/#breadcrumb"},"inLanguage":"de","potentialAction":[{"@type":"ReadAction","target":["https:\/\/gcas.ie\/ba-faculty\/"]}]},{"@type":"BreadcrumbList","@id":"https:\/\/gcas.ie\/ba-faculty\/#breadcrumb","itemListElement":[{"@type":"ListItem","position":1,"name":"Home","item":"https:\/\/gcas.ie\/"},{"@type":"ListItem","position":2,"name":"GCAS BA in Interdisciplinary Studies Faculty"}]},{"@type":"WebSite","@id":"https:\/\/gcas.ie\/#website","url":"https:\/\/gcas.ie\/","name":"The Global Centre for Advanced Studies","description":"Die erste schuldenfreie, akkreditierte Hochschule der Welt, die im Besitz der Fakult\u00e4t und der Absolventen ist.","publisher":{"@id":"https:\/\/gcas.ie\/#organization"},"alternateName":"GCAS College","potentialAction":[{"@type":"SearchAction","target":{"@type":"EntryPoint","urlTemplate":"https:\/\/gcas.ie\/?s={search_term_string}"},"query-input":{"@type":"PropertyValueSpecification","valueRequired":true,"valueName":"search_term_string"}}],"inLanguage":"de"},{"@type":"Organization","@id":"https:\/\/gcas.ie\/#organization","name":"The Global Centre for Advanced Studies","alternateName":"GCAS","url":"https:\/\/gcas.ie\/","logo":{"@type":"ImageObject","inLanguage":"de","@id":"https:\/\/gcas.ie\/#\/schema\/logo\/image\/","url":"https:\/\/i0.wp.com\/gcas.ie\/wp-content\/uploads\/2025\/12\/Untitled-design-2.png?fit=1080%2C1080&ssl=1","contentUrl":"https:\/\/i0.wp.com\/gcas.ie\/wp-content\/uploads\/2025\/12\/Untitled-design-2.png?fit=1080%2C1080&ssl=1","width":1080,"height":1080,"caption":"The Global Centre for Advanced Studies"},"image":{"@id":"https:\/\/gcas.ie\/#\/schema\/logo\/image\/"},"sameAs":["https:\/\/www.facebook.com\/globalcenterforadvancedstudies\/","https:\/\/www.instagram.com\/gcas.ie\/","https:\/\/www.linkedin.com\/school\/the-global-center-for-advanced-studies\/?viewAsMember=true"],"description":"GCAS College Dublin is the world's first debt-free, EU-accredited online college, offering cooperatively owned BA, MA, and PhD degrees in philosophy, psychoanalysis, theology, social sciences, law, and natural sciences to students in 80+ countries.","email":"contact@gcas.ie","telephone":"+353 87 754 1417","legalName":"GCAS College Dublin, LTD","foundingDate":"2013-08-22","numberOfEmployees":{"@type":"QuantitativeValue","minValue":"11","maxValue":"50"}}]}},"jetpack_likes_enabled":true,"jetpack_sharing_enabled":true,"jetpack_shortlink":"https:\/\/wp.me\/PesgkL-3i","jetpack-related-posts":[{"id":43,"url":"https:\/\/gcas.ie\/de\/bachelor-of-arts\/","url_meta":{"origin":204,"position":0},"title":"BA in interdisziplin\u00e4ren Studien","author":"crestondavis","date":"Dezember 9, 2025","format":false,"excerpt":"","rel":"","context":"\u00c4hnlicher Beitrag","block_context":{"text":"\u00c4hnlicher Beitrag","link":""},"img":{"alt_text":"","src":"https:\/\/i0.wp.com\/gcas.ie\/wp-content\/uploads\/2025\/12\/IMG_1935-1-rotated.jpeg?fit=900%2C1200&ssl=1&resize=350%2C200","width":350,"height":200,"srcset":"https:\/\/i0.wp.com\/gcas.ie\/wp-content\/uploads\/2025\/12\/IMG_1935-1-rotated.jpeg?fit=900%2C1200&ssl=1&resize=350%2C200 1x, https:\/\/i0.wp.com\/gcas.ie\/wp-content\/uploads\/2025\/12\/IMG_1935-1-rotated.jpeg?fit=900%2C1200&ssl=1&resize=525%2C300 1.5x, https:\/\/i0.wp.com\/gcas.ie\/wp-content\/uploads\/2025\/12\/IMG_1935-1-rotated.jpeg?fit=900%2C1200&ssl=1&resize=700%2C400 2x"},"classes":[]},{"id":2234,"url":"https:\/\/gcas.ie\/de\/the-gcas-difference\/","url_meta":{"origin":204,"position":1},"title":"Warum GCAS w\u00e4hlen","author":"crestondavis","date":"Dezember 29, 2025","format":false,"excerpt":"The GCAS Difference The GCAS Difference A debt-free, co-owned, globally networked model of higher education\u2014built for serious study, original research, and public-facing intellectual life. GCAS was created in direct opposition to the dominant \"debt university\" model\u2014an increasingly financialized system that treats students as revenue streams, turns learning into a product,\u2026","rel":"","context":"\u00c4hnlicher Beitrag","block_context":{"text":"\u00c4hnlicher Beitrag","link":""},"img":{"alt_text":"","src":"","width":0,"height":0},"classes":[]},{"id":2788,"url":"https:\/\/gcas.ie\/de\/become-a-gcas-researcher\/","url_meta":{"origin":204,"position":2},"title":"Werden Sie ein GCAS-Forscher","author":"crestondavis","date":"Januar 3, 2026","format":false,"excerpt":"Become a GCAS Researcher Join a Global Community of Critical Thinkers The Global Center for Advanced Studies invites scholars, intellectuals, and independent researchers to join our worldwide network of critical thinkers. As a GCAS Researcher, you become part of a vibrant academic community dedicated to rigorous inquiry, interdisciplinary collaboration, and\u2026","rel":"","context":"\u00c4hnlicher Beitrag","block_context":{"text":"\u00c4hnlicher Beitrag","link":""},"img":{"alt_text":"","src":"","width":0,"height":0},"classes":[]},{"id":901,"url":"https:\/\/gcas.ie\/de\/faculty\/","url_meta":{"origin":204,"position":3},"title":"GCAS Faculty","author":"crestondavis","date":"Dezember 21, 2025","format":false,"excerpt":"","rel":"","context":"\u00c4hnlicher Beitrag","block_context":{"text":"\u00c4hnlicher Beitrag","link":""},"img":{"alt_text":"","src":"","width":0,"height":0},"classes":[]},{"id":909,"url":"https:\/\/gcas.ie\/de\/the-faculty\/","url_meta":{"origin":204,"position":4},"title":"Die Fakult\u00e4t","author":"crestondavis","date":"Dezember 21, 2025","format":false,"excerpt":"","rel":"","context":"\u00c4hnlicher Beitrag","block_context":{"text":"\u00c4hnlicher Beitrag","link":""},"img":{"alt_text":"","src":"","width":0,"height":0},"classes":[]},{"id":2281,"url":"https:\/\/gcas.ie\/de\/interview-ba\/","url_meta":{"origin":204,"position":5},"title":"Interview BA","author":"crestondavis","date":"Dezember 30, 2025","format":false,"excerpt":"Thank you for applying to the BA program at GCAS. To complete the next step in your application, please schedule an admissions conversation with one of our faculty members below. Dr. Jamie Davies, PhD Lecturer in Literature and Philosophy at GCAS Schedule with Jamie Dr. Filippo Scafi, PhD Lecturer in\u2026","rel":"","context":"\u00c4hnlicher Beitrag","block_context":{"text":"\u00c4hnlicher Beitrag","link":""},"img":{"alt_text":"","src":"https:\/\/i0.wp.com\/gcas.ie\/wp-content\/uploads\/2025\/12\/BA-Interview-Page-Feature.png?fit=1200%2C630&ssl=1&resize=350%2C200","width":350,"height":200,"srcset":"https:\/\/i0.wp.com\/gcas.ie\/wp-content\/uploads\/2025\/12\/BA-Interview-Page-Feature.png?fit=1200%2C630&ssl=1&resize=350%2C200 1x, https:\/\/i0.wp.com\/gcas.ie\/wp-content\/uploads\/2025\/12\/BA-Interview-Page-Feature.png?fit=1200%2C630&ssl=1&resize=525%2C300 1.5x, https:\/\/i0.wp.com\/gcas.ie\/wp-content\/uploads\/2025\/12\/BA-Interview-Page-Feature.png?fit=1200%2C630&ssl=1&resize=700%2C400 2x, https:\/\/i0.wp.com\/gcas.ie\/wp-content\/uploads\/2025\/12\/BA-Interview-Page-Feature.png?fit=1200%2C630&ssl=1&resize=1050%2C600 3x"},"classes":[]}],"_links":{"self":[{"href":"https:\/\/gcas.ie\/de\/wp-json\/wp\/v2\/pages\/204","targetHints":{"allow":["GET"]}}],"collection":[{"href":"https:\/\/gcas.ie\/de\/wp-json\/wp\/v2\/pages"}],"about":[{"href":"https:\/\/gcas.ie\/de\/wp-json\/wp\/v2\/types\/page"}],"author":[{"embeddable":true,"href":"https:\/\/gcas.ie\/de\/wp-json\/wp\/v2\/users\/8678545"}],"replies":[{"embeddable":true,"href":"https:\/\/gcas.ie\/de\/wp-json\/wp\/v2\/comments?post=204"}],"version-history":[{"count":3,"href":"https:\/\/gcas.ie\/de\/wp-json\/wp\/v2\/pages\/204\/revisions"}],"predecessor-version":[{"id":3521,"href":"https:\/\/gcas.ie\/de\/wp-json\/wp\/v2\/pages\/204\/revisions\/3521"}],"wp:attachment":[{"href":"https:\/\/gcas.ie\/de\/wp-json\/wp\/v2\/media?parent=204"}],"curies":[{"name":"wp","href":"https:\/\/api.w.org\/{rel}","templated":true}]}}