{"id":581,"date":"2025-12-15T08:56:42","date_gmt":"2025-12-15T08:56:42","guid":{"rendered":"https:\/\/gcas.ie\/phd-supervisors\/"},"modified":"2026-02-14T19:30:56","modified_gmt":"2026-02-14T19:30:56","slug":"phd-supervisors","status":"publish","type":"page","link":"https:\/\/gcas.ie\/ar\/phd-supervisors\/","title":{"rendered":"\u0627\u0644\u0645\u0634\u0631\u0641\u0648\u0646 \u0639\u0644\u0649 \u0628\u0631\u0646\u0627\u0645\u062c GCAS \u0644\u0644\u062f\u0643\u062a\u0648\u0631\u0627\u0647"},"content":{"rendered":"<h2 style=\"text-align: center;\">\u0627\u0644\u0645\u0634\u0631\u0641\u0648\u0646 \u0639\u0644\u0649 \u0628\u0631\u0646\u0627\u0645\u062c GCAS \u0644\u0644\u062f\u0643\u062a\u0648\u0631\u0627\u0647<\/h2>\n<p>One of the most distinctive features of the GCAS Ph.D. program is the freedom it offers students to design their own research trajectory and methodological approach. Unlike many traditional doctoral programs\u2014where students are often assigned a supervisor and implicitly (if not explicitly) expected to align with that professor&#8217;s existing research agenda\u2014GCAS places your intellectual vision at the center of the process.<\/p>\n<p>At GCAS, you begin by developing a comprehensive literature review and clarifying your research focus. From there, we work collaboratively with you to identify the most suitable expert in the world to supervise your project\u2014someone who aligns with your topic, not the other way around.<\/p>\n<p>This model allows for genuinely original scholarship to emerge. It avoids the stagnation that can arise when doctoral work is shaped primarily around institutional hierarchies or faculty egos. At GCAS, research moves forward, rather than circulating around established academic silos.<\/p>\n<p>The supervisors listed below represent just a small sample of the exceptional possibilities available to GCAS doctoral researchers.<\/p>\n\n\n\n<!-- Elfsight Team Showcase | PhD Supervisors -->\n<script src=\"https:\/\/elfsightcdn.com\/platform.js\" async><\/script>\n<div class=\"elfsight-app-054a7d4f-dc77-4690-aadf-cc4857f25ed4\" data-elfsight-app-lazy><\/div>","protected":false},"excerpt":{"rendered":"<p>GCAS PhD Supervisors One of the most distinctive features of the GCAS Ph.D. program is the freedom it offers students to design their own research trajectory and methodological approach. Unlike many traditional doctoral programs\u2014where students are often assigned a supervisor and implicitly (if not explicitly) expected to align with that professor&#8217;s existing research agenda\u2014GCAS places [&hellip;]<\/p>\n","protected":false},"author":229715834,"featured_media":0,"parent":0,"menu_order":0,"comment_status":"closed","ping_status":"closed","template":"","meta":{"_crdt_document":"","publish_to_discourse":"","publish_post_category":"","wpdc_auto_publish_overridden":"","wpdc_topic_tags":"","wpdc_pin_topic":"","wpdc_pin_until":"","discourse_post_id":"","discourse_permalink":"","wpdc_publishing_response":"","wpdc_publishing_error":"","jetpack_post_was_ever_published":false,"footnotes":""},"class_list":["post-581","page","type-page","status-publish","hentry"],"yoast_head":"<!-- This site is optimized with the Yoast SEO Premium plugin v27.2 (Yoast SEO v27.2) - https:\/\/yoast.com\/product\/yoast-seo-premium-wordpress\/ -->\n<title>GCAS GCAS PhD Supervisors - The Global Centre for Advanced Studies<\/title>\n<meta name=\"description\" content=\"Explore GCAS PhD supervisors and their research areas. Find the right mentor for your doctoral work in humanities or sciences.\" \/>\n<meta name=\"robots\" content=\"index, follow, max-snippet:-1, max-image-preview:large, max-video-preview:-1\" \/>\n<link rel=\"canonical\" href=\"https:\/\/gcas.ie\/ar\/phd-supervisors\/\" \/>\n<meta property=\"og:locale\" content=\"ar_AR\" \/>\n<meta property=\"og:type\" content=\"article\" \/>\n<meta property=\"og:title\" content=\"GCAS PhD Supervisors\" \/>\n<meta property=\"og:description\" content=\"Explore GCAS PhD supervisors and their research areas. Find the right mentor for your doctoral work in humanities or sciences.\" \/>\n<meta property=\"og:url\" content=\"https:\/\/gcas.ie\/ar\/phd-supervisors\/\" \/>\n<meta property=\"og:site_name\" content=\"The Global Centre for Advanced Studies\" \/>\n<meta property=\"article:publisher\" content=\"https:\/\/www.facebook.com\/globalcenterforadvancedstudies\/\" \/>\n<meta property=\"article:modified_time\" content=\"2026-02-14T19:30:56+00:00\" \/>\n<meta property=\"og:image\" content=\"https:\/\/i0.wp.com\/gcas.ie\/wp-content\/uploads\/2025\/12\/social-share-website.png?fit=1200%2C675&ssl=1\" \/>\n\t<meta property=\"og:image:width\" content=\"1200\" \/>\n\t<meta property=\"og:image:height\" content=\"675\" \/>\n\t<meta property=\"og:image:type\" content=\"image\/png\" \/>\n<meta name=\"twitter:card\" content=\"summary_large_image\" \/>\n<meta name=\"twitter:label1\" content=\"\u0648\u0642\u062a \u0627\u0644\u0642\u0631\u0627\u0621\u0629 \u0627\u0644\u0645\u064f\u0642\u062f\u0651\u0631\" \/>\n\t<meta name=\"twitter:data1\" content=\"\u062f\u0642\u064a\u0642\u0629 \u0648\u0627\u062d\u062f\u0629\" \/>\n<script type=\"application\/ld+json\" class=\"yoast-schema-graph\">{\"@context\":\"https:\/\/schema.org\",\"@graph\":[{\"@type\":\"WebPage\",\"@id\":\"https:\/\/gcas.ie\/phd-supervisors\/\",\"url\":\"https:\/\/gcas.ie\/phd-supervisors\/\",\"name\":\"GCAS GCAS PhD Supervisors - The Global Centre for Advanced Studies\",\"isPartOf\":{\"@id\":\"https:\/\/gcas.ie\/#website\"},\"datePublished\":\"2025-12-15T08:56:42+00:00\",\"dateModified\":\"2026-02-14T19:30:56+00:00\",\"description\":\"Explore GCAS PhD supervisors and their research areas. Find the right mentor for your doctoral work in humanities or sciences.\",\"breadcrumb\":{\"@id\":\"https:\/\/gcas.ie\/phd-supervisors\/#breadcrumb\"},\"inLanguage\":\"ar\",\"potentialAction\":[{\"@type\":\"ReadAction\",\"target\":[\"https:\/\/gcas.ie\/phd-supervisors\/\"]}]},{\"@type\":\"BreadcrumbList\",\"@id\":\"https:\/\/gcas.ie\/phd-supervisors\/#breadcrumb\",\"itemListElement\":[{\"@type\":\"ListItem\",\"position\":1,\"name\":\"Home\",\"item\":\"https:\/\/gcas.ie\/\"},{\"@type\":\"ListItem\",\"position\":2,\"name\":\"GCAS PhD Supervisors\"}]},{\"@type\":\"WebSite\",\"@id\":\"https:\/\/gcas.ie\/#website\",\"url\":\"https:\/\/gcas.ie\/\",\"name\":\"The Global Centre for Advanced Studies\",\"description\":\"The World\u2019s First, Global Debt-Free, Accredited College Owned by Faculty and Graduates.\",\"publisher\":{\"@id\":\"https:\/\/gcas.ie\/#organization\"},\"alternateName\":\"GCAS College\",\"potentialAction\":[{\"@type\":\"SearchAction\",\"target\":{\"@type\":\"EntryPoint\",\"urlTemplate\":\"https:\/\/gcas.ie\/?s={search_term_string}\"},\"query-input\":{\"@type\":\"PropertyValueSpecification\",\"valueRequired\":true,\"valueName\":\"search_term_string\"}}],\"inLanguage\":\"ar\"},{\"@type\":\"Organization\",\"@id\":\"https:\/\/gcas.ie\/#organization\",\"name\":\"The Global Centre for Advanced Studies\",\"alternateName\":\"GCAS\",\"url\":\"https:\/\/gcas.ie\/\",\"logo\":{\"@type\":\"ImageObject\",\"inLanguage\":\"ar\",\"@id\":\"https:\/\/gcas.ie\/#\/schema\/logo\/image\/\",\"url\":\"https:\/\/i0.wp.com\/gcas.ie\/wp-content\/uploads\/2025\/12\/Untitled-design-2.png?fit=1080%2C1080&ssl=1\",\"contentUrl\":\"https:\/\/i0.wp.com\/gcas.ie\/wp-content\/uploads\/2025\/12\/Untitled-design-2.png?fit=1080%2C1080&ssl=1\",\"width\":1080,\"height\":1080,\"caption\":\"The Global Centre for Advanced Studies\"},\"image\":{\"@id\":\"https:\/\/gcas.ie\/#\/schema\/logo\/image\/\"},\"sameAs\":[\"https:\/\/www.facebook.com\/globalcenterforadvancedstudies\/\",\"https:\/\/www.instagram.com\/gcas.ie\/\",\"https:\/\/www.linkedin.com\/school\/the-global-center-for-advanced-studies\/?viewAsMember=true\"],\"description\":\"GCAS College Dublin is the world's first debt-free, EU-accredited online college, offering cooperatively owned BA, MA, and PhD degrees in philosophy, psychoanalysis, theology, social sciences, law, and natural sciences to students in 80+ countries.\",\"email\":\"contact@gcas.ie\",\"telephone\":\"+353 87 754 1417\",\"legalName\":\"GCAS College Dublin, LTD\",\"foundingDate\":\"2013-08-22\",\"numberOfEmployees\":{\"@type\":\"QuantitativeValue\",\"minValue\":\"11\",\"maxValue\":\"50\"}}]}<\/script>\n<!-- \/ Yoast SEO Premium plugin. -->","yoast_head_json":{"title":"GCAS GCAS PhD Supervisors - The Global Centre for Advanced Studies","description":"Explore GCAS PhD supervisors and their research areas. Find the right mentor for your doctoral work in humanities or sciences.","robots":{"index":"index","follow":"follow","max-snippet":"max-snippet:-1","max-image-preview":"max-image-preview:large","max-video-preview":"max-video-preview:-1"},"canonical":"https:\/\/gcas.ie\/ar\/phd-supervisors\/","og_locale":"ar_AR","og_type":"article","og_title":"GCAS PhD Supervisors","og_description":"Explore GCAS PhD supervisors and their research areas. Find the right mentor for your doctoral work in humanities or sciences.","og_url":"https:\/\/gcas.ie\/ar\/phd-supervisors\/","og_site_name":"The Global Centre for Advanced Studies","article_publisher":"https:\/\/www.facebook.com\/globalcenterforadvancedstudies\/","article_modified_time":"2026-02-14T19:30:56+00:00","og_image":[{"width":1200,"height":675,"url":"https:\/\/i0.wp.com\/gcas.ie\/wp-content\/uploads\/2025\/12\/social-share-website.png?fit=1200%2C675&ssl=1","type":"image\/png"}],"twitter_card":"summary_large_image","twitter_misc":{"\u0648\u0642\u062a \u0627\u0644\u0642\u0631\u0627\u0621\u0629 \u0627\u0644\u0645\u064f\u0642\u062f\u0651\u0631":"\u062f\u0642\u064a\u0642\u0629 \u0648\u0627\u062d\u062f\u0629"},"schema":{"@context":"https:\/\/schema.org","@graph":[{"@type":"WebPage","@id":"https:\/\/gcas.ie\/phd-supervisors\/","url":"https:\/\/gcas.ie\/phd-supervisors\/","name":"GCAS GCAS PhD Supervisors - The Global Centre for Advanced Studies","isPartOf":{"@id":"https:\/\/gcas.ie\/#website"},"datePublished":"2025-12-15T08:56:42+00:00","dateModified":"2026-02-14T19:30:56+00:00","description":"Explore GCAS PhD supervisors and their research areas. Find the right mentor for your doctoral work in humanities or sciences.","breadcrumb":{"@id":"https:\/\/gcas.ie\/phd-supervisors\/#breadcrumb"},"inLanguage":"ar","potentialAction":[{"@type":"ReadAction","target":["https:\/\/gcas.ie\/phd-supervisors\/"]}]},{"@type":"BreadcrumbList","@id":"https:\/\/gcas.ie\/phd-supervisors\/#breadcrumb","itemListElement":[{"@type":"ListItem","position":1,"name":"Home","item":"https:\/\/gcas.ie\/"},{"@type":"ListItem","position":2,"name":"GCAS PhD Supervisors"}]},{"@type":"WebSite","@id":"https:\/\/gcas.ie\/#website","url":"https:\/\/gcas.ie\/","name":"The Global Centre for Advanced Studies","description":"\u0623\u0648\u0644 \u0643\u0644\u064a\u0629 \u0645\u0639\u062a\u0645\u062f\u0629 \u0641\u064a \u0627\u0644\u0639\u0627\u0644\u0645 \u062e\u0627\u0644\u064a\u0629 \u0645\u0646 \u0627\u0644\u062f\u064a\u0648\u0646 \u0648\u0645\u0639\u062a\u0645\u062f\u0629 \u0645\u0646 \u0642\u0628\u0644 \u0623\u0639\u0636\u0627\u0621 \u0647\u064a\u0626\u0629 \u0627\u0644\u062a\u062f\u0631\u064a\u0633 \u0648\u0627\u0644\u062e\u0631\u064a\u062c\u064a\u0646.","publisher":{"@id":"https:\/\/gcas.ie\/#organization"},"alternateName":"GCAS College","potentialAction":[{"@type":"SearchAction","target":{"@type":"EntryPoint","urlTemplate":"https:\/\/gcas.ie\/?s={search_term_string}"},"query-input":{"@type":"PropertyValueSpecification","valueRequired":true,"valueName":"search_term_string"}}],"inLanguage":"ar"},{"@type":"Organization","@id":"https:\/\/gcas.ie\/#organization","name":"The Global Centre for Advanced Studies","alternateName":"GCAS","url":"https:\/\/gcas.ie\/","logo":{"@type":"ImageObject","inLanguage":"ar","@id":"https:\/\/gcas.ie\/#\/schema\/logo\/image\/","url":"https:\/\/i0.wp.com\/gcas.ie\/wp-content\/uploads\/2025\/12\/Untitled-design-2.png?fit=1080%2C1080&ssl=1","contentUrl":"https:\/\/i0.wp.com\/gcas.ie\/wp-content\/uploads\/2025\/12\/Untitled-design-2.png?fit=1080%2C1080&ssl=1","width":1080,"height":1080,"caption":"The Global Centre for Advanced Studies"},"image":{"@id":"https:\/\/gcas.ie\/#\/schema\/logo\/image\/"},"sameAs":["https:\/\/www.facebook.com\/globalcenterforadvancedstudies\/","https:\/\/www.instagram.com\/gcas.ie\/","https:\/\/www.linkedin.com\/school\/the-global-center-for-advanced-studies\/?viewAsMember=true"],"description":"GCAS College Dublin is the world's first debt-free, EU-accredited online college, offering cooperatively owned BA, MA, and PhD degrees in philosophy, psychoanalysis, theology, social sciences, law, and natural sciences to students in 80+ countries.","email":"contact@gcas.ie","telephone":"+353 87 754 1417","legalName":"GCAS College Dublin, LTD","foundingDate":"2013-08-22","numberOfEmployees":{"@type":"QuantitativeValue","minValue":"11","maxValue":"50"}}]}},"jetpack_likes_enabled":true,"jetpack_sharing_enabled":true,"jetpack_shortlink":"https:\/\/wp.me\/PesgkL-9n","jetpack-related-posts":[{"id":822,"url":"https:\/\/gcas.ie\/ar\/phd-humanities-and-social-sciences\/","url_meta":{"origin":581,"position":0},"title":"\u062f\u0643\u062a\u0648\u0631\u0627\u0647 \u0627\u0644\u0639\u0644\u0648\u0645 \u0627\u0644\u0625\u0646\u0633\u0627\u0646\u064a\u0629 \u0648\u0627\u0644\u0627\u062c\u062a\u0645\u0627\u0639\u064a\u0629","author":"crestondavis","date":"\u062f\u064a\u0633\u0645\u0628\u0631 19, 2025","format":false,"excerpt":"PhD Humanities and Social Sciences Rigorous, Independent Doctoral Research for a New Era 100% Online \u2022 Research-Only \u2022 Debt-Free \u2022 3-Year Program The GCAS PhD Program in the Humanities and Social Sciences is built on a simple but radical conviction: that rigorous, independent doctoral research matters more now than ever\u2014and\u2026","rel":"","context":"\u062a\u062f\u0648\u064a\u0646\u0629 \u0645\u0634\u0627\u0628\u0647\u0629","block_context":{"text":"\u062a\u062f\u0648\u064a\u0646\u0629 \u0645\u0634\u0627\u0628\u0647\u0629","link":""},"img":{"alt_text":"","src":"https:\/\/i0.wp.com\/gcas.ie\/wp-content\/uploads\/2025\/12\/IMG_1732-1-rotated.jpeg?fit=900%2C1200&ssl=1&resize=350%2C200","width":350,"height":200,"srcset":"https:\/\/i0.wp.com\/gcas.ie\/wp-content\/uploads\/2025\/12\/IMG_1732-1-rotated.jpeg?fit=900%2C1200&ssl=1&resize=350%2C200 1x, https:\/\/i0.wp.com\/gcas.ie\/wp-content\/uploads\/2025\/12\/IMG_1732-1-rotated.jpeg?fit=900%2C1200&ssl=1&resize=525%2C300 1.5x, https:\/\/i0.wp.com\/gcas.ie\/wp-content\/uploads\/2025\/12\/IMG_1732-1-rotated.jpeg?fit=900%2C1200&ssl=1&resize=700%2C400 2x"},"classes":[]},{"id":2940,"url":"https:\/\/gcas.ie\/ar\/phd-supervisor-dashboard\/","url_meta":{"origin":581,"position":1},"title":"PhD Supervisor Dashboard","author":"crestondavis","date":"\u064a\u0646\u0627\u064a\u0631 6, 2026","format":false,"excerpt":"","rel":"","context":"\u062a\u062f\u0648\u064a\u0646\u0629 \u0645\u0634\u0627\u0628\u0647\u0629","block_context":{"text":"\u062a\u062f\u0648\u064a\u0646\u0629 \u0645\u0634\u0627\u0628\u0647\u0629","link":""},"img":{"alt_text":"","src":"","width":0,"height":0},"classes":[]},{"id":645,"url":"https:\/\/gcas.ie\/ar\/extra-fees\/","url_meta":{"origin":581,"position":2},"title":"Additional Fees and Supervision Policy","author":"Creston Davis","date":"\u062f\u064a\u0633\u0645\u0628\u0631 15, 2025","format":false,"excerpt":"Stay on Track, Stay Debt-Free Additional Fees & Supervision Policy Our programs are carefully designed so that\u2014by following the standard timeline to completion\u2014you can graduate without paying a single euro beyond your tuition. Our Debt-Free Promise At GCAS, our mission is simple yet powerful: provide world-class, accredited degrees without saddling\u2026","rel":"","context":"\u062a\u062f\u0648\u064a\u0646\u0629 \u0645\u0634\u0627\u0628\u0647\u0629","block_context":{"text":"\u062a\u062f\u0648\u064a\u0646\u0629 \u0645\u0634\u0627\u0628\u0647\u0629","link":""},"img":{"alt_text":"","src":"","width":0,"height":0},"classes":[]},{"id":242,"url":"https:\/\/gcas.ie\/ar\/handbook\/","url_meta":{"origin":581,"position":3},"title":"\u062f\u0644\u064a\u0644 \u0637\u0627\u0644\u0628 \u0627\u0644\u0645\u0631\u0643\u0632 \u0627\u0644\u0639\u0627\u0644\u0645\u064a \u0644\u062a\u0639\u0644\u064a\u0645 \u0627\u0644\u0637\u0644\u0627\u0628","author":"crestondavis","date":"\u062f\u064a\u0633\u0645\u0628\u0631 11, 2025","format":false,"excerpt":"\ud83c\uddea\ud83c\uddf8 Para la versi\u00f3n en espa\u00f1ol del manual de GCAS, haga clic aqu\u00ed. (Spanish version) GCAS College Dublin - Student Handbook 2025 GCAS College Dublin The Global Centre for Advanced Studies Student Handbook 2025 Read the Entire Handbook Address: 38\/39 Fitzwilliam Square, Dublin 2, Ireland Phone: +353 87 754 1417\u2026","rel":"","context":"\u062a\u062f\u0648\u064a\u0646\u0629 \u0645\u0634\u0627\u0628\u0647\u0629","block_context":{"text":"\u062a\u062f\u0648\u064a\u0646\u0629 \u0645\u0634\u0627\u0628\u0647\u0629","link":""},"img":{"alt_text":"","src":"","width":0,"height":0},"classes":[]},{"id":3035,"url":"https:\/\/gcas.ie\/ar\/ma-philosophy-supervisor-dashboard\/","url_meta":{"origin":581,"position":4},"title":"MA Philosophy Supervisor Dashboard","author":"crestondavis","date":"\u064a\u0646\u0627\u064a\u0631 9, 2026","format":false,"excerpt":"","rel":"","context":"\u062a\u062f\u0648\u064a\u0646\u0629 \u0645\u0634\u0627\u0628\u0647\u0629","block_context":{"text":"\u062a\u062f\u0648\u064a\u0646\u0629 \u0645\u0634\u0627\u0628\u0647\u0629","link":""},"img":{"alt_text":"","src":"","width":0,"height":0},"classes":[]},{"id":2788,"url":"https:\/\/gcas.ie\/ar\/become-a-gcas-researcher\/","url_meta":{"origin":581,"position":5},"title":"\u0643\u0646 \u0628\u0627\u062d\u062b\u0627\u064b \u0641\u064a \u0645\u0631\u0643\u0632 \u0627\u0644\u062e\u0644\u064a\u062c \u0644\u0644\u0623\u0628\u062d\u0627\u062b","author":"crestondavis","date":"\u064a\u0646\u0627\u064a\u0631 3, 2026","format":false,"excerpt":"Become a GCAS Researcher Join a Global Community of Critical Thinkers The Global Center for Advanced Studies invites scholars, intellectuals, and independent researchers to join our worldwide network of critical thinkers. As a GCAS Researcher, you become part of a vibrant academic community dedicated to rigorous inquiry, interdisciplinary collaboration, and\u2026","rel":"","context":"\u062a\u062f\u0648\u064a\u0646\u0629 \u0645\u0634\u0627\u0628\u0647\u0629","block_context":{"text":"\u062a\u062f\u0648\u064a\u0646\u0629 \u0645\u0634\u0627\u0628\u0647\u0629","link":""},"img":{"alt_text":"","src":"","width":0,"height":0},"classes":[]}],"_links":{"self":[{"href":"https:\/\/gcas.ie\/ar\/wp-json\/wp\/v2\/pages\/581","targetHints":{"allow":["GET"]}}],"collection":[{"href":"https:\/\/gcas.ie\/ar\/wp-json\/wp\/v2\/pages"}],"about":[{"href":"https:\/\/gcas.ie\/ar\/wp-json\/wp\/v2\/types\/page"}],"author":[{"embeddable":true,"href":"https:\/\/gcas.ie\/ar\/wp-json\/wp\/v2\/users\/229715834"}],"replies":[{"embeddable":true,"href":"https:\/\/gcas.ie\/ar\/wp-json\/wp\/v2\/comments?post=581"}],"version-history":[{"count":9,"href":"https:\/\/gcas.ie\/ar\/wp-json\/wp\/v2\/pages\/581\/revisions"}],"predecessor-version":[{"id":3401,"href":"https:\/\/gcas.ie\/ar\/wp-json\/wp\/v2\/pages\/581\/revisions\/3401"}],"wp:attachment":[{"href":"https:\/\/gcas.ie\/ar\/wp-json\/wp\/v2\/media?parent=581"}],"curies":[{"name":"wp","href":"https:\/\/api.w.org\/{rel}","templated":true}]}}